{"id":134,"date":"2017-12-21T20:10:25","date_gmt":"2017-12-21T19:10:25","guid":{"rendered":"http:\/\/www2.droit.parisdescartes.fr\/master-JAI\/?page_id=134"},"modified":"2018-05-12T03:00:23","modified_gmt":"2018-05-12T01:00:23","slug":"darrois-villey-maillot-brochier","status":"publish","type":"page","link":"http:\/\/www2.droit.parisdescartes.fr\/master-JAI\/?page_id=134","title":{"rendered":"Darrois Villey Maillot Brochier"},"content":{"rendered":"<div class=\"row \"><div class=\"wpv-grid grid-1-1  wpv-first-level first unextended animation-from-left animated-active\" style=\"padding-top:0px;padding-bottom:0px\" id=\"wpv-column-a5c9e1dcf854cd57a0ead8261a000ba3\" ><div class=\"row \"><div class=\"wpv-grid grid-1-1  first unextended\" style=\"padding-top:0px;padding-bottom:0px\" id=\"wpv-column-fcb05ad60e4ca071555067930149a6d5\" ><div class=\"push\" style='height:50px'><\/div>\n<img decoding=\"async\" loading=\"lazy\" class=\"aligncenter size-full wp-image-854\" src=\"http:\/\/www2.droit.parisdescartes.fr\/master-JAI\/wp-content\/uploads\/2017\/12\/logo_ld_IWTJRCQ_Logo-1.png\" alt=\"\" width=\"700\" height=\"136\" srcset=\"http:\/\/www2.droit.parisdescartes.fr\/master-JAI\/wp-content\/uploads\/2017\/12\/logo_ld_IWTJRCQ_Logo-1.png 700w, http:\/\/www2.droit.parisdescartes.fr\/master-JAI\/wp-content\/uploads\/2017\/12\/logo_ld_IWTJRCQ_Logo-1-300x58.png 300w, http:\/\/www2.droit.parisdescartes.fr\/master-JAI\/wp-content\/uploads\/2017\/12\/logo_ld_IWTJRCQ_Logo-1-555x108.png 555w, http:\/\/www2.droit.parisdescartes.fr\/master-JAI\/wp-content\/uploads\/2017\/12\/logo_ld_IWTJRCQ_Logo-1-360x70.png 360w, http:\/\/www2.droit.parisdescartes.fr\/master-JAI\/wp-content\/uploads\/2017\/12\/logo_ld_IWTJRCQ_Logo-1-262x51.png 262w\" sizes=\"(max-width: 700px) 100vw, 700px\" \/><\/div><\/div>\n<div class=\"sep\"><\/div><\/div><\/div>\n<div class=\"row \"><div class=\"wpv-grid grid-1-1  wpv-first-level first unextended\" style=\"padding-top:0px;padding-bottom:0px\" id=\"wpv-column-3eb9c9fceb0c3ad54e22b986d301e693\" ><h3 style=\"text-align: center;\"><em>\u00ab\u00a0Ce qui a fait la force de Darrois Villey Maillot Brochier continuera \u00e0 la faire : son positionnement. Jean-Michel Darrois a \u00e9t\u00e9 l\u2019un des premiers avocats \u00e0 comprendre le r\u00f4le strat\u00e9gique des op\u00e9rations financi\u00e8res pour le d\u00e9veloppement de l\u2019activit\u00e9 des avocats d\u2019affaires. Il a forg\u00e9 le cabinet sur une expertise de pointe en corporate et en contentieux des affaires. Les dossiers sur lesquels il s\u2019est rapidement positionn\u00e9 et la renomm\u00e9e de sa client\u00e8le lui donnent raison. Le cabinet grossit en ne s\u2019\u00e9cartant jamais des sentiers r\u00e9serv\u00e9s aux meilleurs \u00bb<\/em><\/h3>\n<h4 style=\"text-align: right;\"><span style=\"color: #a6a6a6;\">\u2013 Darrois Villey Maillot Brochier, les affaires continuent !<br \/>\n\u2022 D\u00e9cideurs Magazine, 12 mars 2013<\/span><\/h4>\n<div class=\"push\" style='height:20px'><\/div><\/div><\/div>\n<div class=\"row \"><div class=\"wpv-grid grid-1-1  wpv-first-level first unextended animation-from-bottom animated-active\" style=\"padding-top:0px;padding-bottom:0px\" id=\"wpv-column-06dd551717f175209bcd33c0f92d649d\" ><div class=\"row \"><div class=\"wpv-grid grid-1-1  first unextended\" style=\"padding-top:0px;padding-bottom:0px\" id=\"wpv-column-8725f228a5e4700f7393eb64cd7806f9\" ><div class=\"row \"><div class=\"wpv-grid grid-1-1  first unextended\" style=\"padding-top:0px;padding-bottom:0px\" id=\"wpv-column-cbe72145df681d3f879bedc7626dfa66\" ><div class=\"push\" style='height:30px'><\/div>\n<h3 style=\"text-align: center;\">Cr\u00e9\u00e9 en 1987, Darrois Villey Maillot Brochier est un cabinet ayant d\u00e9velopp\u00e9 la<strong> double activit\u00e9 de conseil en op\u00e9rations de fusions-acquisitions et en contentieux<\/strong>. <span style=\"color: #800000;\">Dans chacun de ses domaines d&rsquo;expertises, le cabinet est aujourd&rsquo;hui consid\u00e9r\u00e9 comme <strong>l\u2019un des leaders fran\u00e7ais en corporate<\/strong><\/span>.<\/h3>\n<h3 style=\"text-align: center;\">Tout particuli\u00e8rement, et depuis une vingtaine d&rsquo;ann\u00e9es, le cabinet est<strong> intervenu dans la quasi totalit\u00e9 des offres publiques importantes du march\u00e9 fran\u00e7ais<\/strong>\u00a0et a d\u00e9velopp\u00e9 une expertise tr\u00e8s pointue en contentieux boursier, droit de la concurrence et droit fiscal. Le cabinet a \u00e9t\u00e9 aussi impliqu\u00e9 dans un grand nombre d\u2019op\u00e9rations transnationales.<\/h3>\n<div class=\"push\" style='height:30px'><\/div><\/div><\/div><\/div><\/div>\n<div class=\"row \"><div class=\"wpv-grid grid-1-2  first unextended\" style=\"padding-top:0px;padding-bottom:0px\" id=\"wpv-column-2796311d63b12eba96758af68e32f092\" ><div class=\"row \"><div class=\"wpv-grid grid-1-1  first unextended\" style=\"padding-top:0px;padding-bottom:0px\" id=\"wpv-column-7e1c8b5ecdb8d50d6b760ee57133f199\" ><div class=\"push\" style='height:45px'><\/div>\n<img decoding=\"async\" loading=\"lazy\" class=\"aligncenter size-full wp-image-1247\" src=\"http:\/\/www2.droit.parisdescartes.fr\/master-JAI\/wp-content\/uploads\/2017\/12\/Carine.png\" alt=\"\" width=\"190\" height=\"185\" \/><\/p>\n<div class=\"push\" style='height:10px'><\/div>\n<h4 style=\"text-align: center;\"><span style=\"color: #7d7d7d;\"><a href=\"http:\/\/www.darroisvilley.com\/avocat\/carine-dupeyron\/\" target=\"_blank\" rel=\"noopener\">Ma\u00eetre Carine Dupeyron<\/a>, r\u00e9cemment devenue<br \/>\nassoci\u00e9e au sein du d\u00e9partement \u00ab\u00a0Contentieux et arbitrage\u00a0\u00bb, enseigne aux \u00e9tudiants du M2 JAI, conjointement<br \/>\navec Madame le Professeur Olivera Boskovic,<br \/>\nle cours\u00a0d&rsquo; \u00ab <strong>Arbitrage international<\/strong> \u00bb<br \/>\n<\/span><\/h4>\n<div class=\"push\" style='height:1px'><\/div>\n<p class=\"textcenter\"><a href=\"http:\/\/www.lemondedudroit.fr\/nominations\/16204-darrois-villey-maillot-brochier-arrivee-de-carine-dupeyron-en-tant-quassociee.html\" target=\"_blank\" style='font-size: 15px;' class=\"button vamtam-button accent2  button-border hover-accent1 \"><span class=\"btext\">En savoir plus<\/span><\/a><\/p>\n<div class=\"push\" style='height:5px'><\/div><\/div><\/div><\/div>\n<div class=\"wpv-grid grid-1-2  unextended\" style=\"padding-top:0px;padding-bottom:0px\" id=\"wpv-column-c0677580d114dfd6aa98edccc73acb4d\" ><div class=\"row \"><div class=\"wpv-grid grid-1-1  first unextended\" style=\"padding-top:0px;padding-bottom:0px\" id=\"wpv-column-7bcec5506a9207f08644e373eba9a46c\" ><div class=\"push\" style='height:40px'><\/div>\n<h3 style=\"text-align: center;\">En effet, depuis quelques ann\u00e9es, le cabinet accompagne activement ses clients dans leur expansion internationale et a acquis une <strong>forte expertise dans les op\u00e9rations de fusion-acquisition cross-border et \u00e0 l\u2019international<\/strong>. En contentieux enfin, nos avocats ont poursuivi et d\u00e9velopp\u00e9 une <strong>pratique reconnue en droit p\u00e9nal des affaires<\/strong>.<\/h3>\n<h3 style=\"text-align: center;\">Le cabinet repose \u00e9galement sur une <strong>grande implication des associ\u00e9s<\/strong>, afin de mettre en place les <strong>solutions \u00e0 la fois innovantes et simples<\/strong>,\u00a0les mieux adapt\u00e9es aux objectifs \u00e9conomiques de la transaction.<\/h3>\n<h3 style=\"text-align: center;\"><span style=\"color: #800000;\">Le cabinet a <strong>d\u00e9velopp\u00e9 un r\u00e9seau de relations<\/strong> avec des cabinets d\u2019avocats ind\u00e9pendants dans de nombreux pays<\/span>, avec lesquels il est en mesure de donner un conseil sur l\u2019ensemble des juridictions concern\u00e9es par une transaction.<\/h3>\n<div class=\"push\" style='height:65px'><\/div><\/div><\/div><\/div><\/div>\n<div class=\"row \"><div class=\"wpv-grid grid-1-1  first has-background extended animation-from-top animated-active\" style=\"background-color:#f4f4f4;padding-top:0px;padding-bottom:0px\" id=\"wpv-column-988a1525a1cab1872eed5dd8a2330759\" ><div class=\"extended-column-inner\"><style>#wpv-column-988a1525a1cab1872eed5dd8a2330759 p,#wpv-column-988a1525a1cab1872eed5dd8a2330759 em,#wpv-column-988a1525a1cab1872eed5dd8a2330759 .column-title,#wpv-column-988a1525a1cab1872eed5dd8a2330759 .sep-text h2.regular-title-wrapper,#wpv-column-988a1525a1cab1872eed5dd8a2330759 .text-divider-double,#wpv-column-988a1525a1cab1872eed5dd8a2330759 .sep-text .sep-text-line,#wpv-column-988a1525a1cab1872eed5dd8a2330759 .sep,#wpv-column-988a1525a1cab1872eed5dd8a2330759 .sep-2,#wpv-column-988a1525a1cab1872eed5dd8a2330759 .sep-3,#wpv-column-988a1525a1cab1872eed5dd8a2330759 td,#wpv-column-988a1525a1cab1872eed5dd8a2330759 th,#wpv-column-988a1525a1cab1872eed5dd8a2330759 caption{color:#757575;}#wpv-column-988a1525a1cab1872eed5dd8a2330759:before{background-color:transparent;}<\/style><div class=\"row \"><div class=\"wpv-grid grid-1-1  first unextended\" style=\"padding-top:0px;padding-bottom:0px\" id=\"wpv-column-1ce1f49e4dae575ab4b8f6b9c4cc38a9\" ><div class=\"push\" style='height:20px'><\/div>\n<h2 style=\"text-align: center;\"><span style=\"color: #800000;\"><em>Un petit aper\u00e7u des \u00e9tudiants au cabinet&#8230;<\/em><\/span><\/h2>\n<h3 style=\"text-align: center;\">Le mardi 20 mars 2018, les \u00e9tudiants de la promotion 2018 ont eu l&rsquo;occasion d&rsquo;assister \u00e0<br \/>\nun <strong>atelier \u00ab\u00a0cas pratique\u00a0\u00bb en Arbitrage international<\/strong>, sous la supervision de Ma\u00eetre Carine Dupeyron.<\/h3>\n<div class=\"push\" style='height:7px'><\/div>\n<!-- Final Tiles Grid Gallery for WordPress v3.5.6 free --><style>#ftg-1010 .tile .icon { color:#f4f4f4; }#ftg-1010 .ftg-items .loading-bar i { background:#f4f4f4; }#ftg-1010 .ftg-items .loading-bar { background:#f4f4f4; }#ftg-1010 .tile .icon { font-size:12px; }#ftg-1010 .tile .icon { margin: -6px 0 0 -6px; }#ftg-1010 .tile .caption-block .text-wrapper span.text { font-size:12px; }#ftg-1010 .tile .caption-outside .text-wrapper span.text { font-size:12px; }#ftg-1010 .tile .caption-block .text-wrapper span.title { font-size:14px; }#ftg-1010 .tile .caption-outside .text-wrapper span.title { font-size:14px; }#ftg-1010 .tile { background-color: #f4f4f4; }#ftg-1010 .tile .caption-block .text-wrapper span.text { color: #f4f4f4; }#ftg-1010 .tile .caption-block .text-wrapper span.title { color: #f4f4f4; }#ftg-1010 .tile .caption-outside .text-wrapper span.text { color: #f4f4f4; }#ftg-1010 .tile .caption-outside .text-wrapper span.title { color: #f4f4f4; }#ftg-1010 .tile .ftg-social a { color: #ffffff; }#ftg-1010 .tile { border-radius: 2px; }#ftg-1010 .tile { box-shadow: #a0a0a0 0px 0px 17px; }#ftg-1010 .tile .caption-block { transition-timing-function:ease; }#ftg-1010 .tile .caption-block { transition-duration:0.25s; }#ftg-1010 .tile .tile-inner:before { background-color: #dda4a4; }#ftg-1010 .tile .tile-inner:before { background-color: rgba(221, 164, 164, 0.5); }#ftg-1010 .tile:hover img {-moz-transform: ;-webkit-transform: ;-o-transform: ;-ms-transform: ;transform: ;}.final-tiles-gallery { margin:auto; }<\/style><a name='10'><\/a><div class='final-tiles-gallery  ftg-hover-enabled caption-inside  caption-none caption-middle caption-center' id='ftg-1010' style='width:60%'><div class='ftg-items'><div class='loading-bar'><i><\/i><\/div><div  class='tile ftg-preload  '><a title=\"\" data-lightbox='ftg-1010' rel='ftg-1010'  class=' tile-inner  ftg-lightbox' href='http:\/\/www2.droit.parisdescartes.fr\/master-JAI\/wp-content\/uploads\/2018\/03\/29432247_10216151809852088_2153543979998642176_o-768x1024.jpg' ><img alt='' class='item skip-lazy' data-class='item' data-ftg-source='http:\/\/www2.droit.parisdescartes.fr\/master-JAI\/wp-content\/uploads\/2018\/03\/29432247_10216151809852088_2153543979998642176_o-360x480.jpg' src='http:\/\/www2.droit.parisdescartes.fr\/master-JAI\/wp-content\/uploads\/2018\/03\/29432247_10216151809852088_2153543979998642176_o-360x480.jpg' width='360' height='480' \/><\/a><div class='ftg-social'><\/div><\/div><div  class='tile ftg-preload  '><a title=\"\" data-lightbox='ftg-1010' rel='ftg-1010'  class=' tile-inner  ftg-lightbox' href='http:\/\/www2.droit.parisdescartes.fr\/master-JAI\/wp-content\/uploads\/2018\/03\/28945617_10215883172618848_201444075_o-718x1024.jpg' ><img alt='' class='item skip-lazy' data-class='item' data-ftg-source='http:\/\/www2.droit.parisdescartes.fr\/master-JAI\/wp-content\/uploads\/2018\/03\/28945617_10215883172618848_201444075_o-262x201.jpg' src='http:\/\/www2.droit.parisdescartes.fr\/master-JAI\/wp-content\/uploads\/2018\/03\/28945617_10215883172618848_201444075_o-262x201.jpg' width='262' height='201' \/><\/a><div class='ftg-social'><\/div><\/div><div  class='tile ftg-preload  '><a title=\"\" data-lightbox='ftg-1010' rel='ftg-1010'  class=' tile-inner  ftg-lightbox' href='http:\/\/www2.droit.parisdescartes.fr\/master-JAI\/wp-content\/uploads\/2018\/03\/28945513_10215883171738826_1648351149_o-1024x474.jpg' ><img alt='' class='item skip-lazy' data-class='item' data-ftg-source='http:\/\/www2.droit.parisdescartes.fr\/master-JAI\/wp-content\/uploads\/2018\/03\/28945513_10215883171738826_1648351149_o-480x369.jpg' src='http:\/\/www2.droit.parisdescartes.fr\/master-JAI\/wp-content\/uploads\/2018\/03\/28945513_10215883171738826_1648351149_o-480x369.jpg' width='480' height='369' \/><\/a><div class='ftg-social'><\/div><\/div><div  class='tile ftg-preload  '><a title=\"\" data-lightbox='ftg-1010' rel='ftg-1010'  class=' tile-inner  ftg-lightbox' href='http:\/\/www2.droit.parisdescartes.fr\/master-JAI\/wp-content\/uploads\/2018\/03\/29473254_10216151806972016_8156673430939238400_o-1024x367.jpg' ><img alt='' class='item skip-lazy' data-class='item' data-ftg-source='http:\/\/www2.droit.parisdescartes.fr\/master-JAI\/wp-content\/uploads\/2018\/03\/29473254_10216151806972016_8156673430939238400_o-480x369.jpg' src='http:\/\/www2.droit.parisdescartes.fr\/master-JAI\/wp-content\/uploads\/2018\/03\/29473254_10216151806972016_8156673430939238400_o-480x369.jpg' width='480' height='369' \/><\/a><div class='ftg-social'><\/div><\/div><div  class='tile ftg-preload  '><a title=\"\" data-lightbox='ftg-1010' rel='ftg-1010'  class=' tile-inner  ftg-lightbox' href='http:\/\/www2.droit.parisdescartes.fr\/master-JAI\/wp-content\/uploads\/2018\/03\/28945729_10215883172018833_1260800122_o-1024x377.jpg' ><img alt='' class='item skip-lazy' data-class='item' data-ftg-source='http:\/\/www2.droit.parisdescartes.fr\/master-JAI\/wp-content\/uploads\/2018\/03\/28945729_10215883172018833_1260800122_o-480x369.jpg' src='http:\/\/www2.droit.parisdescartes.fr\/master-JAI\/wp-content\/uploads\/2018\/03\/28945729_10215883172018833_1260800122_o-480x369.jpg' width='480' height='369' \/><\/a><div class='ftg-social'><\/div><\/div><\/div><\/div><script type='text\/javascript'>jQuery('#ftg-1010 img.item').removeAttr('src');jQuery(document).ready(function () {setTimeout(function () {jQuery('#ftg-1010').finalTilesGallery({minTileWidth: 250,margin: 20,loadMethod: 'sequential',nonce: '04f5c1789f',galleryId: '10',setupFilters: true,layout: 'columns',debug: false,gridSize: 25,disableGridSizeBelow:800,allowEnlargement: true,columns: [[4000, 3],[1024, 4],[800, 3],[480, 3],[320, 2]],selectedFilter: 'n-a'});jQuery(function () {(function () {var rel = '';jQuery('#ftg-1010 .ftg-lightbox').click(function (e) {rel = jQuery(this).attr('rel');jQuery('#ftg-1010 .ftg-current').removeClass('ftg-current');jQuery('#ftg-1010 [rel=\"'+rel+'\"]').addClass('ftg-current');});})();});}, 0);});<\/script><br \/>\n<div class=\"push\" style='height:25px'><\/div><\/div><\/div><\/div><\/div><\/div>\n<div class=\"row \"><div class=\"wpv-grid grid-1-1  first unextended\" style=\"padding-top:0px;padding-bottom:0px\" id=\"wpv-column-3c39b27cab27c06875512e8ef96f80f8\" ><div class=\"row \"><div class=\"wpv-grid grid-1-1  first unextended\" style=\"padding-top:0px;padding-bottom:0px\" id=\"wpv-column-9fb1f2a4decda3db68cb9a563e35b814\" ><div class=\"push\" style='height:55px'><\/div>\n<h2 style=\"text-align: center;\">Principaux domaines d&rsquo;expertise :<\/h2>\n<div class=\"push\" style='height:3px'><\/div><\/div><\/div>\n<div class=\"row \"><div class=\"wpv-grid grid-1-6  first unextended\" style=\"padding-top:0px;padding-bottom:0px\" id=\"wpv-column-6c0137e7bbcccbe4a09f56c92d3c009e\" ><div class=\"row \"><div class=\"wpv-grid grid-1-1  first unextended\" style=\"padding-top:0px;padding-bottom:0px\" id=\"wpv-column-7c354a8b9d4b9d922f3ec0b03ce29941\" ><h3 style=\"text-align: center;\">Corporate<\/h3>\n<h3 style=\"text-align: center;\">Droit des soci\u00e9t\u00e9s cot\u00e9es<\/h3>\n<h3 style=\"text-align: center;\">Op\u00e9rations financi\u00e8res (M&amp;A)<\/h3>\n<h3 style=\"text-align: center;\">Droit public et p\u00e9nal des affaires<\/h3><\/div><\/div><\/div>\n<div class=\"wpv-grid grid-1-6  unextended\" style=\"padding-top:0px;padding-bottom:0px\" id=\"wpv-column-eacac6ae9922a5a953f4311e3ca07b3a\" ><div class=\"row \"><div class=\"wpv-grid grid-1-1  first unextended\" style=\"padding-top:0px;padding-bottom:0px\" id=\"wpv-column-57ed673029c5d3b5c0e63974861f1255\" ><h3 style=\"text-align: center;\">Contentieux boursier<\/h3>\n<h3 style=\"text-align: center;\">Arbitrage<\/h3>\n<h3 style=\"text-align: center;\"><\/h3><\/div><\/div><\/div>\n<div class=\"wpv-grid grid-1-6  unextended\" style=\"padding-top:0px;padding-bottom:0px\" id=\"wpv-column-cf083efe6f72e7b9ab36e15955a8b7ac\" ><div class=\"row \"><div class=\"wpv-grid grid-1-1  first unextended\" style=\"padding-top:0px;padding-bottom:0px\" id=\"wpv-column-03dc04cbd80c9c895b20db7a34612972\" ><h3 style=\"text-align: center;\">Droit de la concurrence<br \/>\n(concentrations,<br \/>\npratiques<br \/>\nanticoncurrentielles)<\/h3><\/div><\/div><\/div>\n<div class=\"wpv-grid grid-1-6  unextended\" style=\"padding-top:0px;padding-bottom:0px\" id=\"wpv-column-1dd8bec6c38001e1efb2393599fbe9ca\" ><div class=\"row \"><div class=\"wpv-grid grid-1-1  first unextended\" style=\"padding-top:0px;padding-bottom:0px\" id=\"wpv-column-a12ae7fb1c246b71c89cb15aaeec184a\" ><h3 style=\"text-align: center;\">Droit fiscal<\/h3><\/div><\/div><\/div>\n<div class=\"wpv-grid grid-1-6  unextended\" style=\"padding-top:0px;padding-bottom:0px\" id=\"wpv-column-1aa816f223e84c192ac4b98a86c5d804\" ><div class=\"row \"><div class=\"wpv-grid grid-1-1  first unextended\" style=\"padding-top:0px;padding-bottom:0px\" id=\"wpv-column-7ab939d2ab1e510e2468fa6ad8512a2c\" ><h3 style=\"text-align: center;\">Financement (op\u00e9rations d\u2019acquisitions,<br \/>\nde pr\u00eats syndiqu\u00e9s et<br \/>\nde restructuration de dettes)<\/h3><\/div><\/div><\/div>\n<div class=\"wpv-grid grid-1-6  unextended\" style=\"padding-top:0px;padding-bottom:0px\" id=\"wpv-column-814ba2174d75bb55cc503d48cccd8d15\" ><div class=\"row \"><div class=\"wpv-grid grid-1-1  first unextended\" style=\"padding-top:0px;padding-bottom:0px\" id=\"wpv-column-8cdf63857faf9f77dc3d034619201f07\" ><h3 style=\"text-align: center;\">Restructuring (conciliation,<br \/>\nmandat ad hoc et<br \/>\nproc\u00e9dure collective)<\/h3><\/div><\/div><\/div><\/div><\/div><\/div><\/div><\/div>\n<div class=\"sep-3\"><\/div>\n<div class=\"row \"><div class=\"wpv-grid grid-1-3  wpv-first-level first unextended\" style=\"padding-top:0px;padding-bottom:0px\" id=\"wpv-column-0127fa5510f0ddf8d6e57ea077b5fdd5\" ><div class=\"row \"><div class=\"wpv-grid grid-1-1  first unextended\" style=\"padding-top:0px;padding-bottom:0px\" id=\"wpv-column-cf491a3d3f3333e6fccc1ec7e497a431\" ><p><!-- Final Tiles Grid Gallery for WordPress v3.5.6 free --><style>#ftg-3333 .tile .icon { color:#ffffff; }#ftg-3333 .ftg-items .loading-bar i { background:#666; }#ftg-3333 .ftg-items .loading-bar { background:#fff; }#ftg-3333 .tile .icon { font-size:12px; }#ftg-3333 .tile .icon { margin: -6px 0 0 -6px; }#ftg-3333 .tile .caption-block .text-wrapper span.text { font-size:12px; }#ftg-3333 .tile .caption-outside .text-wrapper span.text { font-size:12px; }#ftg-3333 .tile .caption-block .text-wrapper span.title { font-size:14px; }#ftg-3333 .tile .caption-outside .text-wrapper span.title { font-size:14px; }#ftg-3333 .tile { background-color: transparent; }#ftg-3333 .tile .caption-block .text-wrapper span.text { color: #ffffff; }#ftg-3333 .tile .caption-block .text-wrapper span.title { color: #ffffff; }#ftg-3333 .tile .caption-outside .text-wrapper span.text { color: #ffffff; }#ftg-3333 .tile .caption-outside .text-wrapper span.title { color: #ffffff; }#ftg-3333 .tile .ftg-social a { color: #ffffff; }#ftg-3333 .tile { border-radius: 4px; }#ftg-3333 .tile { box-shadow: #999999 0px 0px 35px; }#ftg-3333 .tile .caption-block { transition-timing-function:ease; }#ftg-3333 .tile .caption-block { transition-duration:0.25s; }#ftg-3333 .tile .tile-inner:before { background-color: #aac3dd; }#ftg-3333 .tile .tile-inner:before { background-color: rgba(170, 195, 221, 0); }#ftg-3333 .tile:hover img {-moz-transform: ;-webkit-transform: ;-o-transform: ;-ms-transform: ;transform: ;}.final-tiles-gallery { margin:auto; }<\/style><a name='33'><\/a><div class='final-tiles-gallery  ftg-hover-enabled caption-inside  caption-none caption-middle caption-center' id='ftg-3333' style='width:100%'><div class='ftg-items'><div class='loading-bar'><i><\/i><\/div><div  class='tile ftg-preload  '><a title=\"\" data-lightbox='ftg-3333' rel='ftg-3333'  class=' tile-inner  ftg-lightbox' href='http:\/\/www2.droit.parisdescartes.fr\/master-JAI\/wp-content\/uploads\/2018\/05\/29511109_2048513325434436_4856482004494974976_o-1009x1024.jpg' ><img alt='' class='item skip-lazy' data-class='item' data-ftg-source='http:\/\/www2.droit.parisdescartes.fr\/master-JAI\/wp-content\/uploads\/2018\/05\/29511109_2048513325434436_4856482004494974976_o.jpg' src='http:\/\/www2.droit.parisdescartes.fr\/master-JAI\/wp-content\/uploads\/2018\/05\/29511109_2048513325434436_4856482004494974976_o.jpg' width='1197' height='1215' \/><\/a><div class='ftg-social'><\/div><\/div><\/div><\/div><script type='text\/javascript'>jQuery('#ftg-3333 img.item').removeAttr('src');jQuery(document).ready(function () {setTimeout(function () {jQuery('#ftg-3333').finalTilesGallery({minTileWidth: 250,margin: 0,loadMethod: 'sequential',nonce: '04f5c1789f',galleryId: '33',setupFilters: true,layout: 'columns',debug: false,gridSize: 25,disableGridSizeBelow:800,allowEnlargement: true,columns: [[4000, 1],[1024, 0],[800, 0],[480, 0],[320, 0]],selectedFilter: 'n-a'});jQuery(function () {(function () {var rel = '';jQuery('#ftg-3333 .ftg-lightbox').click(function (e) {rel = jQuery(this).attr('rel');jQuery('#ftg-3333 .ftg-current').removeClass('ftg-current');jQuery('#ftg-3333 [rel=\"'+rel+'\"]').addClass('ftg-current');});})();});}, 0);});<\/script><\/div><\/div><\/div>\n<div class=\"wpv-grid grid-2-3  wpv-first-level unextended\" style=\"padding-top:0px;padding-bottom:0px\" id=\"wpv-column-f27fbc23d032390a4aa2d5db3b059e6a\" ><div class=\"row \"><div class=\"wpv-grid grid-1-1  first unextended\" style=\"padding-top:0px;padding-bottom:0px\" id=\"wpv-column-be3be6e7bd9b682eade383ea14c22bc6\" ><h2 style=\"text-align: center;\">Contacts<\/h2><\/div><\/div>\n<div class=\"row \"><div class=\"wpv-grid grid-1-3  first unextended\" style=\"padding-top:0px;padding-bottom:0px\" id=\"wpv-column-42ed664779da690a56478e308ec4b457\" ><div class=\"row \"><div class=\"wpv-grid grid-1-1  first unextended\" style=\"padding-top:0px;padding-bottom:0px\" id=\"wpv-column-8e2d0484a0bacef8ef2163f5822e205f\" ><div class=\"push\" style='height:5px'><\/div>\n<h3 style=\"text-align: center;\"><strong>Adresse postale<\/strong><\/h3>\n<div class=\"push\" style='height:3px'><\/div>\n<p style=\"text-align: center;\"><span class='icon shortcode theme  use-hover' style='font-size:35px !important;color:#808080;'>&#58891;<\/span>\n<div class=\"push\" style='height:1px'><\/div>\n<h4 style=\"text-align: center;\"><strong><span style=\"color: #800000;\">Darrois Villey Maillot Brochier<\/span><\/strong><br \/>\n<span style=\"color: #800000;\">69 Avenue Victor Hugo<br \/>\n75116 Paris FRANCE<\/span><\/h4>\n<h4 style=\"text-align: center;\"><em>M\u00e9tro : Victor Hugo<br \/>\n(ligne 2)\u00a0<\/em><\/h4><\/div><\/div><\/div>\n<div class=\"wpv-grid grid-1-3  unextended\" style=\"padding-top:0px;padding-bottom:0px\" id=\"wpv-column-2c8f5087637b5d6c9d90f9e583fd5a8e\" ><div class=\"row \"><div class=\"wpv-grid grid-1-1  first unextended\" style=\"padding-top:0px;padding-bottom:0px\" id=\"wpv-column-6397c9f82cbfe5b50c27d8c9c8604c97\" ><div class=\"push\" style='height:5px'><\/div>\n<h3 style=\"text-align: center;\"><strong>Adresse mail<\/strong><\/h3>\n<div class=\"push\" style='height:3px'><\/div>\n<p style=\"text-align: center;\"><span class='icon shortcode   use-hover' style='font-size:35px !important;color:#808080;'>&#58148;<\/span>\n<div class=\"push\" style='height:1px'><\/div>\n<h4 style=\"text-align: center;\">Recrutement Stages :<br \/>\n<div class=\"push\" style='height:2px'><\/div>\n<strong><a title=\"stages@darroisvilley.com\" href=\"mailto:stages@darroisvilley.com\">stages@darroisvilley.com<\/a><\/strong><\/h4><\/div><\/div><\/div>\n<div class=\"wpv-grid grid-1-3  unextended\" style=\"padding-top:0px;padding-bottom:0px\" id=\"wpv-column-016a7e1b72da964ed24ab0d18fedf66d\" ><div class=\"row \"><div class=\"wpv-grid grid-1-1  first unextended\" style=\"padding-top:0px;padding-bottom:0px\" id=\"wpv-column-becbf2b078451b0336eb82593334891c\" ><div class=\"push\" style='height:5px'><\/div>\n<h3 style=\"text-align: center;\"><strong>Site internet<\/strong><\/h3>\n<div class=\"push\" style='height:3px'><\/div>\n<p style=\"text-align: center;\"><span class='icon shortcode   use-hover' style='font-size:35px !important;color:#808080;'>&#58241;<\/span>\n<div class=\"push\" style='height:1px'><\/div>\n<h4 style=\"text-align: center;\"><a href=\"http:\/\/www.darroisvilley.com\">www.darroisvilley.com<\/a><\/h4><\/div><\/div><\/div><\/div><\/div><\/div>\n","protected":false},"excerpt":{"rendered":"<p>\u00ab\u00a0Ce qui a fait la force de Darrois Villey Maillot Brochier continuera \u00e0 la faire : son positionnement. Jean-Michel Darrois a \u00e9t\u00e9 l\u2019un des premiers avocats \u00e0 comprendre le r\u00f4le strat\u00e9gique des op\u00e9rations financi\u00e8res pour le d\u00e9veloppement de l\u2019activit\u00e9 des avocats d\u2019affaires. Il a forg\u00e9 le cabinet sur une expertise de pointe en corporate et&#8230;<\/p>\n","protected":false},"author":4,"featured_media":0,"parent":0,"menu_order":0,"comment_status":"closed","ping_status":"closed","template":"","meta":[],"_links":{"self":[{"href":"http:\/\/www2.droit.parisdescartes.fr\/master-JAI\/index.php?rest_route=\/wp\/v2\/pages\/134"}],"collection":[{"href":"http:\/\/www2.droit.parisdescartes.fr\/master-JAI\/index.php?rest_route=\/wp\/v2\/pages"}],"about":[{"href":"http:\/\/www2.droit.parisdescartes.fr\/master-JAI\/index.php?rest_route=\/wp\/v2\/types\/page"}],"author":[{"embeddable":true,"href":"http:\/\/www2.droit.parisdescartes.fr\/master-JAI\/index.php?rest_route=\/wp\/v2\/users\/4"}],"replies":[{"embeddable":true,"href":"http:\/\/www2.droit.parisdescartes.fr\/master-JAI\/index.php?rest_route=%2Fwp%2Fv2%2Fcomments&post=134"}],"version-history":[{"count":61,"href":"http:\/\/www2.droit.parisdescartes.fr\/master-JAI\/index.php?rest_route=\/wp\/v2\/pages\/134\/revisions"}],"predecessor-version":[{"id":2081,"href":"http:\/\/www2.droit.parisdescartes.fr\/master-JAI\/index.php?rest_route=\/wp\/v2\/pages\/134\/revisions\/2081"}],"wp:attachment":[{"href":"http:\/\/www2.droit.parisdescartes.fr\/master-JAI\/index.php?rest_route=%2Fwp%2Fv2%2Fmedia&parent=134"}],"curies":[{"name":"wp","href":"https:\/\/api.w.org\/{rel}","templated":true}]}}