{"id":142,"date":"2017-12-21T20:08:44","date_gmt":"2017-12-21T19:08:44","guid":{"rendered":"http:\/\/www2.droit.parisdescartes.fr\/master-JAI\/?page_id=142"},"modified":"2018-05-12T03:10:16","modified_gmt":"2018-05-12T01:10:16","slug":"bredin-prat","status":"publish","type":"page","link":"http:\/\/www2.droit.parisdescartes.fr\/master-JAI\/?page_id=142","title":{"rendered":"Bredin Prat"},"content":{"rendered":"<div class=\"row \"><div class=\"wpv-grid grid-1-1  wpv-first-level first unextended animation-from-left animated-active\" style=\"padding-top:0px;padding-bottom:0px\" id=\"wpv-column-9fe11ac5d52a24aa1ea6a18c8d2c3239\" ><div class=\"row \"><div class=\"wpv-grid grid-1-1  first unextended\" style=\"padding-top:0px;padding-bottom:0px\" id=\"wpv-column-d7e2fe7988eb48e510cab8ab40619821\" ><div class=\"push\" style='height:50px'><\/div>\n<p><img decoding=\"async\" loading=\"lazy\" class=\"aligncenter size-full wp-image-371\" src=\"http:\/\/www2.droit.parisdescartes.fr\/master-JAI\/wp-content\/uploads\/2017\/12\/Logo_BP.png\" alt=\"\" width=\"700\" height=\"43\" srcset=\"http:\/\/www2.droit.parisdescartes.fr\/master-JAI\/wp-content\/uploads\/2017\/12\/Logo_BP.png 700w, http:\/\/www2.droit.parisdescartes.fr\/master-JAI\/wp-content\/uploads\/2017\/12\/Logo_BP-300x18.png 300w, http:\/\/www2.droit.parisdescartes.fr\/master-JAI\/wp-content\/uploads\/2017\/12\/Logo_BP-555x34.png 555w, http:\/\/www2.droit.parisdescartes.fr\/master-JAI\/wp-content\/uploads\/2017\/12\/Logo_BP-360x22.png 360w, http:\/\/www2.droit.parisdescartes.fr\/master-JAI\/wp-content\/uploads\/2017\/12\/Logo_BP-262x16.png 262w\" sizes=\"(max-width: 700px) 100vw, 700px\" \/><\/div><\/div>\n<div class=\"sep\"><\/div><\/div><\/div>\n<div class=\"row \"><div class=\"wpv-grid grid-1-1  wpv-first-level first unextended\" style=\"padding-top:0px;padding-bottom:0px\" id=\"wpv-column-e7c029196c28d88d9da6e0c36e1133d5\" ><h3 style=\"text-align: center;\"><em>\u00ab Il est le <strong>symbole de la r\u00e9ussite \u00e0 la fran\u00e7aise<\/strong>. L\u2019alliance des talents \u2013 litt\u00e9raires, politiques, techniques \u2013 qui fait p\u00e2lir d\u2019envie les cabinets d\u2019affaires ind\u00e9pendants \u00e0 la recherche de p\u00e9rennit\u00e9 et inspire les avocats qui r\u00eavent de poser leur plaque. Depuis un demi-si\u00e8cle, <strong>Bredin Prat domine le march\u00e9 parisien des fusions-acquisitions et des op\u00e9rations boursi\u00e8res<\/strong> [&#8230;]. Pourtant, le cabinet ne saurait se r\u00e9sumer \u00e0 cette seule pratique : c\u2019est d\u2019abord sur l\u2019image de l\u2019avocat plaidant que la structure a d\u00e9but\u00e9, avant de s\u2019envoler vers le mod\u00e8le multiservices qui est aujourd\u2019hui le sien \u00bb<\/em><\/h3>\n<h4 style=\"text-align: right;\"><span style=\"color: #a6a6a6;\">\u2013 Bredin Prat, la perfection comme horizon<br \/>\n\u2022 La lettre des Juristes d&rsquo;affaires, 18 ao\u00fbt 2016<\/span><\/h4><\/div><\/div>\n<div class=\"row \"><div class=\"wpv-grid grid-1-1  wpv-first-level first unextended animation-from-bottom animated-active\" style=\"padding-top:0px;padding-bottom:0px\" id=\"wpv-column-426d9eda36ac3e8c6b7a7d370c6f8615\" ><div class=\"row \"><div class=\"wpv-grid grid-1-2  first unextended\" style=\"padding-top:0px;padding-bottom:0px\" id=\"wpv-column-3c8fd8a012258df96e103951c7a5fd3a\" ><div class=\"row \"><div class=\"wpv-grid grid-1-1  first unextended\" style=\"padding-top:0px;padding-bottom:0px\" id=\"wpv-column-77587ccff1ca812ee6d112cf42eb7fe8\" ><div class=\"push\" style='height:30px'><\/div>\n<h3 style=\"text-align: center;\">Bredin Prat est un cabinet d\u2019avocats renomm\u00e9 dont l\u2019expertise couvre les <strong>pratiques cl\u00e9s du droit des affaires<\/strong>. \u00a0Fond\u00e9 en mai 1966, <span style=\"color: #800000;\">le cabinet s\u2019est d\u2019abord distingu\u00e9 en contentieux avant d\u2019\u00e9voluer vers le corporate, domaine o\u00f9 il occupe d\u00e9sormais une <strong>place incontest\u00e9e<\/strong><\/span>.<\/h3>\n<h3 style=\"text-align: center;\">Cette culture lui permet d\u2019intervenir dans une large gamme d\u2019op\u00e9rations. Les <strong>clients de toute nationalit\u00e9<\/strong> font r\u00e9guli\u00e8rement appel \u00e0 ses \u00e9quipes pour des dossiers complexes et sophistiqu\u00e9s. <span style=\"color: #800000;\">Aujourd\u2019hui le cabinet compte\u00a0<strong>pr\u00e8s de 170 avocats, bas\u00e9s \u00e0 Paris et Bruxelles<\/strong><\/span>. Sa r\u00e9ussite repose sur la forte implication personnelle et l\u2019exp\u00e9rience de chacun d\u2019entre eux.<\/h3>\n<h3 style=\"text-align: center;\">En maintenant un ratio collaborateurs\/associ\u00e9 \u00e0 un niveau raisonnable, <span style=\"color: #800000;\">Bredin Prat est parvenu \u00e0 cro\u00eetre tout en demeurant <strong>fid\u00e8le \u00e0 sa culture et \u00e0 son exigence de qualit\u00e9<\/strong><\/span>. Ses 47 associ\u00e9s sont unanimement reconnus dans leurs domaines de comp\u00e9tences respectifs.<\/h3><\/div><\/div><\/div>\n<div class=\"wpv-grid grid-1-2  unextended\" style=\"padding-top:0px;padding-bottom:0px\" id=\"wpv-column-f3ce18374d41f202410b58dfa73305c1\" ><div class=\"row \"><div class=\"wpv-grid grid-1-1  first unextended\" style=\"padding-top:0px;padding-bottom:0px\" id=\"wpv-column-f67a857d2cae5ec4527cca22ab29d483\" ><div class=\"push\" style='height:49px'><\/div>\n<!-- Final Tiles Grid Gallery for WordPress v3.5.6 free --><style>#ftg-3737 .tile .icon { color:#ffffff; }#ftg-3737 .ftg-items .loading-bar i { background:#666; }#ftg-3737 .ftg-items .loading-bar { background:#fff; }#ftg-3737 .tile .icon { font-size:12px; }#ftg-3737 .tile .icon { margin: -6px 0 0 -6px; }#ftg-3737 .tile .caption-block .text-wrapper span.text { font-size:12px; }#ftg-3737 .tile .caption-outside .text-wrapper span.text { font-size:12px; }#ftg-3737 .tile .caption-block .text-wrapper span.title { font-size:14px; }#ftg-3737 .tile .caption-outside .text-wrapper span.title { font-size:14px; }#ftg-3737 .tile { background-color: transparent; }#ftg-3737 .tile .caption-block .text-wrapper span.text { color: #ffffff; }#ftg-3737 .tile .caption-block .text-wrapper span.title { color: #ffffff; }#ftg-3737 .tile .caption-outside .text-wrapper span.text { color: #ffffff; }#ftg-3737 .tile .caption-outside .text-wrapper span.title { color: #ffffff; }#ftg-3737 .tile .ftg-social a { color: #ffffff; }#ftg-3737 .tile { border-radius: 4px; }#ftg-3737 .tile { box-shadow: #999999 0px 0px 35px; }#ftg-3737 .tile .caption-block { transition-timing-function:ease; }#ftg-3737 .tile .caption-block { transition-duration:0.25s; }#ftg-3737 .tile .tile-inner:before { background-color: #aac3dd; }#ftg-3737 .tile .tile-inner:before { background-color: rgba(170, 195, 221, 0); }#ftg-3737 .tile:hover img {-moz-transform: ;-webkit-transform: ;-o-transform: ;-ms-transform: ;transform: ;}.final-tiles-gallery { margin:auto; }<\/style><a name='37'><\/a><div class='final-tiles-gallery  ftg-hover-enabled caption-inside  caption-none caption-middle caption-center' id='ftg-3737' style='width:83%'><div class='ftg-items'><div class='loading-bar'><i><\/i><\/div><div  class='tile ftg-preload  '><a title=\"\" data-lightbox='ftg-3737' rel='ftg-3737'  class=' tile-inner  ftg-lightbox' href='http:\/\/www2.droit.parisdescartes.fr\/master-JAI\/wp-content\/uploads\/2018\/05\/24799229_1997435703875532_4713289021522316714_o-1024x768.jpg' ><img alt='' class='item skip-lazy' data-class='item' data-ftg-source='http:\/\/www2.droit.parisdescartes.fr\/master-JAI\/wp-content\/uploads\/2018\/05\/24799229_1997435703875532_4713289021522316714_o.jpg' src='http:\/\/www2.droit.parisdescartes.fr\/master-JAI\/wp-content\/uploads\/2018\/05\/24799229_1997435703875532_4713289021522316714_o.jpg' width='2048' height='1536' \/><\/a><div class='ftg-social'><\/div><\/div><\/div><\/div><script type='text\/javascript'>jQuery('#ftg-3737 img.item').removeAttr('src');jQuery(document).ready(function () {setTimeout(function () {jQuery('#ftg-3737').finalTilesGallery({minTileWidth: 250,margin: 0,loadMethod: 'sequential',nonce: '04f5c1789f',galleryId: '37',setupFilters: true,layout: 'columns',debug: false,gridSize: 25,disableGridSizeBelow:800,allowEnlargement: true,columns: [[4000, 1],[1024, 0],[800, 0],[480, 0],[320, 0]],selectedFilter: 'n-a'});jQuery(function () {(function () {var rel = '';jQuery('#ftg-3737 .ftg-lightbox').click(function (e) {rel = jQuery(this).attr('rel');jQuery('#ftg-3737 .ftg-current').removeClass('ftg-current');jQuery('#ftg-3737 [rel=\"'+rel+'\"]').addClass('ftg-current');});})();});}, 0);});<\/script><\/p>\n<h5 style=\"text-align: center;\"><span style=\"color: #872020;\">Mercredi 6 d\u00e9cembre 2017<\/span><\/h5>\n<h5 style=\"text-align: center;\"><span style=\"color: #7d7d7d;\">Les \u00e9tudiants de la promotion 2018 ont eu le privil\u00e8ge d&rsquo;\u00eatre re\u00e7u<\/span><span style=\"color: #7d7d7d;\"> au sein du cabinet<br \/>\ndans le cadre du cours de \u00ab <strong>International Business Transactions<\/strong> \u00bb,<\/span><span style=\"color: #7d7d7d;\"><br \/>\ndispens\u00e9 par\u00a0<a href=\"https:\/\/www.bredinprat.fr\/en\/lawyer\/jose-maria-perez\/\" target=\"_blank\" rel=\"noopener\">Ma\u00eetre Jos\u00e9 Mar\u00eda P\u00e9rez<\/a>,<\/span><span style=\"color: #7d7d7d;\"> associ\u00e9 du d\u00e9partement Corporate et M&amp;A<\/span><\/h5><\/div><\/div><\/div><\/div>\n<div class=\"row \"><div class=\"wpv-grid grid-1-1  first unextended\" style=\"padding-top:0px;padding-bottom:0px\" id=\"wpv-column-50cc0f87208216c0661eea937439ff40\" ><div class=\"row \"><div class=\"wpv-grid grid-1-1  first unextended\" style=\"padding-top:0px;padding-bottom:0px\" id=\"wpv-column-278a91f101969bc3322d4e154426efb3\" ><div class=\"push\" style='height:10px'><\/div>\n<h2 style=\"text-align: center;\">Principaux domaines d&rsquo;expertise :<\/h2>\n<div class=\"push\" style='height:3px'><\/div><\/div><\/div>\n<div class=\"row \"><div class=\"wpv-grid grid-1-6  first unextended\" style=\"padding-top:0px;padding-bottom:0px\" id=\"wpv-column-94390d8c36a52cde1c03c357fdce7c97\" ><div class=\"row \"><div class=\"wpv-grid grid-1-1  first unextended\" style=\"padding-top:0px;padding-bottom:0px\" id=\"wpv-column-346474265c823a1d199856b36cfce215\" ><h3 style=\"text-align: center;\">Corporate<\/h3>\n<h3 style=\"text-align: center;\">Fusions &amp; Acquisitions<\/h3>\n<h3 style=\"text-align: center;\">Restructurations et proc\u00e9dures collectives<\/h3><\/div><\/div><\/div>\n<div class=\"wpv-grid grid-1-6  unextended\" style=\"padding-top:0px;padding-bottom:0px\" id=\"wpv-column-83ddc5810086513178ef305ba8d68485\" ><div class=\"row \"><div class=\"wpv-grid grid-1-1  first unextended\" style=\"padding-top:0px;padding-bottom:0px\" id=\"wpv-column-ae1da85cfc255856f93fdeb3d6cf3423\" ><h3 style=\"text-align: center;\">Droit boursier et financier<\/h3>\n<h3 style=\"text-align: center;\">Financement et droit bancaire<\/h3><\/div><\/div><\/div>\n<div class=\"wpv-grid grid-1-6  unextended\" style=\"padding-top:0px;padding-bottom:0px\" id=\"wpv-column-2aa0b1a36fca914b62d6bc3407a1c970\" ><div class=\"row \"><div class=\"wpv-grid grid-1-1  first unextended\" style=\"padding-top:0px;padding-bottom:0px\" id=\"wpv-column-283979879b5d210fceae86347e2126cd\" ><h3 style=\"text-align: center;\">Contentieux et Arbitrage international<\/h3><\/div><\/div><\/div>\n<div class=\"wpv-grid grid-1-6  unextended\" style=\"padding-top:0px;padding-bottom:0px\" id=\"wpv-column-107712994316224f0caa9a6b7c14f265\" ><div class=\"row \"><div class=\"wpv-grid grid-1-1  first unextended\" style=\"padding-top:0px;padding-bottom:0px\" id=\"wpv-column-c95281eef0faad183fc49025f37f341e\" ><h3 style=\"text-align: center;\">Droit fiscal<\/h3><\/div><\/div><\/div>\n<div class=\"wpv-grid grid-1-6  unextended\" style=\"padding-top:0px;padding-bottom:0px\" id=\"wpv-column-6e601e5edf9dd06b50387343e56ce279\" ><div class=\"row \"><div class=\"wpv-grid grid-1-1  first unextended\" style=\"padding-top:0px;padding-bottom:0px\" id=\"wpv-column-34511ca779fee5a78506a766b0b664a7\" ><h3 style=\"text-align: center;\">Concurrence et droit europ\u00e9en<\/h3>\n<h3 style=\"text-align: center;\">Droit public<\/h3><\/div><\/div><\/div>\n<div class=\"wpv-grid grid-1-6  unextended\" style=\"padding-top:0px;padding-bottom:0px\" id=\"wpv-column-ba4d15a14e742824bab5b22afe58ab76\" ><div class=\"row \"><div class=\"wpv-grid grid-1-1  first unextended\" style=\"padding-top:0px;padding-bottom:0px\" id=\"wpv-column-7d820f2fd501f09e33e2fa8b68369aeb\" ><h3 style=\"text-align: center;\">Droit social<\/h3><\/div><\/div><\/div><\/div><\/div><\/div><\/div><\/div>\n<div class=\"sep-3\"><\/div>\n<div class=\"row \"><div class=\"wpv-grid grid-1-1  wpv-first-level first unextended\" style=\"padding-top:0px;padding-bottom:0px\" id=\"wpv-column-115408bd1ae3d566c0c9dd8647ac4139\" ><div class=\"push\" style='height:5px'><\/div>\n<h2 style=\"text-align: center;\"><em>\u00ab Le cabinet, implant\u00e9 \u00e0 Paris et Bruxelles, est r\u00e9solument tourn\u00e9 vers l&rsquo;international : <strong>plus de 50 % de nos dossiers comprennent un \u00e9l\u00e9ment international<\/strong> \u00bb<\/em><\/h2><\/div><\/div>\n<div class=\"row \"><div class=\"wpv-grid grid-1-2  wpv-first-level first unextended\" style=\"padding-top:0px;padding-bottom:0px\" id=\"wpv-column-7c0476bd22ef0ca4e86a13f09b46c3a5\" ><div class=\"row \"><div class=\"wpv-grid grid-1-1  first unextended\" style=\"padding-top:0px;padding-bottom:0px\" id=\"wpv-column-fedf6e0ec7b54b8ed1ef24d08a57f6a1\" ><div class=\"push\" style='height:50px'><\/div>\n<!-- Final Tiles Grid Gallery for WordPress v3.5.6 free --><style>#ftg-3636 .tile .icon { color:#ffffff; }#ftg-3636 .ftg-items .loading-bar i { background:#666; }#ftg-3636 .ftg-items .loading-bar { background:#fff; }#ftg-3636 .tile .icon { font-size:12px; }#ftg-3636 .tile .icon { margin: -6px 0 0 -6px; }#ftg-3636 .tile .caption-block .text-wrapper span.text { font-size:12px; }#ftg-3636 .tile .caption-outside .text-wrapper span.text { font-size:12px; }#ftg-3636 .tile .caption-block .text-wrapper span.title { font-size:14px; }#ftg-3636 .tile .caption-outside .text-wrapper span.title { font-size:14px; }#ftg-3636 .tile { background-color: transparent; }#ftg-3636 .tile .caption-block .text-wrapper span.text { color: #ffffff; }#ftg-3636 .tile .caption-block .text-wrapper span.title { color: #ffffff; }#ftg-3636 .tile .caption-outside .text-wrapper span.text { color: #ffffff; }#ftg-3636 .tile .caption-outside .text-wrapper span.title { color: #ffffff; }#ftg-3636 .tile .ftg-social a { color: #ffffff; }#ftg-3636 .tile { border-radius: 4px; }#ftg-3636 .tile { box-shadow: #999999 0px 0px 35px; }#ftg-3636 .tile .caption-block { transition-timing-function:ease; }#ftg-3636 .tile .caption-block { transition-duration:0.25s; }#ftg-3636 .tile .tile-inner:before { background-color: #aac3dd; }#ftg-3636 .tile .tile-inner:before { background-color: rgba(170, 195, 221, 0); }#ftg-3636 .tile:hover img {-moz-transform: ;-webkit-transform: ;-o-transform: ;-ms-transform: ;transform: ;}.final-tiles-gallery { margin:auto; }<\/style><a name='36'><\/a><div class='final-tiles-gallery  ftg-hover-enabled caption-inside  caption-none caption-middle caption-center' id='ftg-3636' style='width:97%'><div class='ftg-items'><div class='loading-bar'><i><\/i><\/div><div  class='tile ftg-preload  '><a title=\"\" data-lightbox='ftg-3636' rel='ftg-3636'  class=' tile-inner  ftg-lightbox' href='http:\/\/www2.droit.parisdescartes.fr\/master-JAI\/wp-content\/uploads\/2018\/05\/24785278_1997435457208890_7333674377017001887_o-1024x768.jpg' ><img alt='' class='item skip-lazy' data-class='item' data-ftg-source='http:\/\/www2.droit.parisdescartes.fr\/master-JAI\/wp-content\/uploads\/2018\/05\/24785278_1997435457208890_7333674377017001887_o.jpg' src='http:\/\/www2.droit.parisdescartes.fr\/master-JAI\/wp-content\/uploads\/2018\/05\/24785278_1997435457208890_7333674377017001887_o.jpg' width='2048' height='1536' \/><\/a><div class='ftg-social'><\/div><\/div><\/div><\/div><script type='text\/javascript'>jQuery('#ftg-3636 img.item').removeAttr('src');jQuery(document).ready(function () {setTimeout(function () {jQuery('#ftg-3636').finalTilesGallery({minTileWidth: 250,margin: 0,loadMethod: 'sequential',nonce: '04f5c1789f',galleryId: '36',setupFilters: true,layout: 'columns',debug: false,gridSize: 25,disableGridSizeBelow:800,allowEnlargement: true,columns: [[4000, 1],[1024, 0],[800, 0],[480, 0],[320, 0]],selectedFilter: 'n-a'});jQuery(function () {(function () {var rel = '';jQuery('#ftg-3636 .ftg-lightbox').click(function (e) {rel = jQuery(this).attr('rel');jQuery('#ftg-3636 .ftg-current').removeClass('ftg-current');jQuery('#ftg-3636 [rel=\"'+rel+'\"]').addClass('ftg-current');});})();});}, 0);});<\/script><\/div><\/div><\/div>\n<div class=\"wpv-grid grid-1-2  wpv-first-level unextended\" style=\"padding-top:0px;padding-bottom:0px\" id=\"wpv-column-c2d702ec53d8bec8138b57cbda3dbd28\" ><div class=\"row \"><div class=\"wpv-grid grid-1-1  first unextended\" style=\"padding-top:0px;padding-bottom:0px\" id=\"wpv-column-acaa345c1bb8ec77df35644dfe2dfb6e\" ><div class=\"push\" style='height:20px'><\/div>\n<h2 style=\"text-align: center;\">Contacts<\/h2><\/div><\/div>\n<div class=\"row \"><div class=\"wpv-grid grid-1-2  first unextended\" style=\"padding-top:0px;padding-bottom:0px\" id=\"wpv-column-8619dd32f89a857d9aea0fb3b1fd53bc\" ><div class=\"row \"><div class=\"wpv-grid grid-1-1  first unextended\" style=\"padding-top:0px;padding-bottom:0px\" id=\"wpv-column-b0ec1a8789f59c9e5c7e71214083d283\" ><div class=\"push\" style='height:5px'><\/div>\n<h3 style=\"text-align: center;\"><strong>Adresse postale<\/strong><\/h3>\n<p style=\"text-align: center;\"><span class='icon shortcode theme  use-hover' style='font-size:35px !important;color:#808080;'>&#58891;<\/span>\n<div class=\"push\" style='height:1px'><\/div>\n<h4 style=\"text-align: center;\"><strong><span style=\"color: #800000;\">Cabinet Bredin Prat<\/span><\/strong><br \/>\n<span style=\"color: #800000;\">53 Quai d&rsquo;Orsay<\/span><br \/>\n<span style=\"color: #800000;\">75007 Paris FRANCE<\/span><\/h4>\n<h4 style=\"text-align: center;\"><em>M\u00e9tro : Invalides (lignes 8 et 13)<\/em><\/h4><\/div><\/div><\/div>\n<div class=\"wpv-grid grid-1-2  unextended\" style=\"padding-top:0px;padding-bottom:0px\" id=\"wpv-column-fba4d7affce485346ff0dda1ff8dc7d8\" ><div class=\"row \"><div class=\"wpv-grid grid-1-1  first unextended\" style=\"padding-top:0px;padding-bottom:0px\" id=\"wpv-column-8b05eb36531693efe6239e775d457346\" ><div class=\"push\" style='height:5px'><\/div>\n<h3 style=\"text-align: center;\"><strong>Adresses mails<\/strong><\/h3>\n<p style=\"text-align: center;\"><span class='icon shortcode   use-hover' style='font-size:35px !important;color:#808080;'>&#58148;<\/span>\n<div class=\"push\" style='height:1px'><\/div>\n<h4 style=\"text-align: center;\"><a href=\"mailto:stage@bredinprat.com\">stage@bredinprat.com<\/a><\/h4>\n<h4 style=\"text-align: center;\"><a href=\"mailto:collaboration@bredinprat.com\">collaboration@bredinprat.com<\/a><\/h4><\/div><\/div><\/div><\/div>\n<div class=\"row \"><div class=\"wpv-grid grid-1-2  first unextended\" style=\"padding-top:0px;padding-bottom:0px\" id=\"wpv-column-8c76200dbf2aace4f65fe02abfef0701\" ><div class=\"row \"><div class=\"wpv-grid grid-1-1  first unextended\" style=\"padding-top:0px;padding-bottom:0px\" id=\"wpv-column-2902df21a00e5b4ca20bd3e436396897\" ><div class=\"push\" style='height:5px'><\/div>\n<h3 style=\"text-align: center;\"><strong>Site internet<\/strong><\/h3>\n<p style=\"text-align: center;\"><span class='icon shortcode   use-hover' style='font-size:35px !important;color:#808080;'>&#58241;<\/span>\n<div class=\"push\" style='height:1px'><\/div>\n<h4 style=\"text-align: center;\"><a href=\"https:\/\/www.bredinprat.fr\/presentation\" target=\"_blank\" rel=\"noopener\">www.bredinprat.fr<\/a><\/h4><\/div><\/div><\/div>\n<div class=\"wpv-grid grid-1-2  unextended\" style=\"padding-top:0px;padding-bottom:0px\" id=\"wpv-column-397c104c0001d131d7806e6b00ffdb88\" ><div class=\"row \"><div class=\"wpv-grid grid-1-1  first unextended\" style=\"padding-top:0px;padding-bottom:0px\" id=\"wpv-column-ff2cc21126ecab0bdf12810589e9402c\" ><div class=\"push\" style='height:5px'><\/div>\n<h3 style=\"text-align: center;\"><strong>R\u00e9seaux sociaux<\/strong><\/h3><\/div><\/div>\n<div class=\"row \"><div class=\"wpv-grid grid-1-2  first unextended\" style=\"padding-top:0px;padding-bottom:0px\" id=\"wpv-column-c020610c0b225899d64e3334481d6ddb\" ><p><ul class=\"social-icons-lists icons-background-rounded centre\">\n\n\t\t\t\n\t\t\t\t<li class=\"social-icons-list-item\">\n\t\t\t\t\t<a href=\"https:\/\/www.facebook.com\/bredinprat\/\" target=\"_blank\"  class=\"social-icon\">\n\t\t\t\t\t\t<span class=\"socicon socicon-facebook\" style=\"padding: 10px; font-size: 20px; background-color: #3e5b98\"><\/span>\n\n\t\t\t\t\t\t\t\t\t\t\t<\/a>\n\t\t\t\t<\/li>\n\n\t\t\t\n\t\t<\/ul><\/div>\n<div class=\"wpv-grid grid-2-5  unextended\" style=\"padding-top:0px;padding-bottom:0px\" id=\"wpv-column-678a1a5a9f439f4f510902f51f5d90a2\" ><p><ul class=\"social-icons-lists icons-background-rounded centre\">\n\n\t\t\t\n\t\t\t\t<li class=\"social-icons-list-item\">\n\t\t\t\t\t<a href=\"https:\/\/www.linkedin.com\/company\/bredin-prat\/\" target=\"_blank\"  class=\"social-icon\">\n\t\t\t\t\t\t<span class=\"socicon socicon-linkedin\" style=\"padding: 10px; font-size: 20px; background-color: #3371b7\"><\/span>\n\n\t\t\t\t\t\t\t\t\t\t\t<\/a>\n\t\t\t\t<\/li>\n\n\t\t\t\n\t\t<\/ul><\/div><\/div><\/div><\/div><\/div><\/div>\n","protected":false},"excerpt":{"rendered":"<p>\u00ab Il est le symbole de la r\u00e9ussite \u00e0 la fran\u00e7aise. L\u2019alliance des talents \u2013 litt\u00e9raires, politiques, techniques \u2013 qui fait p\u00e2lir d\u2019envie les cabinets d\u2019affaires ind\u00e9pendants \u00e0 la recherche de p\u00e9rennit\u00e9 et inspire les avocats qui r\u00eavent de poser leur plaque. Depuis un demi-si\u00e8cle, Bredin Prat domine le march\u00e9 parisien des fusions-acquisitions et des&#8230;<\/p>\n","protected":false},"author":4,"featured_media":0,"parent":0,"menu_order":0,"comment_status":"closed","ping_status":"closed","template":"","meta":[],"_links":{"self":[{"href":"http:\/\/www2.droit.parisdescartes.fr\/master-JAI\/index.php?rest_route=\/wp\/v2\/pages\/142"}],"collection":[{"href":"http:\/\/www2.droit.parisdescartes.fr\/master-JAI\/index.php?rest_route=\/wp\/v2\/pages"}],"about":[{"href":"http:\/\/www2.droit.parisdescartes.fr\/master-JAI\/index.php?rest_route=\/wp\/v2\/types\/page"}],"author":[{"embeddable":true,"href":"http:\/\/www2.droit.parisdescartes.fr\/master-JAI\/index.php?rest_route=\/wp\/v2\/users\/4"}],"replies":[{"embeddable":true,"href":"http:\/\/www2.droit.parisdescartes.fr\/master-JAI\/index.php?rest_route=%2Fwp%2Fv2%2Fcomments&post=142"}],"version-history":[{"count":54,"href":"http:\/\/www2.droit.parisdescartes.fr\/master-JAI\/index.php?rest_route=\/wp\/v2\/pages\/142\/revisions"}],"predecessor-version":[{"id":2087,"href":"http:\/\/www2.droit.parisdescartes.fr\/master-JAI\/index.php?rest_route=\/wp\/v2\/pages\/142\/revisions\/2087"}],"wp:attachment":[{"href":"http:\/\/www2.droit.parisdescartes.fr\/master-JAI\/index.php?rest_route=%2Fwp%2Fv2%2Fmedia&parent=142"}],"curies":[{"name":"wp","href":"https:\/\/api.w.org\/{rel}","templated":true}]}}