{"id":144,"date":"2017-12-21T20:09:11","date_gmt":"2017-12-21T19:09:11","guid":{"rendered":"http:\/\/www2.droit.parisdescartes.fr\/master-JAI\/?page_id=144"},"modified":"2018-05-12T03:05:17","modified_gmt":"2018-05-12T01:05:17","slug":"cms-bureau-francis-lefebvre","status":"publish","type":"page","link":"http:\/\/www2.droit.parisdescartes.fr\/master-JAI\/?page_id=144","title":{"rendered":"CMS Bureau Francis Lefebvre"},"content":{"rendered":"<div class=\"row \"><div class=\"wpv-grid grid-1-1  wpv-first-level first unextended animation-from-left animated-active\" style=\"padding-top:0px;padding-bottom:0px\" id=\"wpv-column-2966e36f3dc205a920a55c5e3dc22667\" ><div class=\"row \"><div class=\"wpv-grid grid-1-1  first unextended\" style=\"padding-top:0px;padding-bottom:0px\" id=\"wpv-column-763dfcf978f8328a0a448a9f4393d61f\" ><div class=\"push\" style='height:50px'><\/div>\n<img decoding=\"async\" loading=\"lazy\" class=\"aligncenter size-full wp-image-1664\" src=\"http:\/\/www2.droit.parisdescartes.fr\/master-JAI\/wp-content\/uploads\/2018\/01\/fd36f7f-1.jpg\" alt=\"\" width=\"700\" height=\"137\" srcset=\"http:\/\/www2.droit.parisdescartes.fr\/master-JAI\/wp-content\/uploads\/2018\/01\/fd36f7f-1.jpg 700w, http:\/\/www2.droit.parisdescartes.fr\/master-JAI\/wp-content\/uploads\/2018\/01\/fd36f7f-1-300x59.jpg 300w, http:\/\/www2.droit.parisdescartes.fr\/master-JAI\/wp-content\/uploads\/2018\/01\/fd36f7f-1-555x109.jpg 555w, http:\/\/www2.droit.parisdescartes.fr\/master-JAI\/wp-content\/uploads\/2018\/01\/fd36f7f-1-360x70.jpg 360w, http:\/\/www2.droit.parisdescartes.fr\/master-JAI\/wp-content\/uploads\/2018\/01\/fd36f7f-1-262x51.jpg 262w\" sizes=\"(max-width: 700px) 100vw, 700px\" \/><\/div><\/div>\n<div class=\"sep\"><\/div><\/div><\/div>\n<div class=\"row \"><div class=\"wpv-grid grid-1-1  wpv-first-level first unextended\" style=\"padding-top:0px;padding-bottom:0px\" id=\"wpv-column-9c45ed7dde3247fbf54e9d97b4db8c1e\" ><h3 style=\"text-align: center;\"><em>\u00ab\u00a0<strong>Deuxi\u00e8me cabinet d\u2019avocats en France<\/strong> par son chiffre d\u2019affaires, CMS Bureau Francis Lefebvre est une <strong>r\u00e9f\u00e9rence en mati\u00e8re juridique, fiscale et sociale<\/strong>. L\u2019expertise, la pluridisciplinarit\u00e9 et la qualit\u00e9 des relations entretenues avec ses clients expliquent la notori\u00e9t\u00e9 et le succ\u00e8s du cabinet.\u00a0Il se distingue par ses <strong>fortes capacit\u00e9s d\u2019expertise<\/strong> dans toutes les grandes disciplines du droit et par son aptitude \u00e0 <strong>r\u00e9aliser des synergies entre ses \u00e9quipes d\u2019avocats\u00a0<\/strong>\u00bb<\/em><\/h3>\n<h4 style=\"text-align: right;\"><span style=\"color: #a6a6a6;\">\u2013 CMS Bureau Francis Lefebvre : excellence et\u00a0<\/span><span style=\"color: #a6a6a6;\">synergie\u00a0<\/span><span style=\"color: #a6a6a6;\">des expertises<br \/>\n\u2022 Le journal des grandes \u00e9coles, Mars-Avril 2012<\/span><\/h4>\n<div class=\"push\" style='height:20px'><\/div><\/div><\/div>\n<div class=\"row \"><div class=\"wpv-grid grid-1-1  wpv-first-level first has-background extended\" style=\"background-color:#fef6f7;padding-top:0px;padding-bottom:0px\" id=\"wpv-column-ee3d743218a2385347b1f85fb3199fd6\" ><div class=\"extended-column-inner\"><style>#wpv-column-ee3d743218a2385347b1f85fb3199fd6 p,#wpv-column-ee3d743218a2385347b1f85fb3199fd6 em,#wpv-column-ee3d743218a2385347b1f85fb3199fd6 .column-title,#wpv-column-ee3d743218a2385347b1f85fb3199fd6 .sep-text h2.regular-title-wrapper,#wpv-column-ee3d743218a2385347b1f85fb3199fd6 .text-divider-double,#wpv-column-ee3d743218a2385347b1f85fb3199fd6 .sep-text .sep-text-line,#wpv-column-ee3d743218a2385347b1f85fb3199fd6 .sep,#wpv-column-ee3d743218a2385347b1f85fb3199fd6 .sep-2,#wpv-column-ee3d743218a2385347b1f85fb3199fd6 .sep-3,#wpv-column-ee3d743218a2385347b1f85fb3199fd6 td,#wpv-column-ee3d743218a2385347b1f85fb3199fd6 th,#wpv-column-ee3d743218a2385347b1f85fb3199fd6 caption{color:#dd1831;}#wpv-column-ee3d743218a2385347b1f85fb3199fd6:before{background-color:transparent;}<\/style><div class=\"row \"><div class=\"wpv-grid grid-1-1  first unextended\" style=\"padding-top:0px;padding-bottom:0px\" id=\"wpv-column-bd44c9ee2aa9dab4702f54a71d28366f\" ><div class=\"push\" style='height:30px'><\/div>\n<h3 style=\"text-align: center;\"><span style=\"color: #a10505;\">Au 1er janvier 2018, <strong>CMS Bureau Francis Lefebvre devient \u00ab CMS<\/strong><\/span><span style=\"color: #a10505;\"><strong>\u00a0Francis Lefebvre Avocats \u00bb<\/strong><\/span><span style=\"color: #a10505;\">.<\/span><\/h3>\n<p class=\"textcenter\"><a href=\"https:\/\/cms.law\/fr\/FRA\/News-Information\/CMS-Bureau-Francis-Lefebvre-evolue-et-devient-CMS-Francis-Lefebvre-Avocats\" target=\"_blank\" style='font-size: 15px;' class=\"button vamtam-button accent1  button-border hover-accent1 \"><span class=\"btext\">En savoir plus<\/span><\/a><\/p>\n<div class=\"push\" style='height:30px'><\/div><\/div><\/div><\/div><\/div><\/div>\n<div class=\"row \"><div class=\"wpv-grid grid-1-1  wpv-first-level first unextended animation-from-bottom animated-active\" style=\"padding-top:0px;padding-bottom:0px\" id=\"wpv-column-050d42e6bcc11bb988b6a86677ac826c\" ><div class=\"row \"><div class=\"wpv-grid grid-1-2  first unextended\" style=\"padding-top:0px;padding-bottom:0px\" id=\"wpv-column-9cd3f4cf7d25ff327fadbe364f119351\" ><div class=\"row \"><div class=\"wpv-grid grid-1-1  first unextended\" style=\"padding-top:0px;padding-bottom:0px\" id=\"wpv-column-9ad657684941d562b1ce8789c8b2b3e5\" ><div class=\"push\" style='height:30px'><\/div>\n<h3 style=\"text-align: center;\">Par son histoire et sa taille, le cabinet CMS Bureau Francis Lefebvre est une v\u00e9ritable institution du monde juridico-financier en France.<\/h3>\n<h3 style=\"text-align: center;\">En effet, <span style=\"color: #800000;\">celui-ci repr\u00e9sente l&rsquo;un des tout premiers cabinets d&rsquo;avocats de droit des affaires en France<\/span>. Ses <strong>positions en mati\u00e8re fiscale, juridique et sociale<\/strong> l&rsquo;ont de longue date consacr\u00e9 comme \u00e9tant le cabinet de r\u00e9f\u00e9rence dans ces domaines.<\/h3>\n<h3 style=\"text-align: center;\">Avec 91 ans d&rsquo;existence et aujourd&rsquo;hui <strong>plus de 380 avocats<\/strong>, <span style=\"color: #800000;\">le Cabinet est <strong>membre du r\u00e9seau international CMS implant\u00e9 dans 41 pays \u00e0 travers le monde<\/strong><\/span> et qui regroupe 14 grands cabinets europ\u00e9ens ind\u00e9pendants soit plus de 7500 collaborateurs dont 4500 avocats.<\/h3><\/div><\/div><\/div>\n<div class=\"wpv-grid grid-1-2  unextended\" style=\"padding-top:0px;padding-bottom:0px\" id=\"wpv-column-ba55453d7f0588280c02824782e81cee\" ><div class=\"row \"><div class=\"wpv-grid grid-1-1  first unextended\" style=\"padding-top:0px;padding-bottom:0px\" id=\"wpv-column-e98d9fbda2102972a417c5661da18236\" ><div class=\"push\" style='height:44px'><\/div>\n<!-- Final Tiles Grid Gallery for WordPress v3.5.6 free --><style>#ftg-3535 .tile .icon { color:#ffffff; }#ftg-3535 .ftg-items .loading-bar i { background:#666; }#ftg-3535 .ftg-items .loading-bar { background:#fff; }#ftg-3535 .tile .icon { font-size:12px; }#ftg-3535 .tile .icon { margin: -6px 0 0 -6px; }#ftg-3535 .tile .caption-block .text-wrapper span.text { font-size:12px; }#ftg-3535 .tile .caption-outside .text-wrapper span.text { font-size:12px; }#ftg-3535 .tile .caption-block .text-wrapper span.title { font-size:14px; }#ftg-3535 .tile .caption-outside .text-wrapper span.title { font-size:14px; }#ftg-3535 .tile { background-color: transparent; }#ftg-3535 .tile .caption-block .text-wrapper span.text { color: #ffffff; }#ftg-3535 .tile .caption-block .text-wrapper span.title { color: #ffffff; }#ftg-3535 .tile .caption-outside .text-wrapper span.text { color: #ffffff; }#ftg-3535 .tile .caption-outside .text-wrapper span.title { color: #ffffff; }#ftg-3535 .tile .ftg-social a { color: #ffffff; }#ftg-3535 .tile { border-radius: 4px; }#ftg-3535 .tile { box-shadow: #999999 0px 0px 35px; }#ftg-3535 .tile .caption-block { transition-timing-function:ease; }#ftg-3535 .tile .caption-block { transition-duration:0.25s; }#ftg-3535 .tile .tile-inner:before { background-color: #aac3dd; }#ftg-3535 .tile .tile-inner:before { background-color: rgba(170, 195, 221, 0); }#ftg-3535 .tile:hover img {-moz-transform: ;-webkit-transform: ;-o-transform: ;-ms-transform: ;transform: ;}.final-tiles-gallery { margin:auto; }<\/style><a name='35'><\/a><div class='final-tiles-gallery  ftg-hover-enabled caption-inside  caption-none caption-middle caption-center' id='ftg-3535' style='width:83%'><div class='ftg-items'><div class='loading-bar'><i><\/i><\/div><div  class='tile ftg-preload  '><a title=\"\" data-lightbox='ftg-3535' rel='ftg-3535'  class=' tile-inner  ftg-lightbox' href='http:\/\/www2.droit.parisdescartes.fr\/master-JAI\/wp-content\/uploads\/2018\/05\/25487176_2003378209947948_589910835155887583_o-1024x685.jpg' ><img alt='' class='item skip-lazy' data-class='item' data-ftg-source='http:\/\/www2.droit.parisdescartes.fr\/master-JAI\/wp-content\/uploads\/2018\/05\/25487176_2003378209947948_589910835155887583_o.jpg' src='http:\/\/www2.droit.parisdescartes.fr\/master-JAI\/wp-content\/uploads\/2018\/05\/25487176_2003378209947948_589910835155887583_o.jpg' width='2048' height='1369' \/><\/a><div class='ftg-social'><\/div><\/div><\/div><\/div><script type='text\/javascript'>jQuery('#ftg-3535 img.item').removeAttr('src');jQuery(document).ready(function () {setTimeout(function () {jQuery('#ftg-3535').finalTilesGallery({minTileWidth: 250,margin: 0,loadMethod: 'sequential',nonce: '04f5c1789f',galleryId: '35',setupFilters: true,layout: 'columns',debug: false,gridSize: 25,disableGridSizeBelow:800,allowEnlargement: true,columns: [[4000, 1],[1024, 0],[800, 0],[480, 0],[320, 0]],selectedFilter: 'n-a'});jQuery(function () {(function () {var rel = '';jQuery('#ftg-3535 .ftg-lightbox').click(function (e) {rel = jQuery(this).attr('rel');jQuery('#ftg-3535 .ftg-current').removeClass('ftg-current');jQuery('#ftg-3535 [rel=\"'+rel+'\"]').addClass('ftg-current');});})();});}, 0);});<\/script><\/p>\n<h5 style=\"text-align: center;\"><span style=\"color: #872020;\">Mardi 19 d\u00e9cembre 2017<\/span><\/h5>\n<h5 style=\"text-align: center;\"><span style=\"color: #7d7d7d;\">Dans le cadre d&rsquo;un cours de\u00a0<\/span><span style=\"color: #7d7d7d;\">\u00ab <strong>Fiscalit\u00e9 internationale<\/strong>\u00a0\u00bb,<br \/>\nles \u00e9tudiants de la promotion 2018 ont eu l&rsquo;opportunit\u00e9 d&rsquo;\u00eatre re\u00e7us<\/span><br \/>\n<span style=\"color: #7d7d7d;\">au sein du cabinet <\/span><span style=\"color: #7d7d7d;\">par\u00a0<a href=\"https:\/\/cms.law\/fr\/FRA\/Avocats\/Francois-Rontani?rfb=fr%7CFRA\" target=\"_blank\" rel=\"noopener\">Ma\u00eetre Fran\u00e7ois Rontani<\/a>,<\/span><br \/>\n<span style=\"color: #7d7d7d;\">associ\u00e9 du d\u00e9partement Fiscalit\u00e9 internationale<\/span><\/h5><\/div><\/div><\/div><\/div>\n<div class=\"row \"><div class=\"wpv-grid grid-1-1  first unextended\" style=\"padding-top:0px;padding-bottom:0px\" id=\"wpv-column-2b952b3235d10c83505e760b9763d923\" ><div class=\"row \"><div class=\"wpv-grid grid-1-1  first unextended\" style=\"padding-top:0px;padding-bottom:0px\" id=\"wpv-column-f5d843eb2967d88517b95a0135f2af37\" ><div class=\"push\" style='height:10px'><\/div>\n<h2 style=\"text-align: center;\">Principaux domaines d&rsquo;expertise :<\/h2>\n<div class=\"push\" style='height:3px'><\/div><\/div><\/div>\n<div class=\"row \"><div class=\"wpv-grid grid-1-6  first unextended\" style=\"padding-top:0px;padding-bottom:0px\" id=\"wpv-column-1c257c0558682ff463b7c8ed08ea9894\" ><div class=\"row \"><div class=\"wpv-grid grid-1-1  first unextended\" style=\"padding-top:0px;padding-bottom:0px\" id=\"wpv-column-a1e7fcaf068277a1902fc2e2362422db\" ><h3 style=\"text-align: center;\">Fiscalit\u00e9 directe<\/h3>\n<h3 style=\"text-align: center;\">TVA &amp; Imp\u00f4ts locaux<\/h3>\n<h3 style=\"text-align: center;\">Fiscalit\u00e9 informatique<\/h3>\n<h3 style=\"text-align: center;\">Fiscalit\u00e9 internationale<\/h3><\/div><\/div><\/div>\n<div class=\"wpv-grid grid-1-6  unextended\" style=\"padding-top:0px;padding-bottom:0px\" id=\"wpv-column-e619a6d8f782498f5cd7fd8d0743b944\" ><div class=\"row \"><div class=\"wpv-grid grid-1-1  first unextended\" style=\"padding-top:0px;padding-bottom:0px\" id=\"wpv-column-81680335519c958d378207b8d7d2e2e0\" ><h3 style=\"text-align: center;\">Corporate<\/h3>\n<h3 style=\"text-align: center;\">March\u00e9s de capitaux<\/h3>\n<h3 style=\"text-align: center;\">Banque &amp; Finance<\/h3>\n<h3 style=\"text-align: center;\">Contrats internationaux<\/h3>\n<h3 style=\"text-align: center;\">Proc\u00e9dures collectives<\/h3><\/div><\/div><\/div>\n<div class=\"wpv-grid grid-1-6  unextended\" style=\"padding-top:0px;padding-bottom:0px\" id=\"wpv-column-ebcf26f69bbe83e45dddf203224142c5\" ><div class=\"row \"><div class=\"wpv-grid grid-1-1  first unextended\" style=\"padding-top:0px;padding-bottom:0px\" id=\"wpv-column-90f9c09ada9652ca209b0bc84250e7a6\" ><h3 style=\"text-align: center;\">Droit du patrimoine<\/h3>\n<h3 style=\"text-align: center;\">Droit de l&rsquo;immobilier<\/h3><\/div><\/div><\/div>\n<div class=\"wpv-grid grid-1-6  unextended\" style=\"padding-top:0px;padding-bottom:0px\" id=\"wpv-column-0d4894a47bb113dfa8f8f650bc8f281d\" ><div class=\"row \"><div class=\"wpv-grid grid-1-1  first unextended\" style=\"padding-top:0px;padding-bottom:0px\" id=\"wpv-column-4795a7aa11864aa459053ebe40edc78a\" ><h3 style=\"text-align: center;\">Droit Public<\/h3>\n<h3 style=\"text-align: center;\">Droit de la concurrence<\/h3>\n<h3 style=\"text-align: center;\">Energie<\/h3><\/div><\/div><\/div>\n<div class=\"wpv-grid grid-1-6  unextended\" style=\"padding-top:0px;padding-bottom:0px\" id=\"wpv-column-ddc54d99227de5f09b5e6ef79e094cd0\" ><div class=\"row \"><div class=\"wpv-grid grid-1-1  first unextended\" style=\"padding-top:0px;padding-bottom:0px\" id=\"wpv-column-8a0c60552a04f19bdd57bac7339ae1a9\" ><h3 style=\"text-align: center;\">Propri\u00e9t\u00e9 intellectuelle<\/h3>\n<h3 style=\"text-align: center;\">Droit social<\/h3><\/div><\/div><\/div>\n<div class=\"wpv-grid grid-1-6  unextended\" style=\"padding-top:0px;padding-bottom:0px\" id=\"wpv-column-3af23c5b7b6bbfd31b3a51ac2e5489f8\" ><div class=\"row \"><div class=\"wpv-grid grid-1-1  first unextended\" style=\"padding-top:0px;padding-bottom:0px\" id=\"wpv-column-8a344e6d89064dc94f654d42c029be46\" ><h3 style=\"text-align: center;\">Contentieux<\/h3>\n<h3 style=\"text-align: center;\">Arbitrage<\/h3><\/div><\/div><\/div><\/div><\/div><\/div><\/div><\/div>\n<div class=\"sep-3\"><\/div>\n<div class=\"row \"><div class=\"wpv-grid grid-1-1  wpv-first-level first unextended\" style=\"padding-top:0px;padding-bottom:0px\" id=\"wpv-column-445430d4b8df702094dc41b21c868715\" ><div class=\"push\" style='height:5px'><\/div>\n<h2 style=\"text-align: center;\"><em>\u00ab Your World First (Votre monde, Notre priorit\u00e9) est la promesse qui nous anime. Nous pla\u00e7ons nos <strong>clients au centre de nos pr\u00e9occupations<\/strong>, disposons d\u2019une <strong>vision globale<\/strong> et sommes <strong>ax\u00e9s sur la r\u00e9ussite des entreprises<\/strong> que nous accompagnons \u00bb<\/em><\/h2><\/div><\/div>\n<div class=\"row \"><div class=\"wpv-grid grid-1-2  wpv-first-level first unextended\" style=\"padding-top:0px;padding-bottom:0px\" id=\"wpv-column-d989d2fcab59ce334183c200d98a05e2\" ><div class=\"row \"><div class=\"wpv-grid grid-1-1  first unextended\" style=\"padding-top:0px;padding-bottom:0px\" id=\"wpv-column-1fbf8ed248fc8899d3f9bbc66fab49ff\" ><div class=\"push\" style='height:35px'><\/div>\n<!-- Final Tiles Grid Gallery for WordPress v3.5.6 free --><style>#ftg-3434 .tile .icon { color:#ffffff; }#ftg-3434 .ftg-items .loading-bar i { background:#666; }#ftg-3434 .ftg-items .loading-bar { background:#fff; }#ftg-3434 .tile .icon { font-size:12px; }#ftg-3434 .tile .icon { margin: -6px 0 0 -6px; }#ftg-3434 .tile .caption-block .text-wrapper span.text { font-size:12px; }#ftg-3434 .tile .caption-outside .text-wrapper span.text { font-size:12px; }#ftg-3434 .tile .caption-block .text-wrapper span.title { font-size:14px; }#ftg-3434 .tile .caption-outside .text-wrapper span.title { font-size:14px; }#ftg-3434 .tile { background-color: transparent; }#ftg-3434 .tile .caption-block .text-wrapper span.text { color: #ffffff; }#ftg-3434 .tile .caption-block .text-wrapper span.title { color: #ffffff; }#ftg-3434 .tile .caption-outside .text-wrapper span.text { color: #ffffff; }#ftg-3434 .tile .caption-outside .text-wrapper span.title { color: #ffffff; }#ftg-3434 .tile .ftg-social a { color: #ffffff; }#ftg-3434 .tile { border-radius: 4px; }#ftg-3434 .tile { box-shadow: #999999 0px 0px 35px; }#ftg-3434 .tile .caption-block { transition-timing-function:ease; }#ftg-3434 .tile .caption-block { transition-duration:0.25s; }#ftg-3434 .tile .tile-inner:before { background-color: #aac3dd; }#ftg-3434 .tile .tile-inner:before { background-color: rgba(170, 195, 221, 0); }#ftg-3434 .tile:hover img {-moz-transform: ;-webkit-transform: ;-o-transform: ;-ms-transform: ;transform: ;}.final-tiles-gallery { margin:auto; }<\/style><a name='34'><\/a><div class='final-tiles-gallery  ftg-hover-enabled caption-inside  caption-none caption-middle caption-center' id='ftg-3434' style='width:83%'><div class='ftg-items'><div class='loading-bar'><i><\/i><\/div><div  class='tile ftg-preload  '><a title=\"\" data-lightbox='ftg-3434' rel='ftg-3434'  class=' tile-inner  ftg-lightbox' href='http:\/\/www2.droit.parisdescartes.fr\/master-JAI\/wp-content\/uploads\/2018\/05\/25440095_2003378176614618_3723712565682138336_o-1024x1011.jpg' ><img alt='' class='item skip-lazy' data-class='item' data-ftg-source='http:\/\/www2.droit.parisdescartes.fr\/master-JAI\/wp-content\/uploads\/2018\/05\/25440095_2003378176614618_3723712565682138336_o.jpg' src='http:\/\/www2.droit.parisdescartes.fr\/master-JAI\/wp-content\/uploads\/2018\/05\/25440095_2003378176614618_3723712565682138336_o.jpg' width='1536' height='1517' \/><\/a><div class='ftg-social'><\/div><\/div><\/div><\/div><script type='text\/javascript'>jQuery('#ftg-3434 img.item').removeAttr('src');jQuery(document).ready(function () {setTimeout(function () {jQuery('#ftg-3434').finalTilesGallery({minTileWidth: 250,margin: 0,loadMethod: 'sequential',nonce: '04f5c1789f',galleryId: '34',setupFilters: true,layout: 'columns',debug: false,gridSize: 25,disableGridSizeBelow:800,allowEnlargement: true,columns: [[4000, 1],[1024, 0],[800, 0],[480, 0],[320, 0]],selectedFilter: 'n-a'});jQuery(function () {(function () {var rel = '';jQuery('#ftg-3434 .ftg-lightbox').click(function (e) {rel = jQuery(this).attr('rel');jQuery('#ftg-3434 .ftg-current').removeClass('ftg-current');jQuery('#ftg-3434 [rel=\"'+rel+'\"]').addClass('ftg-current');});})();});}, 0);});<\/script><\/div><\/div><\/div>\n<div class=\"wpv-grid grid-1-2  wpv-first-level unextended\" style=\"padding-top:0px;padding-bottom:0px\" id=\"wpv-column-d46cc03225e7199c8c8cabaca60f0ae9\" ><div class=\"row \"><div class=\"wpv-grid grid-1-1  first unextended\" style=\"padding-top:0px;padding-bottom:0px\" id=\"wpv-column-aff7d4e4fc65e7fb83fa468d566a8176\" ><div class=\"push\" style='height:21px'><\/div>\n<h2 style=\"text-align: center;\">Contacts<\/h2><\/div><\/div>\n<div class=\"row \"><div class=\"wpv-grid grid-1-2  first unextended\" style=\"padding-top:0px;padding-bottom:0px\" id=\"wpv-column-adc61aeab8c1d24b1c208cdd7850c9b7\" ><div class=\"row \"><div class=\"wpv-grid grid-1-1  first unextended\" style=\"padding-top:0px;padding-bottom:0px\" id=\"wpv-column-453f579c7452b4e7471bf726e8b9e851\" ><div class=\"push\" style='height:10px'><\/div>\n<h3 style=\"text-align: center;\"><strong>Adresse postale<\/strong><\/h3>\n<p style=\"text-align: center;\"><span class='icon shortcode theme  use-hover' style='font-size:35px !important;color:#808080;'>&#58891;<\/span>\n<div class=\"push\" style='height:1px'><\/div>\n<h4 style=\"text-align: center;\"><strong><span style=\"color: #800000;\">CMS Bureau Francis Lefebvre<\/span><\/strong><br \/>\n<span style=\"color: #800000;\">2 Rue Ancelle<br \/>\n92522 Neuilly-sur-Seine\u00a0FRANCE<\/span><\/h4>\n<h4 style=\"text-align: center;\"><em>M\u00e9tro : Les Sablons (ligne 1)<\/em><\/h4><\/div><\/div><\/div>\n<div class=\"wpv-grid grid-1-2  unextended\" style=\"padding-top:0px;padding-bottom:0px\" id=\"wpv-column-7d2aff9b6908af25e5e337b998e1e2e5\" ><div class=\"row \"><div class=\"wpv-grid grid-1-1  first unextended\" style=\"padding-top:0px;padding-bottom:0px\" id=\"wpv-column-fce22fb5cc8d79e6986bba0f0bf92208\" ><div class=\"push\" style='height:10px'><\/div>\n<h3 style=\"text-align: center;\"><strong>Adresses mails<\/strong><\/h3>\n<p style=\"text-align: center;\"><span class='icon shortcode   use-hover' style='font-size:35px !important;color:#808080;'>&#58148;<\/span>\n<div class=\"push\" style='height:1px'><\/div>\n<h4 style=\"text-align: center;\">Ambre Boya :<br \/>\n<a href=\"mailto:ambre.boya@cms-bfl.com\">ambre.boya@cms-bfl.com<\/a><\/h4>\n<h4 style=\"text-align: center;\">Laur\u00e8ne Pommier :<br \/>\n<a href=\"mailto:laurene.pommier@cms-bfl.com\">laurene.pommier@cms-bfl.com<\/a><\/h4><\/div><\/div><\/div><\/div>\n<div class=\"row \"><div class=\"wpv-grid grid-1-2  first unextended\" style=\"padding-top:0px;padding-bottom:0px\" id=\"wpv-column-c2d15cac4e11a31aaf9204fa4ddefe37\" ><div class=\"row \"><div class=\"wpv-grid grid-1-1  first unextended\" style=\"padding-top:0px;padding-bottom:0px\" id=\"wpv-column-8555d575c995fc4aacda6b5e1954653a\" ><div class=\"push\" style='height:10px'><\/div>\n<h3 style=\"text-align: center;\"><strong>Site internet<\/strong><\/h3>\n<p style=\"text-align: center;\"><span class='icon shortcode   use-hover' style='font-size:35px !important;color:#808080;'>&#58241;<\/span>\n<div class=\"push\" style='height:1px'><\/div>\n<h4 style=\"text-align: center;\"><a href=\"https:\/\/cms.law\/en\/FRA\" target=\"_blank\" rel=\"noopener\">www.cms.law.fr<\/a><\/h4><\/div><\/div><\/div>\n<div class=\"wpv-grid grid-1-2  unextended\" style=\"padding-top:0px;padding-bottom:0px\" id=\"wpv-column-22fcdda789e6c0730275939a655e2deb\" ><div class=\"row \"><div class=\"wpv-grid grid-1-1  first unextended\" style=\"padding-top:0px;padding-bottom:0px\" id=\"wpv-column-21f17c6f03893c7493d47937c183c7ab\" ><div class=\"push\" style='height:10px'><\/div>\n<h3 style=\"text-align: center;\"><strong>R\u00e9seaux sociaux<\/strong><\/h3><\/div><\/div>\n<div class=\"row \"><div class=\"wpv-grid grid-1-2  first unextended\" style=\"padding-top:0px;padding-bottom:0px\" id=\"wpv-column-ee5e5acbf0d9db4bb81bb547cea48370\" ><div class=\"row \"><div class=\"wpv-grid grid-1-1  first unextended\" style=\"padding-top:0px;padding-bottom:0px\" id=\"wpv-column-c1d42a756fa8a7c11987b1029b4d3228\" ><p><ul class=\"social-icons-lists icons-background-rounded centre\">\n\n\t\t\t\n\t\t\t\t<li class=\"social-icons-list-item\">\n\t\t\t\t\t<a href=\"https:\/\/www.facebook.com\/cms.francis.lefebvre.avocats\/\" target=\"_blank\"  class=\"social-icon\">\n\t\t\t\t\t\t<span class=\"socicon socicon-facebook\" style=\"padding: 10px; font-size: 20px; background-color: #3e5b98\"><\/span>\n\n\t\t\t\t\t\t\t\t\t\t\t<\/a>\n\t\t\t\t<\/li>\n\n\t\t\t\n\t\t<\/ul><\/div><\/div><\/div>\n<div class=\"wpv-grid grid-2-5  unextended\" style=\"padding-top:0px;padding-bottom:0px\" id=\"wpv-column-b8adf82c5b6dfc46a9a7fffc5ff31343\" ><div class=\"row \"><div class=\"wpv-grid grid-1-1  first unextended\" style=\"padding-top:0px;padding-bottom:0px\" id=\"wpv-column-0bcff4ab179c93c63cb39917cb0ab000\" ><p><ul class=\"social-icons-lists icons-background-rounded centre\">\n\n\t\t\t\n\t\t\t\t<li class=\"social-icons-list-item\">\n\t\t\t\t\t<a href=\"https:\/\/www.linkedin.com\/company\/cms-bureau-francis-lefebvre\/\" target=\"_blank\"  class=\"social-icon\">\n\t\t\t\t\t\t<span class=\"socicon socicon-linkedin\" style=\"padding: 10px; font-size: 20px; background-color: #3371b7\"><\/span>\n\n\t\t\t\t\t\t\t\t\t\t\t<\/a>\n\t\t\t\t<\/li>\n\n\t\t\t\n\t\t<\/ul><\/div><\/div><\/div><\/div><\/div><\/div><\/div><\/div>\n","protected":false},"excerpt":{"rendered":"<p>\u00ab\u00a0Deuxi\u00e8me cabinet d\u2019avocats en France par son chiffre d\u2019affaires, CMS Bureau Francis Lefebvre est une r\u00e9f\u00e9rence en mati\u00e8re juridique, fiscale et sociale. L\u2019expertise, la pluridisciplinarit\u00e9 et la qualit\u00e9 des relations entretenues avec ses clients expliquent la notori\u00e9t\u00e9 et le succ\u00e8s du cabinet.\u00a0Il se distingue par ses fortes capacit\u00e9s d\u2019expertise dans toutes les grandes disciplines du&#8230;<\/p>\n","protected":false},"author":4,"featured_media":0,"parent":0,"menu_order":0,"comment_status":"closed","ping_status":"closed","template":"","meta":[],"_links":{"self":[{"href":"http:\/\/www2.droit.parisdescartes.fr\/master-JAI\/index.php?rest_route=\/wp\/v2\/pages\/144"}],"collection":[{"href":"http:\/\/www2.droit.parisdescartes.fr\/master-JAI\/index.php?rest_route=\/wp\/v2\/pages"}],"about":[{"href":"http:\/\/www2.droit.parisdescartes.fr\/master-JAI\/index.php?rest_route=\/wp\/v2\/types\/page"}],"author":[{"embeddable":true,"href":"http:\/\/www2.droit.parisdescartes.fr\/master-JAI\/index.php?rest_route=\/wp\/v2\/users\/4"}],"replies":[{"embeddable":true,"href":"http:\/\/www2.droit.parisdescartes.fr\/master-JAI\/index.php?rest_route=%2Fwp%2Fv2%2Fcomments&post=144"}],"version-history":[{"count":61,"href":"http:\/\/www2.droit.parisdescartes.fr\/master-JAI\/index.php?rest_route=\/wp\/v2\/pages\/144\/revisions"}],"predecessor-version":[{"id":1766,"href":"http:\/\/www2.droit.parisdescartes.fr\/master-JAI\/index.php?rest_route=\/wp\/v2\/pages\/144\/revisions\/1766"}],"wp:attachment":[{"href":"http:\/\/www2.droit.parisdescartes.fr\/master-JAI\/index.php?rest_route=%2Fwp%2Fv2%2Fmedia&parent=144"}],"curies":[{"name":"wp","href":"https:\/\/api.w.org\/{rel}","templated":true}]}}