{"id":1520,"date":"2018-01-11T00:46:47","date_gmt":"2018-01-10T23:46:47","guid":{"rendered":"http:\/\/www2.droit.parisdescartes.fr\/master-JAI\/?page_id=1520"},"modified":"2018-04-12T22:24:08","modified_gmt":"2018-04-12T20:24:08","slug":"temoignages-moot","status":"publish","type":"page","link":"http:\/\/www2.droit.parisdescartes.fr\/master-JAI\/?page_id=1520","title":{"rendered":"T\u00e9moignages &#8211; Moot"},"content":{"rendered":"<div class=\"row \"><div class=\"wpv-grid grid-1-1  wpv-first-level first unextended animation-from-left animated-active\" style=\"padding-top:0px;padding-bottom:0px\" id=\"wpv-column-8d52edca841386921c7c0cffc5295145\" ><div class=\"row \"><div class=\"wpv-grid grid-1-1  first unextended\" style=\"padding-top:0px;padding-bottom:0px\" id=\"wpv-column-f5a9a1867ec6e9f63eab300a7bbd5764\" ><div class=\"push\" style='height:45px'><\/div>\n<h1><img decoding=\"async\" loading=\"lazy\" class=\"aligncenter size-full wp-image-377\" src=\"http:\/\/www2.droit.parisdescartes.fr\/master-JAI\/wp-content\/uploads\/2017\/12\/logo_transparent-1.png\" alt=\"\" width=\"136\" height=\"140\" \/><\/h1>\n<div class=\"push\" style='height:13px'><\/div>\n<h1 style=\"text-align: center;\"><span style=\"color: #000080;\">T\u00e9moignages d&rsquo;anciens Mooties<\/span><\/h1><\/div><\/div>\n<div class=\"sep-3\"><\/div><\/div><\/div>\n<div class=\"row \"><div class=\"wpv-grid grid-1-1  wpv-first-level first unextended\" style=\"padding-top:0px;padding-bottom:0px\" id=\"wpv-column-2abc4eb5cc1001944fe168a01622e9ff\" ><div class=\"row \"><div class=\"wpv-grid grid-1-1  first unextended\" style=\"padding-top:0px;padding-bottom:0px\" id=\"wpv-column-ceced391a7e0778bcc7af6b2336cad03\" ><div class=\"push\" style='height:20px'><\/div>\n<h2 style=\"text-align: center;\">Les \u00e9tudiants de l&rsquo;Universit\u00e9 Paris-Descartes ont \u00e0 l&rsquo;unanimit\u00e9 affirm\u00e9 que<br \/>\n<strong>l&rsquo;exp\u00e9rience fut inoubliable mais surtout tr\u00e8s \u00e9ducative<\/strong>.<\/h2>\n<h2 style=\"text-align: center;\"><span style=\"color: #800000;\">En effet, celle-ci leur a permis de <strong>d\u00e9velopper une \u00e9thique de travail<\/strong><br \/>\ntr\u00e8s b\u00e9n\u00e9fique pour leur future carri\u00e8re, comme le d\u00e9montre ces t\u00e9moignages &#8230;<\/span><\/h2><\/div><\/div><\/div><\/div>\n<div class=\"row \"><div class=\"wpv-grid grid-1-1  wpv-first-level first unextended animation-from-left animated-active\" style=\"padding-top:0px;padding-bottom:0px\" id=\"wpv-column-535dfb737e12da8b4580b3075e980715\" ><div class=\"row \"><div class=\"wpv-grid grid-1-6  first unextended\" style=\"padding-top:0px;padding-bottom:0px\" id=\"wpv-column-5fa61d1ad9b84eb19aac5fd7ea32fe48\" ><div class=\"push\" style='height:55px'><\/div><img decoding=\"async\" loading=\"lazy\" class=\"aligncenter size-full wp-image-2003\" src=\"http:\/\/www2.droit.parisdescartes.fr\/master-JAI\/wp-content\/uploads\/2018\/04\/Plaquette-Page-1-copy-9.png\" alt=\"\" width=\"100\" height=\"100\" srcset=\"http:\/\/www2.droit.parisdescartes.fr\/master-JAI\/wp-content\/uploads\/2018\/04\/Plaquette-Page-1-copy-9.png 100w, http:\/\/www2.droit.parisdescartes.fr\/master-JAI\/wp-content\/uploads\/2018\/04\/Plaquette-Page-1-copy-9-60x60.png 60w\" sizes=\"(max-width: 100px) 100vw, 100px\" \/><\/div>\n<div class=\"wpv-grid grid-5-6  unextended\" style=\"padding-top:0px;padding-bottom:0px\" id=\"wpv-column-681c64757a167e0adb46a28f307b2133\" ><div class=\"push\" style='height:40px'><\/div>\n<h3 style=\"text-align: center;\">\u00ab Le Willem C. Vis Moot m\u2019a beaucoup apport\u00e9 que ce soit pour la r\u00e9daction des m\u00e9moires ou encore de l\u2019exercice p\u00e9rilleux qu\u2019est la plaidoirie. La possibilit\u00e9 de travailler sur un cas concret, en \u00e9quipe pendant plusieurs mois constitue la plus formatrice des exp\u00e9riences universitaires. Je pousse tous ceux ayant cette envie de repousser leurs limites et la volont\u00e9 de r\u00e9ussir de s\u2019engager dans cette aventure, \u00e0 la fin on en sort tous gagnants \u00bb<\/h3>\n<h3 style=\"text-align: center;\">&#8211; <a href=\"https:\/\/www.linkedin.com\/in\/maxime-boisseau-7b8473145\/\" target=\"_blank\" rel=\"noopener\"><span style=\"color: #590000;\">Maxime Boisseau<\/span><\/a> \u2022 <span style=\"color: #800000;\">25th Moot<\/span><\/h3><\/div><\/div><\/div><\/div>\n<div class=\"row \"><div class=\"wpv-grid grid-1-1  wpv-first-level first unextended animation-from-right animated-active\" style=\"padding-top:0px;padding-bottom:0px\" id=\"wpv-column-2a767203900eaad23c31ba51f4b3bd04\" ><div class=\"row \"><div class=\"wpv-grid grid-5-6  first unextended\" style=\"padding-top:0px;padding-bottom:0px\" id=\"wpv-column-8e9857fa2037d590f70a06b19b5a49b6\" ><div class=\"push\" style='height:40px'><\/div>\n<h3 style=\"text-align: center;\">\u00ab L\u2019exp\u00e9rience du Willem C. Vis Moot fut synonyme d\u2019am\u00e9lioration pour moi. Am\u00e9lioration technique d\u2019abord, car elle enseigne la rigueur et l\u2019approche concr\u00e8te de l\u2019arbitrage. Am\u00e9lioration personnelle ensuite, puisqu\u2019un Moot r\u00e9ussi n\u2019est autre que celui qui enseigne \u00e0 travailler en groupe, \u00e0 recevoir la critique et mieux appr\u00e9hender la nervosit\u00e9. Rares \u00e9tant les occasions de d\u00e9velopper ce type d\u2019approche dans l\u2019enseignement sup\u00e9rieur, j\u2019encourage les \u00e9tudiants \u00e0 profiter de cette opportunit\u00e9 enrichissante, qui se soldera \u00e0 coup s\u00fbr par de m\u00e9morables souvenirs !\u00a0\u00bb<\/h3>\n<h3 style=\"text-align: center;\">&#8211; <a href=\"https:\/\/www.linkedin.com\/in\/ma%C3%AFlys-deriat-945949b6\/\" target=\"_blank\" rel=\"noopener\"><span style=\"color: #590000;\">Ma\u00eflys Deriat<\/span><\/a> \u2022 <span style=\"color: #800000;\">25th Moot<\/span><\/h3><\/div>\n<div class=\"wpv-grid grid-1-6  unextended\" style=\"padding-top:0px;padding-bottom:0px\" id=\"wpv-column-2cccfab4901511a69e875ce1a8799100\" ><div class=\"push\" style='height:70px'><\/div>\n<img decoding=\"async\" loading=\"lazy\" class=\"aligncenter size-full wp-image-2002\" src=\"http:\/\/www2.droit.parisdescartes.fr\/master-JAI\/wp-content\/uploads\/2018\/04\/Plaquette-Page-1-copy.png\" alt=\"\" width=\"100\" height=\"101\" srcset=\"http:\/\/www2.droit.parisdescartes.fr\/master-JAI\/wp-content\/uploads\/2018\/04\/Plaquette-Page-1-copy.png 100w, http:\/\/www2.droit.parisdescartes.fr\/master-JAI\/wp-content\/uploads\/2018\/04\/Plaquette-Page-1-copy-60x60.png 60w\" sizes=\"(max-width: 100px) 100vw, 100px\" \/><\/div><\/div><\/div><\/div>\n<div class=\"row \"><div class=\"wpv-grid grid-1-1  wpv-first-level first unextended animation-from-left animated-active\" style=\"padding-top:0px;padding-bottom:0px\" id=\"wpv-column-3cb44ec97d88790166cde409433421a0\" ><div class=\"row \"><div class=\"wpv-grid grid-1-6  first unextended\" style=\"padding-top:0px;padding-bottom:0px\" id=\"wpv-column-fdea9c502ae603d6038805418adc23f5\" ><div class=\"push\" style='height:55px'><\/div>\n<img decoding=\"async\" loading=\"lazy\" class=\"aligncenter size-full wp-image-2018\" src=\"http:\/\/www2.droit.parisdescartes.fr\/master-JAI\/wp-content\/uploads\/2018\/04\/Sarah-1.png\" alt=\"\" width=\"100\" height=\"99\" srcset=\"http:\/\/www2.droit.parisdescartes.fr\/master-JAI\/wp-content\/uploads\/2018\/04\/Sarah-1.png 100w, http:\/\/www2.droit.parisdescartes.fr\/master-JAI\/wp-content\/uploads\/2018\/04\/Sarah-1-60x60.png 60w\" sizes=\"(max-width: 100px) 100vw, 100px\" \/><\/div>\n<div class=\"wpv-grid grid-5-6  unextended\" style=\"padding-top:0px;padding-bottom:0px\" id=\"wpv-column-eb91fd556312dd18f31adc94f009aff7\" ><div class=\"push\" style='height:40px'><\/div>\n<h3 style=\"text-align: center;\">\u00ab L&rsquo;exp\u00e9rience du Willem C. Vis Moot a \u00e9t\u00e9 incroyable pour moi. Un tel travail vous donne vraiment une meilleure id\u00e9e de ce qui est attendu en tant qu&rsquo;avocat en contentieux, \u00e0 la fois en termes de pr\u00e9paration attendue et d&rsquo;application de la loi dans un contexte pratique et r\u00e9el. J&rsquo;ai vraiment appr\u00e9ci\u00e9 cette authentique aventure juridique, c&rsquo;\u00e9tait tout \u00e0 fait stimulant !\u00a0\u00bb<\/h3>\n<h3 style=\"text-align: center;\">&#8211; <a href=\"https:\/\/www.linkedin.com\/in\/sarah-emile-844535124\/ target=\" rel=\"noopener\"><span style=\"color: #590000;\">Sarah Emile<\/span><\/a> \u2022 <span style=\"color: #800000;\">25th Moot<\/span><\/h3><\/div><\/div><\/div><\/div>\n<div class=\"row \"><div class=\"wpv-grid grid-1-1  wpv-first-level first unextended animation-from-right animated-active\" style=\"padding-top:0px;padding-bottom:0px\" id=\"wpv-column-bcb6f762c2f1f8dec1c1097a622034cf\" ><div class=\"row \"><div class=\"wpv-grid grid-5-6  first unextended\" style=\"padding-top:0px;padding-bottom:0px\" id=\"wpv-column-0b3d8b328f87688f33ff071096d68391\" ><div class=\"push\" style='height:40px'><\/div>\n<h3 style=\"text-align: center;\">\u00ab Le Willem C. Vis moot m&rsquo;a beaucoup apport\u00e9. C&rsquo;est une exp\u00e9rience unique o\u00f9 se m\u00ealent le travail, l\u2019entre-aide et la comp\u00e9tition, mais aussi la d\u00e9couverte, le d\u00e9passement de soi et les rencontres. Je remercie Madame le Professeur Olivera Boskovic et le M2 JAI de m&rsquo;avoir donn\u00e9 l&rsquo;opportunit\u00e9 de participer a ce concours et encourage les futurs \u00e9tudiants \u00e0 se lancer dans cette formidable aventure\u00a0\u00bb<\/h3>\n<h3 style=\"text-align: center;\">&#8211; <a href=\"https:\/\/www.linkedin.com\/in\/laura-canet-099b82136\/\" target=\"_blank\" rel=\"noopener\"><span style=\"color: #590000;\">Laura Canet<\/span><\/a> \u2022 <span style=\"color: #800000;\">24th Moot<\/span><\/h3><\/div>\n<div class=\"wpv-grid grid-1-6  unextended\" style=\"padding-top:0px;padding-bottom:0px\" id=\"wpv-column-2366aaa3cc80cd516d673a9ac0baee31\" ><div class=\"push\" style='height:55px'><\/div>\n<img decoding=\"async\" loading=\"lazy\" class=\"aligncenter size-full wp-image-1390\" src=\"http:\/\/www2.droit.parisdescartes.fr\/master-JAI\/wp-content\/uploads\/2018\/01\/Laura.png\" alt=\"\" width=\"100\" height=\"101\" srcset=\"http:\/\/www2.droit.parisdescartes.fr\/master-JAI\/wp-content\/uploads\/2018\/01\/Laura.png 100w, http:\/\/www2.droit.parisdescartes.fr\/master-JAI\/wp-content\/uploads\/2018\/01\/Laura-60x60.png 60w\" sizes=\"(max-width: 100px) 100vw, 100px\" \/><\/div><\/div><\/div><\/div>\n<div class=\"row \"><div class=\"wpv-grid grid-1-1  wpv-first-level first unextended animation-from-left animated-active\" style=\"padding-top:0px;padding-bottom:0px\" id=\"wpv-column-477d891dae20282ddd3778ee8394f564\" ><div class=\"row \"><div class=\"wpv-grid grid-1-6  first unextended\" style=\"padding-top:0px;padding-bottom:0px\" id=\"wpv-column-04a22fde7533a8157805582558bfc17a\" ><div class=\"push\" style='height:52px'><\/div>\n<img decoding=\"async\" loading=\"lazy\" class=\"aligncenter size-full wp-image-1391\" src=\"http:\/\/www2.droit.parisdescartes.fr\/master-JAI\/wp-content\/uploads\/2018\/01\/Fabien.png\" alt=\"\" width=\"100\" height=\"99\" srcset=\"http:\/\/www2.droit.parisdescartes.fr\/master-JAI\/wp-content\/uploads\/2018\/01\/Fabien.png 100w, http:\/\/www2.droit.parisdescartes.fr\/master-JAI\/wp-content\/uploads\/2018\/01\/Fabien-60x60.png 60w\" sizes=\"(max-width: 100px) 100vw, 100px\" \/><\/div>\n<div class=\"wpv-grid grid-5-6  unextended\" style=\"padding-top:0px;padding-bottom:0px\" id=\"wpv-column-c19ff40ff76cb0c978a68e6f516267aa\" ><div class=\"push\" style='height:40px'><\/div>\n<h3 style=\"text-align: center;\">\u00ab Le Willem C. Vis moot de Vienne est une opportunit\u00e9 unique de d\u00e9velopper ses comp\u00e9tences de travail en \u00e9quipe et d\u2019adaptation face \u00e0 des comp\u00e9titeurs et arbitres de tous horizons juridiques. De surcro\u00eet, il s\u2019agit d\u2019une exp\u00e9rience humaine enrichissante permettant d\u2019\u00e9largir son r\u00e9seau en rencontrant des \u00e9tudiants et des professionnels du monde entier \u00bb<\/h3>\n<h3 style=\"text-align: center;\">&#8211; <a href=\"https:\/\/www.linkedin.com\/in\/fabien-duclos-a76987136\/\" target=\"_blank\" rel=\"noopener\"><span style=\"color: #590000;\">Fabien Duclos<\/span><\/a> \u2022 <span style=\"color: #800000;\">24th Moot<\/span><\/h3><\/div><\/div><\/div><\/div>\n<div class=\"row \"><div class=\"wpv-grid grid-1-1  wpv-first-level first unextended animation-from-right animated-active\" style=\"padding-top:0px;padding-bottom:0px\" id=\"wpv-column-c61cc7fc35cee8afc1a78779e5a67a85\" ><div class=\"row \"><div class=\"wpv-grid grid-5-6  first unextended\" style=\"padding-top:0px;padding-bottom:0px\" id=\"wpv-column-c28bb31aef510af910586bb5137cdd63\" ><div class=\"push\" style='height:40px'><\/div>\n<h3 style=\"text-align: center;\">\u00ab Participer au concours international d&rsquo;arbitrage Willem C. Vis Moot a \u00e9t\u00e9 une exp\u00e9rience enrichissante aussi bien sur le plan acad\u00e9mique que sur le plan personnel, notamment en \u00e9changeant avec des \u00e9tudiants \u00e9trangers passionn\u00e9s d&rsquo;arbitrage. Les efforts entrepris en \u00e9quipe ont \u00e9t\u00e9 un r\u00e9el investissement, que j&rsquo;ai pu mettre \u00e0 profit par la suite au sein d&rsquo;un premier stage en arbitrage \u00bb<\/h3>\n<h3 style=\"text-align: center;\">&#8211; <a href=\"https:\/\/www.linkedin.com\/in\/larakhouryfrance\/\" target=\"_blank\" rel=\"noopener\"><span style=\"color: #590000;\">Lara Khoury<\/span><\/a> \u2022 <span style=\"color: #800000;\">24th Moot<\/span><\/h3><\/div>\n<div class=\"wpv-grid grid-1-6  unextended\" style=\"padding-top:0px;padding-bottom:0px\" id=\"wpv-column-da3853432d61feb11bd255f24fea90cc\" ><div class=\"push\" style='height:55px'><\/div>\n<img decoding=\"async\" loading=\"lazy\" class=\"aligncenter size-full wp-image-1392\" src=\"http:\/\/www2.droit.parisdescartes.fr\/master-JAI\/wp-content\/uploads\/2018\/01\/Doc6-1-1.png\" alt=\"\" width=\"100\" height=\"100\" srcset=\"http:\/\/www2.droit.parisdescartes.fr\/master-JAI\/wp-content\/uploads\/2018\/01\/Doc6-1-1.png 100w, http:\/\/www2.droit.parisdescartes.fr\/master-JAI\/wp-content\/uploads\/2018\/01\/Doc6-1-1-60x60.png 60w\" sizes=\"(max-width: 100px) 100vw, 100px\" \/><\/div><\/div><\/div><\/div>\n<div class=\"row \"><div class=\"wpv-grid grid-1-1  wpv-first-level first unextended animation-from-bottom animated-active\" style=\"padding-top:0px;padding-bottom:0px\" id=\"wpv-column-7fe061e690ee1d0fcd3f612d9be05581\" ><div class=\"row \"><div class=\"wpv-grid grid-1-1  first unextended\" style=\"padding-top:0px;padding-bottom:0px\" id=\"wpv-column-e07305de01ceac84aadd40af48c5e6ac\" ><div class=\"push\" style='height:40px'><\/div>\n<h3 style=\"text-align: center;\">\u00ab Je retire de ma participation au Willem C. Vis Moot 2016 trois b\u00e9n\u00e9fices majeurs.<\/h3>\n<div class=\"push\" style='height:2px'><\/div>\n<h3 style=\"text-align: center;\"><strong>Premi\u00e8rement : un apprentissage de l&rsquo;art oratoire<\/strong><\/h3>\n<h3 style=\"text-align: center;\">Les \u00e9tudes de droit ne proposent pas assez de temps de prise de parole,<br \/>\net le Vis Moot a \u00e9t\u00e9 l&rsquo;opportunit\u00e9 d&rsquo;apprendre la synth\u00e8se, la p\u00e9dagogie et la persuasion \u00e0 l&rsquo;oral,<br \/>\ndes \u00ab\u00a0skills\u00a0\u00bb indispensables pour tout futur avocat.<\/h3>\n<h3 style=\"text-align: center;\"><strong>Deuxi\u00e8mement : un apprentissage de la gestion de projet<\/strong><\/h3>\n<h3 style=\"text-align: center;\">La participation \u00e0 ce cours suppose une organisation et un esprit d&rsquo;\u00e9quipe<br \/>\nefficaces afin de partager les t\u00e2ches tant pratiques (organisation des voyages, recherche des financements<br \/>\net du coaching) qu&rsquo;acad\u00e9miques (r\u00e9daction des m\u00e9moires, entrainement \u00e0 la plaidoirie).<br \/>\nCommunication et discipline sont les cl\u00e9s !<\/h3>\n<h3 style=\"text-align: center;\"><strong>Troisi\u00e8mement : la cr\u00e9ation d&rsquo;un r\u00e9seau<\/strong><\/h3>\n<h3 style=\"text-align: center;\">Bien qu&rsquo;ayant finalement quitt\u00e9 le monde de l&rsquo;arbitrage international, le Vis Moot m&rsquo;a permis<br \/>\nde me constituer tr\u00e8s rapidement un r\u00e9seau important dans ce secteur, que ce soit lors de la<br \/>\npr\u00e9paration en France avec les diff\u00e9rents cabinets nous ayant aid\u00e9s ou lors des voyages<br \/>\no\u00f9 j&rsquo;ai pu rencontrer des jeunes futurs avocats du monde entier.<\/h3>\n<h3 style=\"text-align: center;\"><em>En bonus :<br \/>\nVoyages, f\u00eates et rencontres \u00e0 travers toute l&rsquo;Europe !<\/em> \u00bb<\/h3>\n<div class=\"push\" style='height:3px'><\/div>\n<p><img decoding=\"async\" loading=\"lazy\" class=\"aligncenter size-full wp-image-1529\" src=\"http:\/\/www2.droit.parisdescartes.fr\/master-JAI\/wp-content\/uploads\/2018\/01\/Doc13-1.png\" alt=\"\" width=\"100\" height=\"100\" srcset=\"http:\/\/www2.droit.parisdescartes.fr\/master-JAI\/wp-content\/uploads\/2018\/01\/Doc13-1.png 100w, http:\/\/www2.droit.parisdescartes.fr\/master-JAI\/wp-content\/uploads\/2018\/01\/Doc13-1-60x60.png 60w\" sizes=\"(max-width: 100px) 100vw, 100px\" \/><\/p>\n<h3 style=\"text-align: center;\">&#8211; <a href=\"https:\/\/www.linkedin.com\/in\/alexandre-de-chezelles-892aa3b7\/\" target=\"_blank\" rel=\"noopener\"><span style=\"color: #590000;\">Alexandre de Chezelles<\/span><\/a> \u2022 <span style=\"color: #800000;\">23th Moot<\/span><\/h3>\n<div class=\"push\" style='height:30px'><\/div><\/div><\/div><\/div><\/div>\n","protected":false},"excerpt":{"rendered":"<p>T\u00e9moignages d&rsquo;anciens Mooties Les \u00e9tudiants de l&rsquo;Universit\u00e9 Paris-Descartes ont \u00e0 l&rsquo;unanimit\u00e9 affirm\u00e9 que l&rsquo;exp\u00e9rience fut inoubliable mais surtout tr\u00e8s \u00e9ducative. En effet, celle-ci leur a permis de d\u00e9velopper une \u00e9thique de travail tr\u00e8s b\u00e9n\u00e9fique pour leur future carri\u00e8re, comme le d\u00e9montre ces t\u00e9moignages &#8230; \u00ab Le Willem C. Vis Moot m\u2019a beaucoup apport\u00e9 que ce&#8230;<\/p>\n","protected":false},"author":4,"featured_media":0,"parent":0,"menu_order":0,"comment_status":"closed","ping_status":"closed","template":"","meta":[],"_links":{"self":[{"href":"http:\/\/www2.droit.parisdescartes.fr\/master-JAI\/index.php?rest_route=\/wp\/v2\/pages\/1520"}],"collection":[{"href":"http:\/\/www2.droit.parisdescartes.fr\/master-JAI\/index.php?rest_route=\/wp\/v2\/pages"}],"about":[{"href":"http:\/\/www2.droit.parisdescartes.fr\/master-JAI\/index.php?rest_route=\/wp\/v2\/types\/page"}],"author":[{"embeddable":true,"href":"http:\/\/www2.droit.parisdescartes.fr\/master-JAI\/index.php?rest_route=\/wp\/v2\/users\/4"}],"replies":[{"embeddable":true,"href":"http:\/\/www2.droit.parisdescartes.fr\/master-JAI\/index.php?rest_route=%2Fwp%2Fv2%2Fcomments&post=1520"}],"version-history":[{"count":27,"href":"http:\/\/www2.droit.parisdescartes.fr\/master-JAI\/index.php?rest_route=\/wp\/v2\/pages\/1520\/revisions"}],"predecessor-version":[{"id":2023,"href":"http:\/\/www2.droit.parisdescartes.fr\/master-JAI\/index.php?rest_route=\/wp\/v2\/pages\/1520\/revisions\/2023"}],"wp:attachment":[{"href":"http:\/\/www2.droit.parisdescartes.fr\/master-JAI\/index.php?rest_route=%2Fwp%2Fv2%2Fmedia&parent=1520"}],"curies":[{"name":"wp","href":"https:\/\/api.w.org\/{rel}","templated":true}]}}