{"id":1522,"date":"2018-01-11T00:50:25","date_gmt":"2018-01-10T23:50:25","guid":{"rendered":"http:\/\/www2.droit.parisdescartes.fr\/master-JAI\/?page_id=1522"},"modified":"2018-01-22T11:55:19","modified_gmt":"2018-01-22T10:55:19","slug":"mooties-2018","status":"publish","type":"page","link":"http:\/\/www2.droit.parisdescartes.fr\/master-JAI\/?page_id=1522","title":{"rendered":"Mooties 2018"},"content":{"rendered":"<div class=\"row \"><div class=\"wpv-grid grid-1-1  wpv-first-level first unextended animation-from-left animated-active\" style=\"padding-top:0px;padding-bottom:0px\" id=\"wpv-column-b490977badc149511fc39c6c2c7d607f\" ><div class=\"row \"><div class=\"wpv-grid grid-1-1  first unextended\" style=\"padding-top:0px;padding-bottom:0px\" id=\"wpv-column-2edf37dcf8d3498d95b2a1f6d8bb51dd\" ><div class=\"push\" style='height:45px'><\/div>\n<h1><img decoding=\"async\" loading=\"lazy\" class=\"aligncenter size-full wp-image-377\" src=\"http:\/\/www2.droit.parisdescartes.fr\/master-JAI\/wp-content\/uploads\/2017\/12\/logo_transparent-1.png\" alt=\"\" width=\"136\" height=\"140\" \/><\/h1>\n<div class=\"push\" style='height:13px'><\/div>\n<h1 style=\"text-align: center;\"><span style=\"color: #000080;\">Qui participera \u00e0 cette aventure <strong>en 2018<\/strong> ?<\/span><\/h1><\/div><\/div>\n<div class=\"sep-3\"><\/div><\/div><\/div>\n<div class=\"row \"><div class=\"wpv-grid grid-1-1  wpv-first-level first unextended\" style=\"padding-top:0px;padding-bottom:0px\" id=\"wpv-column-a285bcdf6a4fe1456b6e7657262c8113\" ><div class=\"push\" style='height:25px'><\/div><\/div><\/div>\n<div class=\"row \"><div class=\"wpv-grid grid-1-1  wpv-first-level first has-background extended\" style=\"background-color:#fdf7f7;padding-top:0px;padding-bottom:0px\" id=\"wpv-column-c4f2eba986406e8974948455cea0b802\" ><div class=\"extended-column-inner\"><style>#wpv-column-c4f2eba986406e8974948455cea0b802 p,#wpv-column-c4f2eba986406e8974948455cea0b802 em,#wpv-column-c4f2eba986406e8974948455cea0b802 .column-title,#wpv-column-c4f2eba986406e8974948455cea0b802 .sep-text h2.regular-title-wrapper,#wpv-column-c4f2eba986406e8974948455cea0b802 .text-divider-double,#wpv-column-c4f2eba986406e8974948455cea0b802 .sep-text .sep-text-line,#wpv-column-c4f2eba986406e8974948455cea0b802 .sep,#wpv-column-c4f2eba986406e8974948455cea0b802 .sep-2,#wpv-column-c4f2eba986406e8974948455cea0b802 .sep-3,#wpv-column-c4f2eba986406e8974948455cea0b802 td,#wpv-column-c4f2eba986406e8974948455cea0b802 th,#wpv-column-c4f2eba986406e8974948455cea0b802 caption{color:#c43131;}#wpv-column-c4f2eba986406e8974948455cea0b802:before{background-color:transparent;}<\/style><div class=\"row \"><div class=\"wpv-grid grid-1-1  first unextended\" style=\"padding-top:0px;padding-bottom:0px\" id=\"wpv-column-d76e80d8acc7787322a11947de8037c3\" ><div class=\"push\" style='height:30px'><\/div>\n<p class=\"textcenter\"><a href=\"http:\/\/www2.droit.parisdescartes.fr\/master-JAI\/wp-content\/uploads\/2018\/01\/Plaquette-de\u0301finitive-10112017.pdf\" target=\"_blank\" style='font-size: 18px;' class=\"button vamtam-button accent1  button-border hover-accent1 \"><span class='icon shortcode   use-hover' style='font-size:26px !important;color:#bc2215;'>&#57808;<\/span><span class=\"btext\">D\u00e9couvrez leur plaquette de sponsoring 2017\/2018 !<\/span><\/a><\/p>\n<div class=\"push\" style='height:30px'><\/div><\/div><\/div><\/div><\/div><\/div>\n<div class=\"row \"><div class=\"wpv-grid grid-1-1  wpv-first-level first unextended\" style=\"padding-top:0px;padding-bottom:0px\" id=\"wpv-column-27e6d82597255982bab0e979228dfeaf\" ><div class=\"row \"><div class=\"wpv-grid grid-1-1  first unextended\" style=\"padding-top:0px;padding-bottom:0px\" id=\"wpv-column-a32d648f6760046c9b1537daca401514\" ><div class=\"push\" style='height:40px'><\/div>\n<h2 style=\"text-align: center;\">L&rsquo;\u00e9quipe <strong>Paris V Moot 2018<\/strong><\/h2>\n<div class=\"push\" style='height:30px'><\/div>\n<!-- Final Tiles Grid Gallery for WordPress v3.5.6 free --><style>#ftg-55 .tile .icon { color:#ffffff; }#ftg-55 .ftg-items .loading-bar i { background:#666; }#ftg-55 .ftg-items .loading-bar { background:#fff; }#ftg-55 .tile .icon { font-size:12px; }#ftg-55 .tile .icon { margin: -6px 0 0 -6px; }#ftg-55 .tile .caption-block .text-wrapper span.text { font-size:12px; }#ftg-55 .tile .caption-outside .text-wrapper span.text { font-size:12px; }#ftg-55 .tile .caption-block .text-wrapper span.title { font-size:14px; }#ftg-55 .tile .caption-outside .text-wrapper span.title { font-size:14px; }#ftg-55 .tile { background-color: transparent; }#ftg-55 .tile .caption-block .text-wrapper span.text { color: #ffffff; }#ftg-55 .tile .caption-block .text-wrapper span.title { color: #ffffff; }#ftg-55 .tile .caption-outside .text-wrapper span.text { color: #ffffff; }#ftg-55 .tile .caption-outside .text-wrapper span.title { color: #ffffff; }#ftg-55 .tile .ftg-social a { color: #ffffff; }#ftg-55 .tile { border-radius: 3px; }#ftg-55 .tile { box-shadow: #9b9b9b 0px 0px 15px; }#ftg-55 .tile .caption-block { transition-timing-function:ease; }#ftg-55 .tile .caption-block { transition-duration:0.25s; }#ftg-55 .tile .tile-inner:before { background-color: #acafe0; }#ftg-55 .tile .tile-inner:before { background-color: rgba(172, 175, 224, 0.5); }#ftg-55 .tile:hover img {-moz-transform: ;-webkit-transform: ;-o-transform: ;-ms-transform: ;transform: ;}.final-tiles-gallery { margin:auto; }<\/style><a name='5'><\/a><div class='final-tiles-gallery  ftg-hover-enabled caption-inside  caption-none caption-middle caption-center' id='ftg-55' style='width:60%'><div class='ftg-items'><div class='loading-bar'><i><\/i><\/div><div  class='tile ftg-preload  '><a title=\"Olivia Kimbrough\"  rel='ftg-55' target='_blank' class=' tile-inner  ' href='https:\/\/www.linkedin.com\/in\/olivia-diane-kimbrough-990431b9\/' ><img alt='Olivia Kimbrough' class='item skip-lazy' data-class='item' data-ftg-source='http:\/\/www2.droit.parisdescartes.fr\/master-JAI\/wp-content\/uploads\/2017\/12\/IMG_7865-3-768x924.jpg' src='http:\/\/www2.droit.parisdescartes.fr\/master-JAI\/wp-content\/uploads\/2017\/12\/IMG_7865-3-768x924.jpg' width='768' height='924' \/><div class='caption-block'><div class='text-wrapper'><span class='title'>Olivia Kimbrough<\/span><\/div><\/div><\/a><div class='ftg-social'><\/div><\/div><div  class='tile ftg-preload  '><a title=\"Maxime Boisseau\"  rel='ftg-55' target='_blank' class=' tile-inner  ' href='https:\/\/www.linkedin.com\/in\/maxime-boisseau-7b8473145\/' ><img alt='Maxime Boisseau' class='item skip-lazy' data-class='item' data-ftg-source='http:\/\/www2.droit.parisdescartes.fr\/master-JAI\/wp-content\/uploads\/2017\/12\/22449185_10214419587710140_1640964847_o-1-1-768x675.jpg' src='http:\/\/www2.droit.parisdescartes.fr\/master-JAI\/wp-content\/uploads\/2017\/12\/22449185_10214419587710140_1640964847_o-1-1-768x675.jpg' width='768' height='675' \/><div class='caption-block'><div class='text-wrapper'><span class='title'>Maxime Boisseau<\/span><\/div><\/div><\/a><div class='ftg-social'><\/div><\/div><div  class='tile ftg-preload  '><a title=\"Ma\u00eflys Deriat\"  rel='ftg-55' target='_blank' class=' tile-inner  ' href='https:\/\/www.linkedin.com\/in\/ma%C3%AFlys-deriat-945949b6\/' ><img alt='Ma\u00eflys Deriat' class='item skip-lazy' data-class='item' data-ftg-source='http:\/\/www2.droit.parisdescartes.fr\/master-JAI\/wp-content\/uploads\/2017\/12\/22429390_10214419587190127_1448767589_o-1-1-766x760.jpg' src='http:\/\/www2.droit.parisdescartes.fr\/master-JAI\/wp-content\/uploads\/2017\/12\/22429390_10214419587190127_1448767589_o-1-1-766x760.jpg' width='766' height='760' \/><div class='caption-block'><div class='text-wrapper'><span class='title'>Ma\u00eflys Deriat<\/span><\/div><\/div><\/a><div class='ftg-social'><\/div><\/div><div  class='tile ftg-preload  '><a title=\"Sarah Emile\"  rel='ftg-55' target='_blank' class=' tile-inner  ' href='https:\/\/www.linkedin.com\/in\/sarah-emile-844535124\/' ><img alt='Sarah Emile' class='item skip-lazy' data-class='item' data-ftg-source='http:\/\/www2.droit.parisdescartes.fr\/master-JAI\/wp-content\/uploads\/2017\/12\/22404295_10214665440653787_2130320000_o-1-768x956.jpg' src='http:\/\/www2.droit.parisdescartes.fr\/master-JAI\/wp-content\/uploads\/2017\/12\/22404295_10214665440653787_2130320000_o-1-768x956.jpg' width='768' height='956' \/><div class='caption-block'><div class='text-wrapper'><span class='title'>Sarah Emile<\/span><\/div><\/div><\/a><div class='ftg-social'><\/div><\/div><div  class='tile ftg-preload  '><a title=\"Anne Dubus\"  rel='ftg-55' target='_blank' class=' tile-inner  ' href='https:\/\/www.linkedin.com\/in\/anne-dubus-2036ab12b\/' ><img alt='Anne Dubus' class='item skip-lazy' data-class='item' data-ftg-source='http:\/\/www2.droit.parisdescartes.fr\/master-JAI\/wp-content\/uploads\/2017\/12\/22404271_10214419588350156_116982175_o-1-1-246x300.jpg' src='http:\/\/www2.droit.parisdescartes.fr\/master-JAI\/wp-content\/uploads\/2017\/12\/22404271_10214419588350156_116982175_o-1-1-246x300.jpg' width='246' height='300' \/><div class='caption-block'><div class='text-wrapper'><span class='title'>Anne Dubus<\/span><\/div><\/div><\/a><div class='ftg-social'><\/div><\/div><div  class='tile ftg-preload  '><a title=\"Andjela Petra Nikolic\"  rel='ftg-55' target='_blank' class=' tile-inner  ' href='https:\/\/www.linkedin.com\/in\/andjela-petra-nikolic-5151b0a7\/' ><img alt='Andjela Petra Nikolic' class='item skip-lazy' data-class='item' data-ftg-source='http:\/\/www2.droit.parisdescartes.fr\/master-JAI\/wp-content\/uploads\/2017\/12\/22396756_1430350417019083_1772599996_o-1-768x872.jpg' src='http:\/\/www2.droit.parisdescartes.fr\/master-JAI\/wp-content\/uploads\/2017\/12\/22396756_1430350417019083_1772599996_o-1-768x872.jpg' width='768' height='872' \/><div class='caption-block'><div class='text-wrapper'><span class='title'>Andjela Petra Nikolic<\/span><\/div><\/div><\/a><div class='ftg-social'><\/div><\/div><div  class='tile ftg-preload  '><a title=\"Martin Jouvenot\"  rel='ftg-55' target='_blank' class=' tile-inner  ' href='https:\/\/www.linkedin.com\/in\/martin-jouvenot-b2ba63b6\/' ><img alt='Martin Jouvenot' class='item skip-lazy' data-class='item' data-ftg-source='http:\/\/www2.droit.parisdescartes.fr\/master-JAI\/wp-content\/uploads\/2017\/12\/22396448_10214419588230153_1102146106_o-1-1-768x759.jpg' src='http:\/\/www2.droit.parisdescartes.fr\/master-JAI\/wp-content\/uploads\/2017\/12\/22396448_10214419588230153_1102146106_o-1-1-768x759.jpg' width='768' height='759' \/><div class='caption-block'><div class='text-wrapper'><span class='title'>Martin Jouvenot<\/span><\/div><\/div><\/a><div class='ftg-social'><\/div><\/div><\/div><\/div><script type='text\/javascript'>jQuery('#ftg-55 img.item').removeAttr('src');jQuery(document).ready(function () {setTimeout(function () {jQuery('#ftg-55').finalTilesGallery({minTileWidth: 250,margin: 20,loadMethod: 'sequential',nonce: '04f5c1789f',galleryId: '5',setupFilters: true,layout: 'columns',debug: false,gridSize: 25,disableGridSizeBelow:800,allowEnlargement: true,columns: [[4000, 3],[1024, 4],[800, 3],[480, 3],[320, 2]],selectedFilter: 'n-a'});jQuery(function () {(function () {var rel = '';jQuery('#ftg-55 .ftg-lightbox').click(function (e) {rel = jQuery(this).attr('rel');jQuery('#ftg-55 .ftg-current').removeClass('ftg-current');jQuery('#ftg-55 [rel=\"'+rel+'\"]').addClass('ftg-current');});})();});}, 0);});<\/script><br \/>\n<div class=\"push\" style='height:10px'><\/div>\n<h3 style=\"text-align: center;\"><em>N&rsquo;h\u00e9sitez pas \u00e0 contacter les Mooties 2018 si vous souhaitez dialoguer avec eux<br \/>\nou obtenir des informations compl\u00e9mentaires sur la participation au Willem C. Vis Moot<br \/>\n\u00e0 l&rsquo;adresse suivante :<\/em><\/h3>\n<h3 style=\"text-align: center;\"><a href=\"mailto:team.vismoot.parisV@gmail.com\">team.vismoot.parisV@gmail.com<\/a><\/h3>\n<div class=\"push\" style='height:10px'><\/div><\/div><\/div><\/div><\/div>\n","protected":false},"excerpt":{"rendered":"<p>Qui participera \u00e0 cette aventure en 2018 ? L&rsquo;\u00e9quipe Paris V Moot 2018 N&rsquo;h\u00e9sitez pas \u00e0 contacter les Mooties 2018 si vous souhaitez dialoguer avec eux ou obtenir des informations compl\u00e9mentaires sur la participation au Willem C. Vis Moot \u00e0 l&rsquo;adresse suivante : team.vismoot.parisV@gmail.com<\/p>\n","protected":false},"author":4,"featured_media":0,"parent":0,"menu_order":0,"comment_status":"closed","ping_status":"closed","template":"","meta":[],"_links":{"self":[{"href":"http:\/\/www2.droit.parisdescartes.fr\/master-JAI\/index.php?rest_route=\/wp\/v2\/pages\/1522"}],"collection":[{"href":"http:\/\/www2.droit.parisdescartes.fr\/master-JAI\/index.php?rest_route=\/wp\/v2\/pages"}],"about":[{"href":"http:\/\/www2.droit.parisdescartes.fr\/master-JAI\/index.php?rest_route=\/wp\/v2\/types\/page"}],"author":[{"embeddable":true,"href":"http:\/\/www2.droit.parisdescartes.fr\/master-JAI\/index.php?rest_route=\/wp\/v2\/users\/4"}],"replies":[{"embeddable":true,"href":"http:\/\/www2.droit.parisdescartes.fr\/master-JAI\/index.php?rest_route=%2Fwp%2Fv2%2Fcomments&post=1522"}],"version-history":[{"count":8,"href":"http:\/\/www2.droit.parisdescartes.fr\/master-JAI\/index.php?rest_route=\/wp\/v2\/pages\/1522\/revisions"}],"predecessor-version":[{"id":2211,"href":"http:\/\/www2.droit.parisdescartes.fr\/master-JAI\/index.php?rest_route=\/wp\/v2\/pages\/1522\/revisions\/2211"}],"wp:attachment":[{"href":"http:\/\/www2.droit.parisdescartes.fr\/master-JAI\/index.php?rest_route=%2Fwp%2Fv2%2Fmedia&parent=1522"}],"curies":[{"name":"wp","href":"https:\/\/api.w.org\/{rel}","templated":true}]}}