{"id":1614,"date":"2018-01-15T12:45:55","date_gmt":"2018-01-15T11:45:55","guid":{"rendered":"http:\/\/www2.droit.parisdescartes.fr\/master-JAI\/?page_id=1614"},"modified":"2018-05-07T14:05:11","modified_gmt":"2018-05-07T12:05:11","slug":"espace-professionnel","status":"publish","type":"page","link":"http:\/\/www2.droit.parisdescartes.fr\/master-JAI\/?page_id=1614","title":{"rendered":"Espace professionnel"},"content":{"rendered":"<div class=\"row \"><div class=\"wpv-grid grid-1-1  wpv-first-level first unextended animation-from-left animated-active\" style=\"padding-top:0px;padding-bottom:0px\" id=\"wpv-column-5e8d4c51da8b19492167725a2cdfe687\" ><div class=\"row \"><div class=\"wpv-grid grid-1-1  first unextended\" style=\"padding-top:0px;padding-bottom:0px\" id=\"wpv-column-3e7ee6891609c363167c94da5340ba23\" ><div class=\"push\" style='height:45px'><\/div>\n<h1 style=\"text-align: center;\"><span style=\"color: #800000;\">Offres de stage ou d&#8217;emploi<\/span><\/h1><\/div><\/div>\n<div class=\"sep\"><\/div><\/div><\/div>\n<div class=\"row \"><div class=\"wpv-grid grid-1-1  wpv-first-level first unextended\" style=\"padding-top:0px;padding-bottom:0px\" id=\"wpv-column-573aa4d2b9a3e257522d367ab23add39\" ><div class=\"row \"><div class=\"wpv-grid grid-1-1  first unextended\" style=\"padding-top:0px;padding-bottom:0px\" id=\"wpv-column-234c992bec2659d1870693b38f8c7e43\" ><div class=\"push\" style='height:20px'><\/div>\n<p><!-- Final Tiles Grid Gallery for WordPress v3.5.6 free --><style>#ftg-1212 .tile .icon { color:#ffffff; }#ftg-1212 .ftg-items .loading-bar i { background:#666; }#ftg-1212 .ftg-items .loading-bar { background:#fff; }#ftg-1212 .tile .icon { font-size:12px; }#ftg-1212 .tile .icon { margin: -6px 0 0 -6px; }#ftg-1212 .tile .caption-block .text-wrapper span.text { font-size:12px; }#ftg-1212 .tile .caption-outside .text-wrapper span.text { font-size:12px; }#ftg-1212 .tile .caption-block .text-wrapper span.title { font-size:14px; }#ftg-1212 .tile .caption-outside .text-wrapper span.title { font-size:14px; }#ftg-1212 .tile { background-color: transparent; }#ftg-1212 .tile .caption-block .text-wrapper span.text { color: #ffffff; }#ftg-1212 .tile .caption-block .text-wrapper span.title { color: #ffffff; }#ftg-1212 .tile .caption-outside .text-wrapper span.text { color: #ffffff; }#ftg-1212 .tile .caption-outside .text-wrapper span.title { color: #ffffff; }#ftg-1212 .tile .ftg-social a { color: #ffffff; }#ftg-1212 .tile { border-radius: 4px; }#ftg-1212 .tile { box-shadow: #bfbfbf 0px 0px 35px; }#ftg-1212 .tile .caption-block { transition-timing-function:ease; }#ftg-1212 .tile .caption-block { transition-duration:0.25s; }#ftg-1212 .tile .tile-inner:before { background-color: #aac3dd; }#ftg-1212 .tile .tile-inner:before { background-color: rgba(170, 195, 221, 0); }#ftg-1212 .tile:hover img {-moz-transform: ;-webkit-transform: ;-o-transform: ;-ms-transform: ;transform: ;}.final-tiles-gallery { margin:auto; }<\/style><a name='12'><\/a><div class='final-tiles-gallery  ftg-hover-enabled caption-inside  caption-none caption-middle caption-center' id='ftg-1212' style='width:53%'><div class='ftg-items'><div class='loading-bar'><i><\/i><\/div><div  class='tile ftg-preload  '><a title=\"\" data-lightbox='ftg-1212' rel='ftg-1212'  class=' tile-inner  ftg-lightbox' href='http:\/\/www2.droit.parisdescartes.fr\/master-JAI\/wp-content\/uploads\/2018\/05\/rawpixel-620227-unsplash-1-3.jpg' ><img alt='' class='item skip-lazy' data-class='item' data-ftg-source='http:\/\/www2.droit.parisdescartes.fr\/master-JAI\/wp-content\/uploads\/2018\/05\/rawpixel-620227-unsplash-1-3.jpg' src='http:\/\/www2.droit.parisdescartes.fr\/master-JAI\/wp-content\/uploads\/2018\/05\/rawpixel-620227-unsplash-1-3.jpg' width='700' height='360' \/><\/a><div class='ftg-social'><\/div><\/div><\/div><\/div><script type='text\/javascript'>jQuery('#ftg-1212 img.item').removeAttr('src');jQuery(document).ready(function () {setTimeout(function () {jQuery('#ftg-1212').finalTilesGallery({minTileWidth: 250,margin: 0,loadMethod: 'sequential',nonce: '04f5c1789f',galleryId: '12',setupFilters: true,layout: 'columns',debug: false,gridSize: 25,disableGridSizeBelow:800,allowEnlargement: true,columns: [[4000, 1],[1024, 0],[800, 0],[480, 0],[320, 0]],selectedFilter: 'n-a'});jQuery(function () {(function () {var rel = '';jQuery('#ftg-1212 .ftg-lightbox').click(function (e) {rel = jQuery(this).attr('rel');jQuery('#ftg-1212 .ftg-current').removeClass('ftg-current');jQuery('#ftg-1212 [rel=\"'+rel+'\"]').addClass('ftg-current');});})();});}, 0);});<\/script><\/p>\n<div class=\"push\" style='height:42px'><\/div>\n<h3 style=\"text-align: center;\">Le premier objectif du Master 2 JAI est de <strong>former des juristes de haut niveau rapidement op\u00e9rationnels<\/strong>,<br \/>\net ce notamment <strong>au sein des cabinets d\u2019avocats d&rsquo;affaires et des entreprises<\/strong>.<\/h3>\n<div class=\"push\" style='height:10px'><\/div>\n<h3 style=\"text-align: center;\">Aussi, chaque ann\u00e9e, les \u00e9tudiants de la formation peuvent effectuer, pour ceux qui le d\u00e9sirent,<br \/>\nun <strong>stage de fin d&rsquo;\u00e9tudes d&rsquo;une dur\u00e9e de 3 \u00e0 6 mois<\/strong> \u00e0 compter du mois d&rsquo;Avril de l&rsquo;ann\u00e9e en cours.<\/h3>\n<div class=\"push\" style='height:10px'><\/div>\n<h3 style=\"text-align: center;\"><em><span style=\"color: #800000;\">N&rsquo;h\u00e9sitez donc pas \u00e0 d\u00e9poser une <strong>offre de stage \u00e0 nos \u00e9tudiants (EFB compris)<\/strong>,<br \/>\nvoire une <strong>offre d&#8217;emploi \u00e0 nos anciens dipl\u00f4m\u00e9s<\/strong>, en remplissant le formulaire suivant :<\/span><\/em><\/h3>\n<div class=\"push\" style='height:7px'><\/div><\/div><\/div><\/div><\/div>\n<div class=\"row \"><div class=\"wpv-grid grid-1-1  wpv-first-level first unextended animation-from-bottom animated-active\" style=\"padding-top:0px;padding-bottom:0px\" id=\"wpv-column-55f98e6d0d7de16b016d44b63e8ca2c0\" >\t\t<div class=\"sep-text single centered\">\n\t\t\t\t\t\t\t<span class=\"sep-text-before\"><div class=\"sep-text-line\"><\/div><\/span>\n\t\t\t\t\t\t<div class=\"content\">\n\t\t\t\t<h2 class=\"text-divider-double\">Formulaire<\/h2>\t\t\t<\/div>\n\t\t\t<span class=\"sep-text-after\"><div class=\"sep-text-line\"><\/div><\/span>\n\t\t\t\t\t<\/div>\n\t<p>\n<div class=\"wpcf7 no-js\" id=\"wpcf7-f1622-o1\" lang=\"fr-FR\" dir=\"ltr\">\n<div class=\"screen-reader-response\"><p role=\"status\" aria-live=\"polite\" aria-atomic=\"true\"><\/p> <ul><\/ul><\/div>\n<form action=\"\/master-JAI\/index.php?rest_route=%2Fwp%2Fv2%2Fpages%2F1614#wpcf7-f1622-o1\" method=\"post\" class=\"wpcf7-form init\" aria-label=\"Formulaire de contact\" novalidate=\"novalidate\" data-status=\"init\">\n<div style=\"display: none;\">\n<input type=\"hidden\" name=\"_wpcf7\" value=\"1622\" \/>\n<input type=\"hidden\" name=\"_wpcf7_version\" value=\"5.7.6\" \/>\n<input type=\"hidden\" name=\"_wpcf7_locale\" value=\"fr_FR\" \/>\n<input type=\"hidden\" name=\"_wpcf7_unit_tag\" value=\"wpcf7-f1622-o1\" \/>\n<input type=\"hidden\" name=\"_wpcf7_container_post\" value=\"0\" \/>\n<input type=\"hidden\" name=\"_wpcf7_posted_data_hash\" value=\"\" \/>\n<\/div>\n<p><label> Pr\u00e9nom et Nom<br \/>\n<span class=\"wpcf7-form-control-wrap\" data-name=\"your-name\"><input size=\"40\" class=\"wpcf7-form-control wpcf7-text wpcf7-validates-as-required\" aria-required=\"true\" aria-invalid=\"false\" value=\"\" type=\"text\" name=\"your-name\" \/><\/span> <\/label>\n<\/p>\n<p><label> Nom de l'entreprise ou du cabinet<br \/>\n<span class=\"wpcf7-form-control-wrap\" data-name=\"your-name\"><input size=\"40\" class=\"wpcf7-form-control wpcf7-text wpcf7-validates-as-required\" aria-required=\"true\" aria-invalid=\"false\" value=\"\" type=\"text\" name=\"your-name\" \/><\/span> <\/label>\n<\/p>\n<p><label> Adresse de messagerie<br \/>\n<span class=\"wpcf7-form-control-wrap\" data-name=\"your-email\"><input size=\"40\" class=\"wpcf7-form-control wpcf7-text wpcf7-email wpcf7-validates-as-required wpcf7-validates-as-email\" aria-required=\"true\" aria-invalid=\"false\" value=\"\" type=\"email\" name=\"your-email\" \/><\/span> <\/label>\n<\/p>\n<p><label> Ann\u00e9e du stage<br \/>\n<span class=\"wpcf7-form-control-wrap\" data-name=\"Annee\"><select class=\"wpcf7-form-control wpcf7-select wpcf7-validates-as-required\" aria-required=\"true\" aria-invalid=\"false\" name=\"Annee\"><option value=\"2018\">2018<\/option><option value=\"2019\">2019<\/option><option value=\"2020\">2020<\/option><option value=\"2021\">2021<\/option><\/select><\/span><\/label>\n<\/p>\n<p><label> P\u00e9riode du stage<br \/>\n<span class=\"wpcf7-form-control-wrap\" data-name=\"Priodedelanne\"><select class=\"wpcf7-form-control wpcf7-select wpcf7-validates-as-required\" aria-required=\"true\" aria-invalid=\"false\" name=\"Priodedelanne\"><option value=\"1er Semestre\">1er Semestre<\/option><option value=\"2\u00e8me Semestre\">2\u00e8me Semestre<\/option><\/select><\/span><\/label>\n<\/p>\n<p><label> Dur\u00e9e du stage<br \/>\n<span class=\"wpcf7-form-control-wrap\" data-name=\"Duree\"><select class=\"wpcf7-form-control wpcf7-select wpcf7-validates-as-required\" aria-required=\"true\" aria-invalid=\"false\" name=\"Duree\"><option value=\"2 mois\">2 mois<\/option><option value=\"3 mois\">3 mois<\/option><option value=\"4 mois\">4 mois<\/option><option value=\"5 mois\">5 mois<\/option><option value=\"6 mois\">6 mois<\/option><\/select><\/span><\/label>\n<\/p>\n<p><label> Message<br \/>\n<span class=\"wpcf7-form-control-wrap\" data-name=\"your-message\"><textarea cols=\"40\" rows=\"10\" class=\"wpcf7-form-control wpcf7-textarea\" aria-invalid=\"false\" name=\"your-message\"><\/textarea><\/span> <\/label>\n<\/p>\n<p><input class=\"wpcf7-form-control has-spinner wpcf7-submit\" type=\"submit\" value=\"Envoyer\" \/>\n<\/p><div class=\"wpcf7-response-output\" aria-hidden=\"true\"><\/div>\n<\/form>\n<\/div>\n<\/div><\/div>\n","protected":false},"excerpt":{"rendered":"<p>Offres de stage ou d&#8217;emploi Le premier objectif du Master 2 JAI est de former des juristes de haut niveau rapidement op\u00e9rationnels, et ce notamment au sein des cabinets d\u2019avocats d&rsquo;affaires et des entreprises. Aussi, chaque ann\u00e9e, les \u00e9tudiants de la formation peuvent effectuer, pour ceux qui le d\u00e9sirent, un stage de fin d&rsquo;\u00e9tudes d&rsquo;une&#8230;<\/p>\n","protected":false},"author":4,"featured_media":0,"parent":0,"menu_order":0,"comment_status":"closed","ping_status":"closed","template":"","meta":[],"_links":{"self":[{"href":"http:\/\/www2.droit.parisdescartes.fr\/master-JAI\/index.php?rest_route=\/wp\/v2\/pages\/1614"}],"collection":[{"href":"http:\/\/www2.droit.parisdescartes.fr\/master-JAI\/index.php?rest_route=\/wp\/v2\/pages"}],"about":[{"href":"http:\/\/www2.droit.parisdescartes.fr\/master-JAI\/index.php?rest_route=\/wp\/v2\/types\/page"}],"author":[{"embeddable":true,"href":"http:\/\/www2.droit.parisdescartes.fr\/master-JAI\/index.php?rest_route=\/wp\/v2\/users\/4"}],"replies":[{"embeddable":true,"href":"http:\/\/www2.droit.parisdescartes.fr\/master-JAI\/index.php?rest_route=%2Fwp%2Fv2%2Fcomments&post=1614"}],"version-history":[{"count":18,"href":"http:\/\/www2.droit.parisdescartes.fr\/master-JAI\/index.php?rest_route=\/wp\/v2\/pages\/1614\/revisions"}],"predecessor-version":[{"id":2039,"href":"http:\/\/www2.droit.parisdescartes.fr\/master-JAI\/index.php?rest_route=\/wp\/v2\/pages\/1614\/revisions\/2039"}],"wp:attachment":[{"href":"http:\/\/www2.droit.parisdescartes.fr\/master-JAI\/index.php?rest_route=%2Fwp%2Fv2%2Fmedia&parent=1614"}],"curies":[{"name":"wp","href":"https:\/\/api.w.org\/{rel}","templated":true}]}}