{"id":1757,"date":"2018-01-21T11:39:08","date_gmt":"2018-01-21T10:39:08","guid":{"rendered":"http:\/\/www2.droit.parisdescartes.fr\/master-JAI\/?page_id=1757"},"modified":"2018-01-22T11:50:31","modified_gmt":"2018-01-22T10:50:31","slug":"lewis-co","status":"publish","type":"page","link":"http:\/\/www2.droit.parisdescartes.fr\/master-JAI\/?page_id=1757","title":{"rendered":"Lewis &#038; Co"},"content":{"rendered":"<div class=\"row \"><div class=\"wpv-grid grid-1-1  wpv-first-level first unextended animation-from-left animated-active\" style=\"padding-top:0px;padding-bottom:0px\" id=\"wpv-column-cbc3f17f0ebc88429f2a90dca3028b10\" ><div class=\"row \"><div class=\"wpv-grid grid-1-1  first unextended\" style=\"padding-top:0px;padding-bottom:0px\" id=\"wpv-column-d87ffcb876093a2c23701308a18eb583\" ><div class=\"push\" style='height:50px'><\/div>\n<p><img decoding=\"async\" loading=\"lazy\" class=\"aligncenter size-full wp-image-1758\" src=\"http:\/\/www2.droit.parisdescartes.fr\/master-JAI\/wp-content\/uploads\/2018\/01\/Logo-Lewis-AARPI-1-300x75.png\" alt=\"\" width=\"300\" height=\"75\" srcset=\"http:\/\/www2.droit.parisdescartes.fr\/master-JAI\/wp-content\/uploads\/2018\/01\/Logo-Lewis-AARPI-1-300x75.png 300w, http:\/\/www2.droit.parisdescartes.fr\/master-JAI\/wp-content\/uploads\/2018\/01\/Logo-Lewis-AARPI-1-300x75-262x66.png 262w\" sizes=\"(max-width: 300px) 100vw, 300px\" \/><\/div><\/div>\n<div class=\"sep\"><\/div><\/div><\/div>\n<div class=\"row \"><div class=\"wpv-grid grid-1-1  wpv-first-level first unextended\" style=\"padding-top:0px;padding-bottom:0px\" id=\"wpv-column-7dbfd9a7fc1bcbf943428129edf0a7e6\" ><h3 style=\"text-align: center;\"><em>\u00ab\u00a0Lewis &amp; Co AARPI fournit des \u2018prestations de top niveau\u2019, \u2018dont la qualit\u00e9 est comparable aux grandes firmes internationales du march\u00e9\u2019. L\u2019\u00e9quipe de quatre avocats est \u2018tr\u00e8s r\u00e9active et attentive\u2019 et poss\u00e8de une \u2018excellente connaissance du secteur maritime. L\u2019\u00e9quipe est emmen\u00e9e par Lars Lewis, un \u2018ma\u00eetre en n\u00e9gociations\u2019. <strong>Sont \u00e9galement recommand\u00e9s<\/strong> :<strong> le tr\u00e8s exp\u00e9riment\u00e9 Peter Iglikowski<\/strong>, Guillaume de Bascher et Le\u00efla Esnard dont \u2018l\u2019approche tr\u00e8s professionnelle et proactive\u2019 est appr\u00e9ci\u00e9e \u00bb<\/em><\/h3>\n<h4 style=\"text-align: right;\"><span style=\"color: #a6a6a6;\">\u2013 Classement des Cabinets d&rsquo;avocats, cat\u00e9gorie \u00ab\u00a0Droit et Transport Maritime\u00a0\u00bb<br \/>\n\u2022 The Legal 500 Paris, Juin 2017<\/span><\/h4>\n<div class=\"push\" style='height:20px'><\/div><\/div><\/div>\n<div class=\"row \"><div class=\"wpv-grid grid-1-1  wpv-first-level first has-background extended\" style=\"background-color:#fef6f7;padding-top:0px;padding-bottom:0px\" id=\"wpv-column-e1246e80c196a6629cf71ef3418b1063\" ><div class=\"extended-column-inner\"><style>#wpv-column-e1246e80c196a6629cf71ef3418b1063 p,#wpv-column-e1246e80c196a6629cf71ef3418b1063 em,#wpv-column-e1246e80c196a6629cf71ef3418b1063 .column-title,#wpv-column-e1246e80c196a6629cf71ef3418b1063 .sep-text h2.regular-title-wrapper,#wpv-column-e1246e80c196a6629cf71ef3418b1063 .text-divider-double,#wpv-column-e1246e80c196a6629cf71ef3418b1063 .sep-text .sep-text-line,#wpv-column-e1246e80c196a6629cf71ef3418b1063 .sep,#wpv-column-e1246e80c196a6629cf71ef3418b1063 .sep-2,#wpv-column-e1246e80c196a6629cf71ef3418b1063 .sep-3,#wpv-column-e1246e80c196a6629cf71ef3418b1063 td,#wpv-column-e1246e80c196a6629cf71ef3418b1063 th,#wpv-column-e1246e80c196a6629cf71ef3418b1063 caption{color:#dd1831;}#wpv-column-e1246e80c196a6629cf71ef3418b1063:before{background-color:transparent;}<\/style><div class=\"row \"><div class=\"wpv-grid grid-1-1  first unextended\" style=\"padding-top:0px;padding-bottom:0px\" id=\"wpv-column-667c5c78da29053289857c99cf105d88\" ><div class=\"push\" style='height:30px'><\/div>\n<h3 style=\"text-align: center;\"><strong><span style=\"color: #a10505;\">Le cabinet\u00a0Lewis &amp; Co est class\u00e9 parmi les premiers cabinets en droit maritime les plus r\u00e9put\u00e9s de Paris<\/span><\/strong>.<\/h3>\n<p class=\"textcenter\"><a href=\"http:\/\/www.legal500.fr\/c\/paris\/droit-et-transport-maritime\/droit-et-transport-maritime\" target=\"_blank\" style='font-size: 15px;' class=\"button vamtam-button accent1  button-border hover-accent1 \"><span class=\"btext\">En savoir plus<\/span><\/a><\/p>\n<div class=\"push\" style='height:30px'><\/div><\/div><\/div><\/div><\/div><\/div>\n<div class=\"row \"><div class=\"wpv-grid grid-1-1  wpv-first-level first unextended animation-from-bottom animated-active\" style=\"padding-top:0px;padding-bottom:0px\" id=\"wpv-column-49b9d1651024e5deae58691b8c36a23b\" ><div class=\"row \"><div class=\"wpv-grid grid-1-2  first unextended\" style=\"padding-top:0px;padding-bottom:0px\" id=\"wpv-column-8a307debc5a026f7ef670c9330579fbb\" ><div class=\"push\" style='height:62px'><\/div>\n<h3 style=\"text-align: center;\"><span style=\"color: #800000;\">Le cabinet Lewis &amp; Co AARPI est un\u00a0<strong>cabinet parisien reconnu sp\u00e9cialis\u00e9 en droit et transport maritime<\/strong><\/span>. Compos\u00e9 de 4 avocats, ce dernier g\u00e8re en priorit\u00e9 des <strong>contentieux commerciaux maritimes internationaux <em>(pollution, affr\u00e8tement, \u00e9v\u00e8nements en mer, etc.)<\/em><\/strong><em>\u00a0<\/em>et apporte notamment son assistance en mati\u00e8re de <strong>saisies de navires<\/strong>.<\/h3>\n<h3 style=\"text-align: center;\">L&rsquo;\u00e9quipe propose \u00e0 cette occasion des <strong>expertises tant en droit fran\u00e7ais qu&rsquo;en Common Law<\/strong>\u00a0et traite de dossiers en France comme \u00e0 l\u2019international, <strong>dont des arbitrages<\/strong>.<\/h3><\/div>\n<div class=\"wpv-grid grid-1-2  unextended\" style=\"padding-top:0px;padding-bottom:0px\" id=\"wpv-column-1e73465d193dd5ca33437f4a3e7cbf05\" ><div class=\"push\" style='height:39px'><\/div>\n<img decoding=\"async\" loading=\"lazy\" class=\"aligncenter size-full wp-image-1763\" src=\"http:\/\/www2.droit.parisdescartes.fr\/master-JAI\/wp-content\/uploads\/2018\/01\/foto-1.jpg\" alt=\"\" width=\"200\" height=\"199\" srcset=\"http:\/\/www2.droit.parisdescartes.fr\/master-JAI\/wp-content\/uploads\/2018\/01\/foto-1.jpg 200w, http:\/\/www2.droit.parisdescartes.fr\/master-JAI\/wp-content\/uploads\/2018\/01\/foto-1-150x150.jpg 150w, http:\/\/www2.droit.parisdescartes.fr\/master-JAI\/wp-content\/uploads\/2018\/01\/foto-1-60x60.jpg 60w\" sizes=\"(max-width: 200px) 100vw, 200px\" \/><\/p>\n<h4 style=\"text-align: center;\"><div class=\"push\" style='height:2px'><\/div><span style=\"color: #7d7d7d;\"><a href=\"http:\/\/www.lewiscolaw.com\/people\/peter-iglikowski\/\" target=\"_blank\" rel=\"noopener\">Ma\u00eetre Peter Iglikowski<\/a>,<br \/>\nassoci\u00e9 du cabinet Lewis &amp; Co AARPI depuis 2010,<br \/>\nenseigne aux \u00e9tudiants du M2 JAI\u00a0le cours\u00a0de<br \/>\n\u00ab\u00a0<strong>Droit commercial compar\u00e9\u00a0<\/strong>\u00bb<br \/>\n<\/span><\/h4>\n<div class=\"push\" style='height:1px'><\/div><\/div><\/div><\/div><\/div>\n<div class=\"row \"><div class=\"wpv-grid grid-1-1  wpv-first-level first unextended animation-from-left animated-active\" style=\"padding-top:0px;padding-bottom:0px\" id=\"wpv-column-80b95f3ccd4d93a69cdbc03d062a7356\" ><div class=\"row \"><div class=\"wpv-grid grid-1-1  first unextended\" style=\"padding-top:0px;padding-bottom:0px\" id=\"wpv-column-f961460c18bd7914cf8fd88fd79b1c74\" ><div class=\"push\" style='height:55px'><\/div>\n<h2 style=\"text-align: center;\">Principaux domaines d&rsquo;expertise :<\/h2>\n<div class=\"push\" style='height:3px'><\/div><\/div><\/div>\n<div class=\"row \"><div class=\"wpv-grid grid-1-6  first unextended\" style=\"padding-top:0px;padding-bottom:0px\" id=\"wpv-column-0e9d48a4bcdf6696d5187d7fae41abe3\" ><h3 style=\"text-align: center;\">Droit maritime<\/h3>\n<h3 style=\"text-align: center;\"><\/h3><\/div>\n<div class=\"wpv-grid grid-1-6  unextended\" style=\"padding-top:0px;padding-bottom:0px\" id=\"wpv-column-e8496094ae17542a90a8cafceef1c0ea\" ><h3 style=\"text-align: center;\">Droit du commerce international<\/h3>\n<h3 style=\"text-align: center;\"><\/h3><\/div>\n<div class=\"wpv-grid grid-1-6  unextended\" style=\"padding-top:0px;padding-bottom:0px\" id=\"wpv-column-5ea7eeed1b3a141456d0c110ce9d69d9\" ><h3 style=\"text-align: center;\">Droit de l&rsquo;\u00e9nergie primaire<br \/>\n(charbon, gaz, p\u00e9trole)<\/h3>\n<h3 style=\"text-align: center;\"><\/h3>\n<div class=\"push\" style='height:15px'><\/div><\/div>\n<div class=\"wpv-grid grid-1-6  unextended\" style=\"padding-top:0px;padding-bottom:0px\" id=\"wpv-column-9353b38a56cb3d5d43e7ca57c0919a1e\" ><h3 style=\"text-align: center;\">Contentieux et Arbitrage<\/h3>\n<h3 style=\"text-align: center;\"><\/h3><\/div>\n<div class=\"wpv-grid grid-1-6  unextended\" style=\"padding-top:0px;padding-bottom:0px\" id=\"wpv-column-934479ed9790fd17ad486ea3b1f1939b\" ><h3 style=\"text-align: center;\">Droit des assurances<\/h3><\/div>\n<div class=\"wpv-grid grid-1-6  unextended\" style=\"padding-top:0px;padding-bottom:0px\" id=\"wpv-column-36b1fbfac69a20c0d77085d00b8b34e6\" ><h3 style=\"text-align: center;\">Droit bancaire et du cr\u00e9dit<\/h3><\/div><\/div><\/div><\/div>\n\t\t<div class=\"sep-text single centered\">\n\t\t\t\t\t\t\t<span class=\"sep-text-before\"><div class=\"sep-text-line\"><\/div><\/span>\n\t\t\t\t\t\t<div class=\"content\">\n\t\t\t\t\n<h2 style=\"text-align: center;\">\u00a0Contacts<\/h2>\n\t\t\t<\/div>\n\t\t\t<span class=\"sep-text-after\"><div class=\"sep-text-line\"><\/div><\/span>\n\t\t\t\t\t<\/div>\n\t\n<div class=\"row \"><div class=\"wpv-grid grid-1-4  wpv-first-level first unextended\" style=\"padding-top:0px;padding-bottom:0px\" id=\"wpv-column-db48c3c75ed710947609f66e22bd07b8\" ><div class=\"push\" style='height:5px'><\/div>\n<h3 style=\"text-align: center;\"><strong>Adresse postale<\/strong><\/h3>\n<div class=\"push\" style='height:3px'><\/div>\n<p style=\"text-align: center;\"><span class='icon shortcode theme  use-hover' style='font-size:35px !important;color:#808080;'>&#58891;<\/span>\n<div class=\"push\" style='height:1px'><\/div>\n<h4 style=\"text-align: center;\"><strong><span style=\"color: #800000;\">Lewis &amp; Co AARPI<\/span><\/strong><br \/>\n<span style=\"color: #800000;\">14 Avenue d&rsquo;Eylau<br \/>\n75016 Paris FRANCE<\/span><\/h4>\n<h4 style=\"text-align: center;\"><em>M\u00e9tro : Trocad\u00e9ro<br \/>\n(lignes 6 et 9)\u00a0<\/em><\/h4><\/div>\n<div class=\"wpv-grid grid-1-4  wpv-first-level unextended\" style=\"padding-top:0px;padding-bottom:0px\" id=\"wpv-column-de9a9c40398503454221b17b609470b4\" ><div class=\"push\" style='height:5px'><\/div>\n<h3 style=\"text-align: center;\"><strong>Site internet<\/strong><\/h3>\n<div class=\"push\" style='height:3px'><\/div>\n<p style=\"text-align: center;\"><span class='icon shortcode   use-hover' style='font-size:35px !important;color:#808080;'>&#58241;<\/span>\n<div class=\"push\" style='height:1px'><\/div>\n<h4 style=\"text-align: center;\"><a href=\"http:\/\/www.lewiscolaw.com\/\" target=\"_blank\" rel=\"noopener\">www.lewiscolaw.com<\/a><\/h4><\/div>\n<div class=\"wpv-grid grid-1-4  wpv-first-level unextended\" style=\"padding-top:0px;padding-bottom:0px\" id=\"wpv-column-0777835cfe34afa739c234008d539e7d\" ><div class=\"push\" style='height:5px'><\/div>\n<h3 style=\"text-align: center;\"><strong>T\u00e9l\u00e9phone<\/strong><\/h3>\n<div class=\"push\" style='height:3px'><\/div>\n<p style=\"text-align: center;\"><span class='icon shortcode   use-hover' style='font-size:35px !important;color:#808080;'>&#57490;<\/span>\n<div class=\"push\" style='height:1px'><\/div>\n<h4 style=\"text-align: center;\">01 77 72 64 21<\/h4>\n<h4 style=\"text-align: center;\">06 13 63 27 34<\/h4><\/div>\n<div class=\"wpv-grid grid-1-4  wpv-first-level unextended\" style=\"padding-top:0px;padding-bottom:0px\" id=\"wpv-column-1b816ad423819776786114952c605559\" ><div class=\"push\" style='height:5px'><\/div>\n<h3 style=\"text-align: center;\"><strong>Adresse mail<\/strong><\/h3>\n<div class=\"push\" style='height:3px'><\/div>\n<p style=\"text-align: center;\"><span class='icon shortcode   use-hover' style='font-size:35px !important;color:#808080;'>&#58148;<\/span>\n<div class=\"push\" style='height:1px'><\/div>\n<h4 style=\"text-align: center;\"><a href=\"mailto:info@lewiscolaw.com\">info@lewiscolaw.com<\/a><\/h4>\n<h4 style=\"text-align: center;\"><a href=\"mailto:peter.iglikowski@lewiscolaw.com\">peter.iglikowski@lewiscolaw.com<\/a><\/h4><\/div><\/div>\n","protected":false},"excerpt":{"rendered":"<p>\u00ab\u00a0Lewis &amp; Co AARPI fournit des \u2018prestations de top niveau\u2019, \u2018dont la qualit\u00e9 est comparable aux grandes firmes internationales du march\u00e9\u2019. L\u2019\u00e9quipe de quatre avocats est \u2018tr\u00e8s r\u00e9active et attentive\u2019 et poss\u00e8de une \u2018excellente connaissance du secteur maritime. L\u2019\u00e9quipe est emmen\u00e9e par Lars Lewis, un \u2018ma\u00eetre en n\u00e9gociations\u2019. Sont \u00e9galement recommand\u00e9s : le tr\u00e8s exp\u00e9riment\u00e9&#8230;<\/p>\n","protected":false},"author":4,"featured_media":0,"parent":0,"menu_order":0,"comment_status":"closed","ping_status":"closed","template":"","meta":[],"_links":{"self":[{"href":"http:\/\/www2.droit.parisdescartes.fr\/master-JAI\/index.php?rest_route=\/wp\/v2\/pages\/1757"}],"collection":[{"href":"http:\/\/www2.droit.parisdescartes.fr\/master-JAI\/index.php?rest_route=\/wp\/v2\/pages"}],"about":[{"href":"http:\/\/www2.droit.parisdescartes.fr\/master-JAI\/index.php?rest_route=\/wp\/v2\/types\/page"}],"author":[{"embeddable":true,"href":"http:\/\/www2.droit.parisdescartes.fr\/master-JAI\/index.php?rest_route=\/wp\/v2\/users\/4"}],"replies":[{"embeddable":true,"href":"http:\/\/www2.droit.parisdescartes.fr\/master-JAI\/index.php?rest_route=%2Fwp%2Fv2%2Fcomments&post=1757"}],"version-history":[{"count":11,"href":"http:\/\/www2.droit.parisdescartes.fr\/master-JAI\/index.php?rest_route=\/wp\/v2\/pages\/1757\/revisions"}],"predecessor-version":[{"id":1787,"href":"http:\/\/www2.droit.parisdescartes.fr\/master-JAI\/index.php?rest_route=\/wp\/v2\/pages\/1757\/revisions\/1787"}],"wp:attachment":[{"href":"http:\/\/www2.droit.parisdescartes.fr\/master-JAI\/index.php?rest_route=%2Fwp%2Fv2%2Fmedia&parent=1757"}],"curies":[{"name":"wp","href":"https:\/\/api.w.org\/{rel}","templated":true}]}}