{"id":31,"date":"2017-12-21T13:58:24","date_gmt":"2017-12-21T12:58:24","guid":{"rendered":"http:\/\/www2.droit.parisdescartes.fr\/master-JAI\/?page_id=31"},"modified":"2018-05-07T23:59:48","modified_gmt":"2018-05-07T21:59:48","slug":"lassociation","status":"publish","type":"page","link":"http:\/\/www2.droit.parisdescartes.fr\/master-JAI\/?page_id=31","title":{"rendered":"L&rsquo;association"},"content":{"rendered":"<div class=\"row \"><div class=\"wpv-grid grid-1-1  wpv-first-level first unextended animation-from-left animated-active\" style=\"padding-top:0px;padding-bottom:0px\" id=\"wpv-column-1ab4608fb62d5a53cca0e7881e36b4b1\" ><div class=\"row \"><div class=\"wpv-grid grid-1-1  first unextended\" style=\"padding-top:0px;padding-bottom:0px\" id=\"wpv-column-4be3045cf391a736bbe4b87625653520\" ><div class=\"push\" style='height:45px'><\/div>\n<h1 style=\"text-align: center;\"><span style=\"color: #800000;\">\u00a0L&rsquo;association du Master<\/span><\/h1><\/div><\/div>\n<div class=\"sep\"><\/div><\/div><\/div>\n<div class=\"row \"><div class=\"wpv-grid grid-1-1  wpv-first-level first unextended\" style=\"padding-top:0px;padding-bottom:0px\" id=\"wpv-column-c818e6c42a16dc46e399fd5c7767704b\" ><div class=\"row \"><div class=\"wpv-grid grid-1-1  first unextended\" style=\"padding-top:0px;padding-bottom:0px\" id=\"wpv-column-cdbf74f1ac3a4265315979e21d5f28fd\" ><h3 style=\"text-align: center;\">Chaque ann\u00e9e, et gr\u00e2ce au dynamisme de ses membres, l\u2019<strong><span style=\"color: #800000;\">Association des \u00e9tudiants du Master 2 Juriste d\u2019affaires international<\/span><\/strong> s\u2019efforce \u00e0 satisfaire deux objectifs primordiaux : d\u2019une part, <strong>valoriser une dynamique internationale \u00e0 l\u2019universit\u00e9<\/strong> et d\u2019autre part, <strong>promouvoir le d\u00e9veloppement professionnel et acad\u00e9mique de ses \u00e9tudiants<\/strong><br \/>\nainsi que le M2 JAI \u00e0 toute \u00e9chelle.<\/h3>\n<div class=\"push\" style='height:10px'><\/div>\n<h3 style=\"text-align: center;\">L\u2019association <strong>soutient \u00e9galement les projets des \u00e9tudiants<\/strong> de la formation et tend \u00e0 <strong>maintenir une continuit\u00e9 entre les diff\u00e9rentes promotions<\/strong>. Elle s\u2019efforce ainsi \u00e0 mettre en relation les anciens et futurs \u00e9tudiants du M2 JAI afin de <strong>cr\u00e9er une communaut\u00e9 de jeunes juristes et de professionnels du droit international des affaires<\/strong>.<br \/>\n<div class=\"push\" style='height:5px'><\/div>\nAussi, de nombreux anciens dipl\u00f4m\u00e9s\u00a0<strong>partagent\u00a0<\/strong>chaque ann\u00e9e\u00a0<strong>avec les nouveaux \u00e9tudiants\u00a0<\/strong><br \/>\nleurs exp\u00e9riences personnelle au sein du Master mais aussi professionnelle.<\/h3>\n<div class=\"push\" style='height:10px'><\/div>\n<h3 style=\"text-align: center;\">L\u2019association a enfin pour but de <strong>c\u00f4toyer de pr\u00e8s le milieu professionnel<\/strong> gr\u00e2ce \u00e0 ses nombreuses op\u00e9rations de communication sur les r\u00e9seaux sociaux et l\u2019<strong>accueil de nouveaux intervenants<\/strong>, venant d\u2019entreprises et de cabinets d\u2019avocats nationaux et internationaux, au sein du M2 JAI.<\/h3>\n<div class=\"push\" style='height:15px'><\/div>\n<h3 style=\"text-align: center;\"><em>L\u2019association remercie la Facult\u00e9 de Droit de l&rsquo;Universit\u00e9 Paris-Descartes<br \/>\nainsi que l\u2019ensemble de son personnel pour son efficacit\u00e9 et sa disponibilit\u00e9.<\/em><\/h3><\/div><\/div>\n<div class=\"sep-3\"><\/div><\/div><\/div>\n<div class=\"row \"><div class=\"wpv-grid grid-1-1  wpv-first-level first unextended animation-from-bottom animated-active\" style=\"padding-top:0px;padding-bottom:0px\" id=\"wpv-column-defa77ce279ba9bd078faf7fbdf4eb32\" ><div class=\"row \"><div class=\"wpv-grid grid-1-1  first unextended\" style=\"padding-top:0px;padding-bottom:0px\" id=\"wpv-column-b6d72aca48f7ac3279715ebba7ee764e\" ><div class=\"push\" style='height:10px'><\/div>\n<h1 style=\"text-align: center;\">Edition <strong>2017\/2018<\/strong><\/h1>\n<div class=\"push\" style='height:15px'><\/div>\n<!-- Final Tiles Grid Gallery for WordPress v3.5.6 free --><style>#ftg-1717 .tile .icon { color:#ffffff; }#ftg-1717 .ftg-items .loading-bar i { background:#666; }#ftg-1717 .ftg-items .loading-bar { background:#fff; }#ftg-1717 .tile .icon { font-size:12px; }#ftg-1717 .tile .icon { margin: -6px 0 0 -6px; }#ftg-1717 .tile .caption-block .text-wrapper span.text { font-size:12px; }#ftg-1717 .tile .caption-outside .text-wrapper span.text { font-size:12px; }#ftg-1717 .tile .caption-block .text-wrapper span.title { font-size:14px; }#ftg-1717 .tile .caption-outside .text-wrapper span.title { font-size:14px; }#ftg-1717 .tile { background-color: transparent; }#ftg-1717 .tile .caption-block .text-wrapper span.text { color: #ffffff; }#ftg-1717 .tile .caption-block .text-wrapper span.title { color: #ffffff; }#ftg-1717 .tile .caption-outside .text-wrapper span.text { color: #ffffff; }#ftg-1717 .tile .caption-outside .text-wrapper span.title { color: #ffffff; }#ftg-1717 .tile .ftg-social a { color: #ffffff; }#ftg-1717 .tile { border-radius: 4px; }#ftg-1717 .tile { box-shadow: #999999 0px 0px 35px; }#ftg-1717 .tile .caption-block { transition-timing-function:ease; }#ftg-1717 .tile .caption-block { transition-duration:0.25s; }#ftg-1717 .tile .tile-inner:before { background-color: #aac3dd; }#ftg-1717 .tile .tile-inner:before { background-color: rgba(170, 195, 221, 0); }#ftg-1717 .tile:hover img {-moz-transform: ;-webkit-transform: ;-o-transform: ;-ms-transform: ;transform: ;}.final-tiles-gallery { margin:auto; }<\/style><a name='17'><\/a><div class='final-tiles-gallery  ftg-hover-enabled caption-inside  caption-none caption-middle caption-center' id='ftg-1717' style='width:70%'><div class='ftg-items'><div class='loading-bar'><i><\/i><\/div><div  class='tile ftg-preload  '><a title=\"\" data-lightbox='ftg-1717' rel='ftg-1717'  class=' tile-inner  ftg-lightbox' href='http:\/\/www2.droit.parisdescartes.fr\/master-JAI\/wp-content\/uploads\/2018\/05\/Asso-20172018-1-1024x521.png' ><img alt='' class='item skip-lazy' data-class='item' data-ftg-source='http:\/\/www2.droit.parisdescartes.fr\/master-JAI\/wp-content\/uploads\/2018\/05\/Asso-20172018-1.png' src='http:\/\/www2.droit.parisdescartes.fr\/master-JAI\/wp-content\/uploads\/2018\/05\/Asso-20172018-1.png' width='1500' height='763' \/><\/a><div class='ftg-social'><\/div><\/div><\/div><\/div><script type='text\/javascript'>jQuery('#ftg-1717 img.item').removeAttr('src');jQuery(document).ready(function () {setTimeout(function () {jQuery('#ftg-1717').finalTilesGallery({minTileWidth: 250,margin: 0,loadMethod: 'sequential',nonce: '04f5c1789f',galleryId: '17',setupFilters: true,layout: 'columns',debug: false,gridSize: 25,disableGridSizeBelow:800,allowEnlargement: true,columns: [[4000, 1],[1024, 0],[800, 0],[480, 0],[320, 0]],selectedFilter: 'n-a'});jQuery(function () {(function () {var rel = '';jQuery('#ftg-1717 .ftg-lightbox').click(function (e) {rel = jQuery(this).attr('rel');jQuery('#ftg-1717 .ftg-current').removeClass('ftg-current');jQuery('#ftg-1717 [rel=\"'+rel+'\"]').addClass('ftg-current');});})();});}, 0);});<\/script><\/div><\/div>\n<div class=\"row \"><div class=\"wpv-grid grid-1-2  first unextended\" style=\"padding-top:0px;padding-bottom:0px\" id=\"wpv-column-e8d3fc60285e32535633abea5bd63cdf\" ><div class=\"row \"><div class=\"wpv-grid grid-1-1  first unextended\" style=\"padding-top:0px;padding-bottom:0px\" id=\"wpv-column-ce03ef20cf28f1a86745f0e9e9ec0f47\" ><div class=\"push\" style='height:25px'><\/div>\n<h3 style=\"text-align: center;\"><strong>Bureau de l&rsquo;association<\/strong><\/h3>\n<div class=\"push\" style='height:10px'><\/div>\n<h4 style=\"text-align: center;\">Pr\u00e9sidente :<\/h4>\n<h4 style=\"text-align: center;\"><span style=\"color: #800000;\">Aurore Dacier<\/span><\/h4>\n<div class=\"push\" style='height:5px'><\/div>\n<h4 style=\"text-align: center;\">Vice-Pr\u00e9sidente :<\/h4>\n<h4 style=\"text-align: center;\"><span style=\"color: #800000;\">Olivia Kimbrough<\/span><\/h4>\n<div class=\"push\" style='height:5px'><\/div>\n<h4 style=\"text-align: center;\">Secr\u00e9taires :<\/h4>\n<h4 style=\"text-align: center;\"><span style=\"color: #800000;\">B\u00e9r\u00e9nice Barbero<\/span> et <span style=\"color: #800000;\">M\u00e9lanie Joly<\/span><\/h4>\n<div class=\"push\" style='height:5px'><\/div>\n<h4 style=\"text-align: center;\">Tr\u00e9sori\u00e8res :<\/h4>\n<h4 style=\"text-align: center;\"><span style=\"color: #800000;\">Roxanne Assadi<\/span> et <span style=\"color: #800000;\">Sidonie Duru<\/span><\/h4><\/div><\/div><\/div>\n<div class=\"wpv-grid grid-1-2  unextended\" style=\"padding-top:0px;padding-bottom:0px\" id=\"wpv-column-fd1829c665c6f6cd6ff8fb9c654469be\" ><div class=\"row \"><div class=\"wpv-grid grid-1-1  first unextended\" style=\"padding-top:0px;padding-bottom:0px\" id=\"wpv-column-29268b07c41c5f31e8f67cac5a07e814\" ><div class=\"push\" style='height:25px'><\/div>\n<h3 style=\"text-align: center;\"><strong>P\u00f4les de l&rsquo;association<\/strong><\/h3>\n<p style=\"text-align: center;\"><div class=\"push\" style='height:10px'><\/div>\n<h4 style=\"text-align: center;\">P\u00f4le \u00ab Communication \u00bb :<\/h4>\n<h4 style=\"text-align: center;\"><span style=\"color: #800000;\">Sarah Emile<\/span> et <span style=\"color: #800000;\">Jamila Hadaoui<\/span><\/h4>\n<p style=\"text-align: center;\"><div class=\"push\" style='height:5px'><\/div>\n<h4 style=\"text-align: center;\">P\u00f4le \u00ab Partenariat \u00bb :<\/h4>\n<h4 style=\"text-align: center;\"><span style=\"color: #800000;\">Maxime Boisseau<\/span>, <span style=\"color: #800000;\">Alexandre Cl\u00e9ment<\/span><br \/>\net <span style=\"color: #800000;\">Martin Jouvenot<\/span><\/h4>\n<p style=\"text-align: center;\"><div class=\"push\" style='height:5px'><\/div>\n<h4 style=\"text-align: center;\">P\u00f4le \u00ab Ev\u00e9nementiel \u00bb :<\/h4>\n<h4 style=\"text-align: center;\"><span style=\"color: #800000;\">Amar Bouralem<\/span>,<span style=\"color: #800000;\"> Anne Dubus<br \/>\n<\/span>et\u00a0<span style=\"color: #800000;\">Andjela Petra Nikolic<\/span><\/h4><\/div><\/div><\/div><\/div><\/div><\/div>\n<div class=\"row \"><div class=\"wpv-grid grid-1-1  wpv-first-level first unextended\" style=\"padding-top:0px;padding-bottom:0px\" id=\"wpv-column-95065ce1fef4f7503dc1592a7953a238\" >\t\t<div class=\"sep-text single centered\">\n\t\t\t\t\t\t\t<span class=\"sep-text-before\"><div class=\"sep-text-line\"><\/div><\/span>\n\t\t\t\t\t\t<div class=\"content\">\n\t\t\t\t<h2 class=\"text-divider-double\">\nContactez nous<\/h2>\t\t\t<\/div>\n\t\t\t<span class=\"sep-text-after\"><div class=\"sep-text-line\"><\/div><\/span>\n\t\t\t\t\t<\/div>\n\t\n<div class=\"row \"><div class=\"wpv-grid grid-1-3  first unextended\" style=\"padding-top:0px;padding-bottom:0px\" id=\"wpv-column-6cd548299ae3bb3af929f5de123904d1\" ><p><ul class=\"social-icons-lists icons-background-rounded centre\">\n\n\t\t\t\n\t\t\t\t<li class=\"social-icons-list-item\">\n\t\t\t\t\t<a href=\"https:\/\/www.facebook.com\/m2JAIdescartes\" target=\"_blank\"  class=\"social-icon\">\n\t\t\t\t\t\t<span class=\"socicon socicon-facebook\" style=\"padding: 10px; font-size: 30px; background-color: #3e5b98\"><\/span>\n\n\t\t\t\t\t\t\t\t\t\t\t<\/a>\n\t\t\t\t<\/li>\n\n\t\t\t\n\t\t<\/ul><\/div>\n<div class=\"wpv-grid grid-1-3  unextended\" style=\"padding-top:0px;padding-bottom:0px\" id=\"wpv-column-7e5bed22d467e608bfae5f5959f275b3\" ><p><ul class=\"social-icons-lists icons-background-rounded centre\">\n\n\t\t\t\n\t\t\t\t<li class=\"social-icons-list-item\">\n\t\t\t\t\t<a href=\"https:\/\/twitter.com\/m2JAIDescartes\" target=\"_blank\"  class=\"social-icon\">\n\t\t\t\t\t\t<span class=\"socicon socicon-twitter\" style=\"padding: 10px; font-size: 30px; background-color: #4da7de\"><\/span>\n\n\t\t\t\t\t\t\t\t\t\t\t<\/a>\n\t\t\t\t<\/li>\n\n\t\t\t\n\t\t<\/ul><br \/>\n<div class=\"push\" style='height:30px'><\/div><\/div>\n<div class=\"wpv-grid grid-1-3  unextended\" style=\"padding-top:0px;padding-bottom:0px\" id=\"wpv-column-07997bfc44a1acaec7f22b81809d73e4\" ><p><ul class=\"social-icons-lists social-icons-greyscale icons-background-rounded centre\">\n\n\t\t\t\n\t\t\t\t<li class=\"social-icons-list-item\">\n\t\t\t\t\t<a href=\"http:\/\/m2jai.descartes@gmail.com\" target=\"_blank\"  class=\"social-icon\">\n\t\t\t\t\t\t<span class=\"socicon socicon-mail\" style=\"padding: 10px; font-size: 30px; background-color: #555\"><\/span>\n\n\t\t\t\t\t\t\t\t\t\t\t<\/a>\n\t\t\t\t<\/li>\n\n\t\t\t\n\t\t<\/ul><\/div><\/div><\/div><\/div>\n","protected":false},"excerpt":{"rendered":"<p>\u00a0L&rsquo;association du Master Chaque ann\u00e9e, et gr\u00e2ce au dynamisme de ses membres, l\u2019Association des \u00e9tudiants du Master 2 Juriste d\u2019affaires international s\u2019efforce \u00e0 satisfaire deux objectifs primordiaux : d\u2019une part, valoriser une dynamique internationale \u00e0 l\u2019universit\u00e9 et d\u2019autre part, promouvoir le d\u00e9veloppement professionnel et acad\u00e9mique de ses \u00e9tudiants ainsi que le M2 JAI \u00e0 toute&#8230;<\/p>\n","protected":false},"author":4,"featured_media":0,"parent":0,"menu_order":0,"comment_status":"closed","ping_status":"closed","template":"","meta":[],"_links":{"self":[{"href":"http:\/\/www2.droit.parisdescartes.fr\/master-JAI\/index.php?rest_route=\/wp\/v2\/pages\/31"}],"collection":[{"href":"http:\/\/www2.droit.parisdescartes.fr\/master-JAI\/index.php?rest_route=\/wp\/v2\/pages"}],"about":[{"href":"http:\/\/www2.droit.parisdescartes.fr\/master-JAI\/index.php?rest_route=\/wp\/v2\/types\/page"}],"author":[{"embeddable":true,"href":"http:\/\/www2.droit.parisdescartes.fr\/master-JAI\/index.php?rest_route=\/wp\/v2\/users\/4"}],"replies":[{"embeddable":true,"href":"http:\/\/www2.droit.parisdescartes.fr\/master-JAI\/index.php?rest_route=%2Fwp%2Fv2%2Fcomments&post=31"}],"version-history":[{"count":37,"href":"http:\/\/www2.droit.parisdescartes.fr\/master-JAI\/index.php?rest_route=\/wp\/v2\/pages\/31\/revisions"}],"predecessor-version":[{"id":2184,"href":"http:\/\/www2.droit.parisdescartes.fr\/master-JAI\/index.php?rest_route=\/wp\/v2\/pages\/31\/revisions\/2184"}],"wp:attachment":[{"href":"http:\/\/www2.droit.parisdescartes.fr\/master-JAI\/index.php?rest_route=%2Fwp%2Fv2%2Fmedia&parent=31"}],"curies":[{"name":"wp","href":"https:\/\/api.w.org\/{rel}","templated":true}]}}