{"id":310,"date":"2017-12-23T15:50:15","date_gmt":"2017-12-23T14:50:15","guid":{"rendered":"http:\/\/www2.droit.parisdescartes.fr\/master-JAI\/?page_id=310"},"modified":"2018-01-15T12:53:24","modified_gmt":"2018-01-15T11:53:24","slug":"contacts","status":"publish","type":"page","link":"http:\/\/www2.droit.parisdescartes.fr\/master-JAI\/?page_id=310","title":{"rendered":"Espace universitaire"},"content":{"rendered":"<div class=\"row \"><div class=\"wpv-grid grid-1-1  wpv-first-level first unextended animation-from-left animated-active\" style=\"padding-top:0px;padding-bottom:0px\" id=\"wpv-column-9bf8575fd5245749c7cff15fdc3ef4cd\" ><div class=\"row \"><div class=\"wpv-grid grid-1-1  first unextended\" style=\"padding-top:0px;padding-bottom:0px\" id=\"wpv-column-e245d06fb8e09d71de21547a2209bdf5\" ><div class=\"push\" style='height:45px'><\/div>\n<h1 style=\"text-align: center;\"><span style=\"color: #800000;\">\u00a0Nous contacter<\/span><\/h1><\/div><\/div>\n<div class=\"sep\"><\/div><\/div><\/div>\n<div class=\"row \"><div class=\"wpv-grid grid-1-1  wpv-first-level first unextended animation-from-top animated-active\" style=\"padding-top:0px;padding-bottom:0px\" id=\"wpv-column-e118fa254b93305367ae41b1d5b3acfa\" ><div class=\"row \"><div class=\"wpv-grid grid-1-1  first unextended\" style=\"padding-top:0px;padding-bottom:0px\" id=\"wpv-column-31eefbeeab709ccc73a32857189c87ad\" >\n\t<div class=\"frame\"><div id=\"google_map_331\" class=\"google_map\" style=\"height:306px;\"><\/div><\/div>\n\t<script type=\"text\/javascript\">\n\tjQuery(document).ready(function($) {\n\t\tjQuery(\"#google_map_331\").gMap({\n\t\t    zoom: 17,\n\n\n\t\t\t\t    markers:[{\n\t\t    \taddress: \"Faculty of Law University of Paris Descartes 10 Avenue Pierre Larousse 92240 Malakoff France\",\n\t\t\t\tlatitude: 0,\n\t\t    \tlongitude: 0,\n\t\t    \thtml: '',\n\t\t    \tpopup: false\t\t\t}],\n\t\t\n\t\t\tcontrols: [],\n\t\t\tmaptype: 'ROADMAP',\n\t\t    scrollwheel:false,\n\t\t    custom: {\n\t\t\t    styles: [\n\t\t\t  \t\t{\n\t\t\t\t\t\tstylers: [\n\t\t\t\t \t\t\t{ inverse_lightness: false }\n\t\t\t\t \t\t\t\t\t\t\t\t\t]\n\t\t\t  \t\t}\n\t\t\t\t]\n\t\t\t}\n\t\t});\n\t});\n\t<\/script>\n\n<\/div><\/div>\n<div class=\"row \"><div class=\"wpv-grid grid-1-1  first unextended\" style=\"padding-top:0px;padding-bottom:0px\" id=\"wpv-column-bcfadbb1deada19f99b3368b66b8a2ed\" ><div class=\"row \"><div class=\"wpv-grid grid-1-3  first unextended\" style=\"padding-top:0px;padding-bottom:0px\" id=\"wpv-column-f2daad683f658a51a6c14931078a2472\" ><div class=\"row \"><div class=\"wpv-grid grid-1-1  first unextended\" style=\"padding-top:0px;padding-bottom:0px\" id=\"wpv-column-48db0cfc2a3a44174cf27265b8507e13\" ><div class=\"push\" style='height:35px'><\/div>\n<h3 style=\"text-align: center;\"><strong>Adresse postale<\/strong><\/h3>\n<h4 style=\"text-align: center;\"><span style=\"color: #800000;\"><strong>Facult\u00e9 de Droit Paris Descartes<\/strong><\/span><br \/>\n<span style=\"color: #800000;\">10 Avenue Pierre Larousse<\/span><br \/>\n<span style=\"color: #800000;\">92240 Malakoff FRANCE<\/span><\/h4>\n<h4 style=\"text-align: center;\"><em>M\u00e9tro : Porte de Vanves (ligne 13)<\/em><br \/>\n<em> Bus : num\u00e9ro 48, 58, 95<\/em><\/h4><\/div><\/div><\/div>\n<div class=\"wpv-grid grid-1-3  unextended\" style=\"padding-top:0px;padding-bottom:0px\" id=\"wpv-column-a42ef1ecf62b9681bb6a477941d602a3\" ><div class=\"row \"><div class=\"wpv-grid grid-1-1  first unextended\" style=\"padding-top:0px;padding-bottom:0px\" id=\"wpv-column-bb78453a2fd48f020022ed6c365ef8e3\" ><div class=\"push\" style='height:35px'><\/div>\n<h3 style=\"text-align: center;\"><strong>Responsable administratif<\/strong><\/h3>\n<h4 style=\"text-align: center;\"><span style=\"color: #800000;\">Madame <strong>Fran\u00e7oise Cottereau<\/strong><\/span><\/h4>\n<h4 style=\"text-align: center;\">T\u00e9l\u00e9phone : 01 78 76 42 00<br \/>\nMail : <a href=\"mailto:francoise.cottereau@parisdescartes.fr\">francoise.cottereau@parisdescartes.fr<\/a><\/h4><\/div><\/div><\/div>\n<div class=\"wpv-grid grid-1-3  unextended\" style=\"padding-top:0px;padding-bottom:0px\" id=\"wpv-column-1e13f6a0c5d6db936725d38e951b3081\" ><div class=\"row \"><div class=\"wpv-grid grid-1-1  first unextended\" style=\"padding-top:0px;padding-bottom:0px\" id=\"wpv-column-30ef06162c191c28ebcbf2f476cb0441\" ><div class=\"push\" style='height:35px'><\/div>\n<h3 style=\"text-align: center;\"><strong>Responsable p\u00e9dagogique<\/strong><\/h3>\n<h4 style=\"text-align: center;\"><span style=\"color: #800000;\">Madame le Professeur<br \/>\n<strong>Olivera Boskovic<\/strong><\/span><\/h4>\n<h4 style=\"text-align: center;\">Mail : <a href=\"mailto:olivera.boskovic@parisdescartes.fr\">olivera.boskovic@parisdescartes.fr<\/a><\/h4><\/div><\/div><\/div><\/div><\/div><\/div><\/div><\/div>\n<div class=\"row \"><div class=\"wpv-grid grid-1-1  wpv-first-level first unextended animation-from-bottom animated-active\" style=\"padding-top:0px;padding-bottom:0px\" id=\"wpv-column-3407313ec849b0670354a4d17bba5eec\" >\t\t<div class=\"sep-text single centered\">\n\t\t\t\t\t\t\t<span class=\"sep-text-before\"><div class=\"sep-text-line\"><\/div><\/span>\n\t\t\t\t\t\t<div class=\"content\">\n\t\t\t\t<h2 class=\"text-divider-double\">Une question \u00e0 poser \u00e0 l'association du M2 ?<\/h2>\t\t\t<\/div>\n\t\t\t<span class=\"sep-text-after\"><div class=\"sep-text-line\"><\/div><\/span>\n\t\t\t\t\t<\/div>\n\t<p>\n<div class=\"wpcf7 no-js\" id=\"wpcf7-f11-o1\" lang=\"fr-FR\" dir=\"ltr\">\n<div class=\"screen-reader-response\"><p role=\"status\" aria-live=\"polite\" aria-atomic=\"true\"><\/p> <ul><\/ul><\/div>\n<form action=\"\/master-JAI\/index.php?rest_route=%2Fwp%2Fv2%2Fpages%2F310#wpcf7-f11-o1\" method=\"post\" class=\"wpcf7-form init\" aria-label=\"Formulaire de contact\" novalidate=\"novalidate\" data-status=\"init\">\n<div style=\"display: none;\">\n<input type=\"hidden\" name=\"_wpcf7\" value=\"11\" \/>\n<input type=\"hidden\" name=\"_wpcf7_version\" value=\"5.7.6\" \/>\n<input type=\"hidden\" name=\"_wpcf7_locale\" value=\"fr_FR\" \/>\n<input type=\"hidden\" name=\"_wpcf7_unit_tag\" value=\"wpcf7-f11-o1\" \/>\n<input type=\"hidden\" name=\"_wpcf7_container_post\" value=\"0\" \/>\n<input type=\"hidden\" name=\"_wpcf7_posted_data_hash\" value=\"\" \/>\n<\/div>\n<p><label> Pr\u00e9nom et nom<br \/>\n<span class=\"wpcf7-form-control-wrap\" data-name=\"your-name\"><input size=\"40\" class=\"wpcf7-form-control wpcf7-text wpcf7-validates-as-required\" aria-required=\"true\" aria-invalid=\"false\" value=\"\" type=\"text\" name=\"your-name\" \/><\/span> <\/label>\n<\/p>\n<p><label> Votre adresse mail<br \/>\n<span class=\"wpcf7-form-control-wrap\" data-name=\"your-email\"><input size=\"40\" class=\"wpcf7-form-control wpcf7-text wpcf7-email wpcf7-validates-as-required wpcf7-validates-as-email\" aria-required=\"true\" aria-invalid=\"false\" value=\"\" type=\"email\" name=\"your-email\" \/><\/span> <\/label>\n<\/p>\n<p><label> Objet<br \/>\n<span class=\"wpcf7-form-control-wrap\" data-name=\"your-subject\"><input size=\"40\" class=\"wpcf7-form-control wpcf7-text\" aria-invalid=\"false\" value=\"\" type=\"text\" name=\"your-subject\" \/><\/span> <\/label>\n<\/p>\n<p><label> Message<br \/>\n<span class=\"wpcf7-form-control-wrap\" data-name=\"your-message\"><textarea cols=\"40\" rows=\"10\" class=\"wpcf7-form-control wpcf7-textarea\" aria-invalid=\"false\" name=\"your-message\"><\/textarea><\/span> <\/label>\n<\/p>\n<p><input class=\"wpcf7-form-control has-spinner wpcf7-submit\" type=\"submit\" value=\"Envoyer\" \/>\n<\/p><div class=\"wpcf7-response-output\" aria-hidden=\"true\"><\/div>\n<\/form>\n<\/div>\n<\/div><\/div>\n","protected":false},"excerpt":{"rendered":"<p>\u00a0Nous contacter Adresse postale Facult\u00e9 de Droit Paris Descartes 10 Avenue Pierre Larousse 92240 Malakoff FRANCE M\u00e9tro : Porte de Vanves (ligne 13) Bus : num\u00e9ro 48, 58, 95 Responsable administratif Madame Fran\u00e7oise Cottereau T\u00e9l\u00e9phone : 01 78 76 42 00 Mail : francoise.cottereau@parisdescartes.fr Responsable p\u00e9dagogique Madame le Professeur Olivera Boskovic Mail : olivera.boskovic@parisdescartes.fr<\/p>\n","protected":false},"author":4,"featured_media":0,"parent":0,"menu_order":0,"comment_status":"closed","ping_status":"closed","template":"","meta":[],"_links":{"self":[{"href":"http:\/\/www2.droit.parisdescartes.fr\/master-JAI\/index.php?rest_route=\/wp\/v2\/pages\/310"}],"collection":[{"href":"http:\/\/www2.droit.parisdescartes.fr\/master-JAI\/index.php?rest_route=\/wp\/v2\/pages"}],"about":[{"href":"http:\/\/www2.droit.parisdescartes.fr\/master-JAI\/index.php?rest_route=\/wp\/v2\/types\/page"}],"author":[{"embeddable":true,"href":"http:\/\/www2.droit.parisdescartes.fr\/master-JAI\/index.php?rest_route=\/wp\/v2\/users\/4"}],"replies":[{"embeddable":true,"href":"http:\/\/www2.droit.parisdescartes.fr\/master-JAI\/index.php?rest_route=%2Fwp%2Fv2%2Fcomments&post=310"}],"version-history":[{"count":30,"href":"http:\/\/www2.droit.parisdescartes.fr\/master-JAI\/index.php?rest_route=\/wp\/v2\/pages\/310\/revisions"}],"predecessor-version":[{"id":808,"href":"http:\/\/www2.droit.parisdescartes.fr\/master-JAI\/index.php?rest_route=\/wp\/v2\/pages\/310\/revisions\/808"}],"wp:attachment":[{"href":"http:\/\/www2.droit.parisdescartes.fr\/master-JAI\/index.php?rest_route=%2Fwp%2Fv2%2Fmedia&parent=310"}],"curies":[{"name":"wp","href":"https:\/\/api.w.org\/{rel}","templated":true}]}}