{"id":44,"date":"2017-12-21T14:11:34","date_gmt":"2017-12-21T13:11:34","guid":{"rendered":"http:\/\/www2.droit.parisdescartes.fr\/master-JAI\/?page_id=44"},"modified":"2018-05-08T11:57:28","modified_gmt":"2018-05-08T09:57:28","slug":"les-enseignements","status":"publish","type":"page","link":"http:\/\/www2.droit.parisdescartes.fr\/master-JAI\/?page_id=44","title":{"rendered":"Enseignements"},"content":{"rendered":"<div class=\"row \"><div class=\"wpv-grid grid-1-1  wpv-first-level first extended animation-from-left animated-active\" style=\"padding-top:0px;padding-bottom:0px\" id=\"wpv-column-ff0d28867a7bc51a84d813edc7a9cb43\" ><div class=\"extended-column-inner\"><div class=\"row \"><div class=\"wpv-grid grid-1-1  first unextended\" style=\"padding-top:0px;padding-bottom:0px\" id=\"wpv-column-ab36569b2ec9c9fa009b997e768025c0\" ><div class=\"push\" style='height:45px'><\/div>\n<h1 style=\"text-align: center;\"><span style=\"color: #800000;\">\u00a0Enseignements<\/span><\/h1><\/div><\/div>\n<div class=\"sep\"><\/div><\/div><\/div><\/div>\n<div class=\"row \"><div class=\"wpv-grid grid-1-1  wpv-first-level first unextended\" style=\"padding-top:0px;padding-bottom:0px\" id=\"wpv-column-e10e12660e9255968a10b1ad6970bc60\" ><div class=\"push\" style='height:15px'><\/div>\n<!-- Final Tiles Grid Gallery for WordPress v3.5.6 free --><style>#ftg-1919 .tile .icon { color:#ffffff; }#ftg-1919 .ftg-items .loading-bar i { background:#666; }#ftg-1919 .ftg-items .loading-bar { background:#fff; }#ftg-1919 .tile .icon { font-size:12px; }#ftg-1919 .tile .icon { margin: -6px 0 0 -6px; }#ftg-1919 .tile .caption-block .text-wrapper span.text { font-size:12px; }#ftg-1919 .tile .caption-outside .text-wrapper span.text { font-size:12px; }#ftg-1919 .tile .caption-block .text-wrapper span.title { font-size:14px; }#ftg-1919 .tile .caption-outside .text-wrapper span.title { font-size:14px; }#ftg-1919 .tile { background-color: transparent; }#ftg-1919 .tile .caption-block .text-wrapper span.text { color: #ffffff; }#ftg-1919 .tile .caption-block .text-wrapper span.title { color: #ffffff; }#ftg-1919 .tile .caption-outside .text-wrapper span.text { color: #ffffff; }#ftg-1919 .tile .caption-outside .text-wrapper span.title { color: #ffffff; }#ftg-1919 .tile .ftg-social a { color: #ffffff; }#ftg-1919 .tile { border-radius: 4px; }#ftg-1919 .tile { box-shadow: #adadad 0px 0px 30px; }#ftg-1919 .tile .caption-block { transition-timing-function:ease; }#ftg-1919 .tile .caption-block { transition-duration:0.25s; }#ftg-1919 .tile .tile-inner:before { background-color: #aac3dd; }#ftg-1919 .tile .tile-inner:before { background-color: rgba(170, 195, 221, 0); }#ftg-1919 .tile:hover img {-moz-transform: ;-webkit-transform: ;-o-transform: ;-ms-transform: ;transform: ;}.final-tiles-gallery { margin:auto; }<\/style><a name='19'><\/a><div class='final-tiles-gallery  ftg-hover-enabled caption-inside  caption-none caption-middle caption-center' id='ftg-1919' style='width:30%'><div class='ftg-items'><div class='loading-bar'><i><\/i><\/div><div  class='tile ftg-preload  '><a title=\"\" data-lightbox='ftg-1919' rel='ftg-1919'  class=' tile-inner  ftg-lightbox' href='http:\/\/www2.droit.parisdescartes.fr\/master-JAI\/wp-content\/uploads\/2018\/05\/inaki-del-olmo-602632-unsplash-1-1024x683.jpg' ><img alt='' class='item skip-lazy' data-class='item' data-ftg-source='http:\/\/www2.droit.parisdescartes.fr\/master-JAI\/wp-content\/uploads\/2018\/05\/inaki-del-olmo-602632-unsplash-1-768x512.jpg' src='http:\/\/www2.droit.parisdescartes.fr\/master-JAI\/wp-content\/uploads\/2018\/05\/inaki-del-olmo-602632-unsplash-1-768x512.jpg' width='768' height='512' \/><\/a><div class='ftg-social'><\/div><\/div><\/div><\/div><script type='text\/javascript'>jQuery('#ftg-1919 img.item').removeAttr('src');jQuery(document).ready(function () {setTimeout(function () {jQuery('#ftg-1919').finalTilesGallery({minTileWidth: 250,margin: 0,loadMethod: 'sequential',nonce: '04f5c1789f',galleryId: '19',setupFilters: true,layout: 'columns',debug: false,gridSize: 25,disableGridSizeBelow:800,allowEnlargement: true,columns: [[4000, 1],[1024, 0],[800, 0],[480, 0],[320, 0]],selectedFilter: 'n-a'});jQuery(function () {(function () {var rel = '';jQuery('#ftg-1919 .ftg-lightbox').click(function (e) {rel = jQuery(this).attr('rel');jQuery('#ftg-1919 .ftg-current').removeClass('ftg-current');jQuery('#ftg-1919 [rel=\"'+rel+'\"]').addClass('ftg-current');});})();});}, 0);});<\/script><br \/>\n<div class=\"push\" style='height:25px'><\/div><\/div><\/div>\n<div class=\"row \"><div class=\"wpv-grid grid-1-1  wpv-first-level first has-background extended animation-from-bottom animated-active\" style=\"background-color:#fbfafa;padding-top:0px;padding-bottom:0px\" id=\"wpv-column-49f5ab12e50dd487a108b7ddd4f279e3\" ><div class=\"extended-column-inner\"><style>#wpv-column-49f5ab12e50dd487a108b7ddd4f279e3 p,#wpv-column-49f5ab12e50dd487a108b7ddd4f279e3 em,#wpv-column-49f5ab12e50dd487a108b7ddd4f279e3 .column-title,#wpv-column-49f5ab12e50dd487a108b7ddd4f279e3 .sep-text h2.regular-title-wrapper,#wpv-column-49f5ab12e50dd487a108b7ddd4f279e3 .text-divider-double,#wpv-column-49f5ab12e50dd487a108b7ddd4f279e3 .sep-text .sep-text-line,#wpv-column-49f5ab12e50dd487a108b7ddd4f279e3 .sep,#wpv-column-49f5ab12e50dd487a108b7ddd4f279e3 .sep-2,#wpv-column-49f5ab12e50dd487a108b7ddd4f279e3 .sep-3,#wpv-column-49f5ab12e50dd487a108b7ddd4f279e3 td,#wpv-column-49f5ab12e50dd487a108b7ddd4f279e3 th,#wpv-column-49f5ab12e50dd487a108b7ddd4f279e3 caption{color:#896d6d;}#wpv-column-49f5ab12e50dd487a108b7ddd4f279e3:before{background-color:transparent;}<\/style><div class=\"row \"><div class=\"wpv-grid grid-1-1  first unextended\" style=\"padding-top:0px;padding-bottom:0px\" id=\"wpv-column-644e7a5abd2a931149d334192834fb9b\" ><div class=\"push\" style='height:30px'><\/div>\n<p class=\"textcenter\"><a href=\"http:\/\/www2.droit.parisdescartes.fr\/master-JAI\/wp-content\/uploads\/2017\/12\/Juriste-daffaires-international-1.pdf\" target=\"_blank\" style='font-size: 18px;' class=\"button vamtam-button accent1  button-border hover-accent1 \"><span class='icon shortcode   use-hover' style='font-size:26px !important;color:#bc2215;'>&#57808;<\/span><span class=\"btext\">T\u00e9l\u00e9charger la plaquette du M2<\/span><\/a><\/p>\n<div class=\"push\" style='height:30px'><\/div><\/div><\/div><\/div><\/div><\/div>\n<div class=\"row \"><div class=\"wpv-grid grid-1-1  wpv-first-level first unextended\" style=\"padding-top:0px;padding-bottom:0px\" id=\"wpv-column-3410a62b95d9c2ea66664713399adca4\" ><div class=\"row \"><div class=\"wpv-grid grid-1-2  first unextended\" style=\"padding-top:0px;padding-bottom:0px\" id=\"wpv-column-dd85d19f7f4e1984bc61530581c1a142\" ><div class=\"row \"><div class=\"wpv-grid grid-1-1  first unextended\" style=\"padding-top:0px;padding-bottom:0px\" id=\"wpv-column-cb08553de3c3cfed18b84eb42304fabc\" ><div class=\"push\" style='height:25px'><\/div>\n<h2 style=\"text-align: center;\"><strong><span style=\"color: #800000;\">Droit des<br \/>\ncontrats internationaux<\/span><\/strong><\/h2>\n<div class=\"push\" style='height:2px'><\/div>\n<p style=\"text-align: center;\"><p class=\"textcenter\"><a href=\"http:\/\/recherche.parisdescartes.fr\/cedag_esl\/Equipe\/Professeurs\/Anne-SINAY-CYTERMANN\" target=\"_blank\" style='font-size: 15px;' class=\"button vamtam-button accent2  button-border hover-accent1 \"><span class=\"btext\">Madame le Professeur Anne Sinay-Cytermann<\/span><\/a><\/p>\n<div class=\"push\" style='height:3px'><\/div>\n<h4 style=\"text-align: center;\">Etude approfondie des diff\u00e9rents <strong>types de contrats internationaux<\/strong> <em>(vente internationale de marchandises et Convention de Vienne du 11 avril 1980, contrat d\u2019interm\u00e9diaire, contrat de travail international et conventions internationales qui les r\u00e9gissent).<\/em><\/h4>\n<div class=\"push\" style='height:20px'><\/div>\n<h2 style=\"text-align: center;\"><strong><span style=\"color: #800000;\">International Business<br \/>\nTransactions<\/span><\/strong><\/h2>\n<div class=\"push\" style='height:2px'><\/div>\n<p style=\"text-align: center;\"><p class=\"textcenter\"><a href=\"https:\/\/www.bredinprat.fr\/avocat\/lawyer\/jose-maria-perez\/\" target=\"_blank\" style='font-size: 15px;' class=\"button vamtam-button accent2  button-border hover-accent4 \"><span class=\"btext\">Ma\u00eetre Jos\u00e9 Mar\u00eda P\u00e9rez<\/span><\/a><\/p>\n<p style=\"text-align: center;\"><div class=\"push\" style='height:3px'><\/div>\n<h4 style=\"text-align: center;\">Etude des <strong>op\u00e9rations de fusions-acquisitions<\/strong><br \/>\n<em>(d\u00e9finition, processus, clauses contractuelles, etc.)<\/em><br \/>\net des <strong>joint-ventures transfrontali\u00e8res<\/strong>.<\/h4>\n<p style=\"text-align: center;\"><div class=\"push\" style='height:20px'><\/div>\n<h2 style=\"text-align: center;\"><strong><span style=\"color: #800000;\">Arbitrage international<\/span><\/strong><\/h2>\n<p style=\"text-align: center;\"><div class=\"push\" style='height:2px'><\/div>\n<p style=\"text-align: center;\"><p class=\"textcenter\"><a href=\"http:\/\/recherche.parisdescartes.fr\/cedag_esl\/Equipe\/Professeurs\/Olivera-BOSKOVIC\" target=\"_blank\" style='font-size: 15px;' class=\"button vamtam-button accent2  button-border hover-accent1 \"><span class=\"btext\">Madame le Professeur Olivera Boskovic<\/span><\/a><\/p>\n<p class=\"textcenter\"><a href=\"http:\/\/www.darroisvilley.com\/avocat\/carine-dupeyron\/\" target=\"_blank\" style='font-size: 15px;' class=\"button vamtam-button accent2  button-border hover-accent4 \"><span class=\"btext\">Ma\u00eetre Carine Dupeyron<\/span><\/a><\/p>\n<div class=\"push\" style='height:2px'><\/div>\n<h4 style=\"text-align: center;\">Etude de l&rsquo;<strong>arbitrage commercial<\/strong> international <em>(notion,<\/em><br \/>\n<em>sources, convention d\u2019arbitrage, instance\u00a0et sentence arbitrale)<\/em><br \/>\net de l&rsquo;<strong>arbitrage d&rsquo;investissement<\/strong> <em>(entre un Etat d&rsquo;accueil et un investisseur \u00e9tranger)<\/em>.<\/h4>\n<div class=\"push\" style='height:20px'><\/div>\n<h2 style=\"text-align: center;\"><strong><span style=\"color: #800000;\">Fiscalit\u00e9 internationale<\/span><\/strong><\/h2>\n<p style=\"text-align: center;\"><div class=\"push\" style='height:2px'><\/div>\n<p style=\"text-align: center;\"><p class=\"textcenter\"><a href=\"https:\/\/cms.law\/fr\/FRA\/Avocats\/Francois-Rontani?rfb=fr%7CFRA\" target=\"_blank\" style='font-size: 15px;' class=\"button vamtam-button accent2  button-border hover-accent4 \"><span class=\"btext\">Ma\u00eetre Fran\u00e7ois Rontani<\/span><\/a><\/p>\n<div class=\"push\" style='height:3px'><\/div>\n<h4 style=\"text-align: center;\">Etude des textes de <strong>droit fiscal interne<\/strong> visant la fiscalit\u00e9 internationale, l\u2019interpr\u00e9tation des <strong>conventions fiscales internationales<\/strong> et la <strong>fiscalit\u00e9 communautaire<\/strong>.<\/h4>\n<div class=\"push\" style='height:20px'><\/div>\n<h2 style=\"text-align: center;\"><strong><span style=\"color: #800000;\">Anglais juridique<br \/>\ndes affaires<\/span><\/strong><\/h2>\n<p style=\"text-align: center;\"><div class=\"push\" style='height:2px'><\/div>\n<p style=\"text-align: center;\"><p class=\"textcenter\"><a href=\"https:\/\/fr.wikipedia.org\/wiki\/%C3%89lise_Galp%C3%A9rine\" target=\"_blank\" style='font-size: 15px;' class=\"button vamtam-button accent2  button-border hover-accent4 \"><span class=\"btext\">Madame Elise Galp\u00e9rine<\/span><\/a><\/p>\n<div class=\"push\" style='height:3px'><\/div>\n<h4 style=\"text-align: center;\">Etude de la <strong>vente<\/strong> nationale et internationale de <strong>marchandises<\/strong><br \/>\n<strong>en droit anglais<\/strong> <em>(Sale of goods)<\/em>, ainsi que de certains<br \/>\naspects des <strong>contrats de transport<\/strong>.<br \/>\n<div class=\"push\" style='height:6px'><\/div>\nAnalyse des <strong>grands arr\u00eats<\/strong> et des lois afin de ma\u00eetriser<br \/>\nle vocabulaire et les <strong>concepts de la common law<\/strong>.<\/h4>\n<div class=\"push\" style='height:20px'><\/div>\n<h2 style=\"text-align: center;\"><strong><span style=\"color: #800000;\">Droit europ\u00e9en de<br \/>\nla propri\u00e9t\u00e9 intellectuelle<\/span><\/strong><\/h2>\n<p style=\"text-align: center;\"><div class=\"push\" style='height:2px'><\/div>\n<p style=\"text-align: center;\"><p class=\"textcenter\"><a href=\"https:\/\/www.linkedin.com\/in\/caroline-le-goffic-1103ab84\/\" target=\"_blank\" style='font-size: 15px;' class=\"button vamtam-button accent2  button-border hover-accent1 \"><span class=\"btext\">Madame Caroline Le Goffic<\/span><\/a><\/p>\n<div class=\"push\" style='height:3px'><\/div>\n<h4 style=\"text-align: center;\">Etude des <strong>aspects g\u00e9n\u00e9raux<\/strong> (libre circulation des marchandises \u2013\u00a0<em>interdiction des restrictions quantitatives entre les Etats membres et principe de non-discrimination<\/em>\u00a0\u2013 libre concurrence \u2013 <em>prohibition des ententes et des abus de position dominante<\/em>) <strong>et sp\u00e9cifiques<\/strong> (droit d&rsquo;auteur, marques et brevets) de la propri\u00e9t\u00e9 intellectuelle<br \/>\ndans l&rsquo;Union europ\u00e9enne.<\/h4>\n<div class=\"push\" style='height:20px'><\/div>\n<h2 style=\"text-align: center;\"><span style=\"color: #800000;\"><strong>Droit commercial<\/strong><\/span><br \/>\n<span style=\"color: #800000;\"><strong>compar\u00e9<\/strong><\/span><\/h2>\n<p style=\"text-align: center;\"><div class=\"push\" style='height:2px'><\/div>\n<p style=\"text-align: center;\"><p class=\"textcenter\"><a href=\"http:\/\/www.lewiscolaw.com\/people\/peter-iglikowski\/\" target=\"_blank\" style='font-size: 15px;' class=\"button vamtam-button accent2  button-border hover-accent4 \"><span class=\"btext\">Ma\u00eetre Peter Iglikowski<\/span><\/a><\/p>\n<div class=\"push\" style='height:3px'><\/div>\n<h4 style=\"text-align: center;\">Etude comparative de <strong>la Common Law<\/strong> et<br \/>\ndu <strong>droit fran\u00e7ais dans le commerce international<\/strong><br \/>\nsur l\u2019effet relatif des contrats, la r\u00e9solution des contrats<br \/>\net le droit maritime.<\/h4>\n<div class=\"push\" style='height:25px'><\/div><\/div><\/div><\/div>\n<div class=\"wpv-grid grid-1-2  unextended\" style=\"padding-top:0px;padding-bottom:0px\" id=\"wpv-column-2d88f1914fbbf89b215ee5bd53f120bd\" ><div class=\"row \"><div class=\"wpv-grid grid-1-1  first unextended\" style=\"padding-top:0px;padding-bottom:0px\" id=\"wpv-column-caccd92017adb2ff17ef1a11cb11a6c7\" ><div class=\"push\" style='height:25px'><\/div>\n<h2 style=\"text-align: center;\"><span style=\"color: #800000;\"><strong>Financements internationaux<\/strong><\/span><\/h2>\n<div class=\"push\" style='height:2px'><\/div>\n<p class=\"textcenter\"><a href=\"https:\/\/www.linkedin.com\/in\/gautier-bourdeaux-9b2b813b\/\" target=\"_blank\" style='font-size: 15px;' class=\"button vamtam-button accent2  button-border hover-accent1 \"><span class=\"btext\">Monsieur Gauthier Bourdeaux<\/span><\/a><\/p>\n<p class=\"textcenter\"><a href=\"https:\/\/www.linkedin.com\/in\/laure-brasseur-ja%C3%AFs-2777851a\/\" target=\"_blank\" style='font-size: 15px;' class=\"button vamtam-button accent2  button-border hover-accent4 \"><span class=\"btext\">Madame Laure Ja\u00efs<\/span><\/a><\/p>\n<div class=\"push\" style='height:3px'><\/div>\n<h4 style=\"text-align: center;\">Etude des <strong>cr\u00e9dits internationaux<\/strong> par signature<br \/>\nou reposant sur une transmission de cr\u00e9ance<br \/>\net des <strong>montages financiers et juridiques<\/strong>.<\/h4>\n<div class=\"push\" style='height:20px'><\/div>\n<h2 style=\"text-align: center;\"><span style=\"color: #800000;\"><strong>Gestion des<br \/>\ninvestissements internationaux<\/strong><\/span><\/h2>\n<div class=\"push\" style='height:2px'><\/div>\n<p class=\"textcenter\"><a href=\"https:\/\/www.linkedin.com\/in\/philippe-tauzin-25783614\/\" target=\"_blank\" style='font-size: 15px;' class=\"button vamtam-button accent2  button-border hover-accent4 \"><span class=\"btext\">Monsieur Philippe Tauzin<\/span><\/a><\/p>\n<div class=\"push\" style='height:3px'><\/div>\n<h4 style=\"text-align: center;\">Introduction \u00e0 la <strong>gestion des risques <\/strong>li\u00e9s aux<strong><br \/>\ninvestissements commerciaux et industriels <\/strong>\u00e0<br \/>\nl&rsquo;<strong>\u00e9chelle internationale<\/strong>.<\/h4>\n<h4 style=\"text-align: center;\">Etude approfondie du <strong>d\u00e9veloppement international<br \/>\nd&rsquo;une entreprise<\/strong> \u00e0 travers le <strong>processus de vente<\/strong><br \/>\nde ses biens et services, son <strong>implantation<\/strong> sur les<br \/>\ndiff\u00e9rents march\u00e9s mondiaux <em>(cr\u00e9ation de filiales ou<br \/>\nsuccursales)<\/em> et sa <strong>coop\u00e9ration<\/strong> avec d&rsquo;autres partenaires<br \/>\ncommerciaux <em>(caract\u00e9ristiques et objectifs d&rsquo;une<br \/>\njoint-venture, approche \u00e9conomique d&rsquo;une M&amp;A)<\/em>.<\/h4>\n<div class=\"push\" style='height:20px'><\/div>\n<h2 style=\"text-align: center;\"><span style=\"color: #800000;\"><strong>Fusions-acquisitions<br \/>\ndes soci\u00e9t\u00e9s<\/strong><\/span><\/h2>\n<div class=\"push\" style='height:2px'><\/div>\n<p class=\"textcenter\"><a href=\"http:\/\/recherche.parisdescartes.fr\/cedag_esl\/Equipe\/Professeurs\/Philippe-DIDIER\" target=\"_blank\" style='font-size: 15px;' class=\"button vamtam-button accent2  button-border hover-accent1 \"><span class=\"btext\">Monsieur le Professeur Philippe Didier<\/span><\/a><\/p>\n<div class=\"push\" style='height:3px'><\/div>\n<h4 style=\"text-align: center;\">Introduction au <strong>droit fran\u00e7ais <\/strong>des fusions-acquisitions,<br \/>\nportant principalement sur les <strong>m\u00e9canismes juridiques<br \/>\nexistants<\/strong> qui permettent pour une soci\u00e9t\u00e9<br \/>\nde <strong>prendre le contr\u00f4le d\u2019une autre soci\u00e9t\u00e9<\/strong>.<\/h4>\n<h4 style=\"text-align: center;\">Etude structur\u00e9e autour de l&rsquo;<strong>acquisition contractuelle<br \/>\ndes droits sociaux<\/strong> <em>(parts sociales et actions)<\/em>,<br \/>\ndes <strong>offres publiques d&rsquo;acquisitions <\/strong>(OPA) s&rsquo;agissant<br \/>\ndes soci\u00e9t\u00e9s cot\u00e9es, de l&rsquo;<strong>acquisition d&rsquo;actifs d&rsquo;une soci\u00e9t\u00e9<\/strong>,<br \/>\nla <strong>structure du financement<\/strong> des fusions-acquisitions<br \/>\net la <strong>notion d&rsquo;op\u00e9ration d&rsquo;absorption<\/strong><br \/>\nd&rsquo;une soci\u00e9t\u00e9 par une autre.<\/h4>\n<div class=\"push\" style='height:20px'><\/div>\n<h2 style=\"text-align: center;\"><strong><span style=\"color: #800000;\">Droit de<br \/>\nla concurrence<\/span><\/strong><\/h2>\n<div class=\"push\" style='height:2px'><\/div>\n<p class=\"textcenter\"><a href=\"https:\/\/www.linkedin.com\/in\/rafael-amaro-239b4885\/\" target=\"_blank\" style='font-size: 15px;' class=\"button vamtam-button accent2  button-border hover-accent1 \"><span class=\"btext\">Monsieur Rafael Amaro<\/span><\/a><\/p>\n<div class=\"push\" style='height:1px'><\/div>\n<h4 style=\"text-align: center;\">Introduction au <strong>droit fran\u00e7ais et europ\u00e9en<br \/>\nde la concurrence<\/strong> et \u00e9tude des <strong>principales notions<\/strong><br \/>\nainsi que ses <strong>diff\u00e9rentes proc\u00e9dures<\/strong> de mise en \u0153uvre.<br \/>\n<div class=\"push\" style='height:7px'><\/div>\nOrganisation de l&rsquo;\u00e9tude autour de <strong>s\u00e9ances th\u00e9matiques<\/strong> <em>(concurrence et distribution, concurrence et num\u00e9rique,<br \/>\nr\u00e9paration des pr\u00e9judices de concurrence, etc.)<\/em><br \/>\nau cours desquelles les \u00e9tudiants pr\u00e9sentent des<br \/>\n<strong>expos\u00e9s sur des sujets d\u2019actualit\u00e9<\/strong> suivis d\u2019une discussion <em>(parasitisme en ligne, abus de position dominante<br \/>\net g\u00e9ants du web, clauses d\u2019\u00e9lection de for et r\u00e9paration des pr\u00e9judices de concurrence, clauses de parit\u00e9 tarifaire, etc.)<\/em>.<\/h4>\n<p style=\"text-align: center;\"><div class=\"push\" style='height:5px'><\/div>\n<p class=\"textcenter\"><a href=\"https:\/\/www.linkedin.com\/in\/alice-delavergne-26105577\/\" target=\"_blank\" style='font-size: 15px;' class=\"button vamtam-button accent2  button-border hover-accent4 \"><span class=\"btext\">Madame Alice Delavergne<\/span><\/a><\/p>\n<div class=\"push\" style='height:1px'><\/div>\n<h4 style=\"text-align: center;\">Introduction au\u00a0<strong>droit fran\u00e7ais et europ\u00e9en<\/strong> relatif<br \/>\nau <strong>contr\u00f4le des concentrations <\/strong><em>(objectifs, sources,<br \/>\nnotion, seuils de contr\u00f4le et diff\u00e9rents renvois).<br \/>\n<div class=\"push\" style='height:7px'><\/div>\n<\/em>Etude approfondie de la <strong>proc\u00e9dure de contr\u00f4le<br \/>\n<\/strong> <em>(phase I et phase II)<\/em> et de l&rsquo;<strong>appr\u00e9ciation d&rsquo;une op\u00e9ration de concentration<\/strong> <em>(march\u00e9s pertinents, \u00ab\u00a0test\u00a0\u00bb et r\u00f4le des gains d&rsquo;efficience, diff\u00e9rents effets, etc.)<\/em>.<\/h4>\n<p style=\"text-align: center;\"><div class=\"push\" style='height:20px'><\/div><\/div><\/div><\/div><\/div><\/div><\/div>\n","protected":false},"excerpt":{"rendered":"<p>\u00a0Enseignements Droit des contrats internationaux Etude approfondie des diff\u00e9rents types de contrats internationaux (vente internationale de marchandises et Convention de Vienne du 11 avril 1980, contrat d\u2019interm\u00e9diaire, contrat de travail international et conventions internationales qui les r\u00e9gissent). International Business Transactions Etude des op\u00e9rations de fusions-acquisitions (d\u00e9finition, processus, clauses contractuelles, etc.) et des joint-ventures transfrontali\u00e8res. Arbitrage&#8230;<\/p>\n","protected":false},"author":4,"featured_media":0,"parent":0,"menu_order":0,"comment_status":"closed","ping_status":"closed","template":"","meta":[],"_links":{"self":[{"href":"http:\/\/www2.droit.parisdescartes.fr\/master-JAI\/index.php?rest_route=\/wp\/v2\/pages\/44"}],"collection":[{"href":"http:\/\/www2.droit.parisdescartes.fr\/master-JAI\/index.php?rest_route=\/wp\/v2\/pages"}],"about":[{"href":"http:\/\/www2.droit.parisdescartes.fr\/master-JAI\/index.php?rest_route=\/wp\/v2\/types\/page"}],"author":[{"embeddable":true,"href":"http:\/\/www2.droit.parisdescartes.fr\/master-JAI\/index.php?rest_route=\/wp\/v2\/users\/4"}],"replies":[{"embeddable":true,"href":"http:\/\/www2.droit.parisdescartes.fr\/master-JAI\/index.php?rest_route=%2Fwp%2Fv2%2Fcomments&post=44"}],"version-history":[{"count":69,"href":"http:\/\/www2.droit.parisdescartes.fr\/master-JAI\/index.php?rest_route=\/wp\/v2\/pages\/44\/revisions"}],"predecessor-version":[{"id":2056,"href":"http:\/\/www2.droit.parisdescartes.fr\/master-JAI\/index.php?rest_route=\/wp\/v2\/pages\/44\/revisions\/2056"}],"wp:attachment":[{"href":"http:\/\/www2.droit.parisdescartes.fr\/master-JAI\/index.php?rest_route=%2Fwp%2Fv2%2Fmedia&parent=44"}],"curies":[{"name":"wp","href":"https:\/\/api.w.org\/{rel}","templated":true}]}}