{"id":46,"date":"2017-12-21T14:11:46","date_gmt":"2017-12-21T13:11:46","guid":{"rendered":"http:\/\/www2.droit.parisdescartes.fr\/master-JAI\/?page_id=46"},"modified":"2018-08-13T13:38:41","modified_gmt":"2018-08-13T11:38:41","slug":"comment-candidater","status":"publish","type":"page","link":"http:\/\/www2.droit.parisdescartes.fr\/master-JAI\/?page_id=46","title":{"rendered":"Comment postuler ?"},"content":{"rendered":"<div class=\"row \"><div class=\"wpv-grid grid-1-1  wpv-first-level first unextended animation-from-left animated-active\" style=\"padding-top:0px;padding-bottom:0px\" id=\"wpv-column-893aa208dd694815d7f2b0c15fd62ae9\" ><div class=\"row \"><div class=\"wpv-grid grid-1-1  first unextended\" style=\"padding-top:0px;padding-bottom:0px\" id=\"wpv-column-a3ecb005dbb9c56bfd6ee7a7d5cd1ef9\" ><div class=\"push\" style='height:45px'><\/div>\n<h1 style=\"text-align: center;\"><span style=\"color: #800000;\">\u00a0Comment postuler ?<\/span><\/h1><\/div><\/div>\n<div class=\"sep\"><\/div><\/div><\/div>\n<div class=\"row \"><div class=\"wpv-grid grid-1-1  wpv-first-level first unextended\" style=\"padding-top:0px;padding-bottom:0px\" id=\"wpv-column-df1597c7dc74d95dcf28c4354d9b208e\" ><div class=\"push\" style='height:18px'><\/div>\n<!-- Final Tiles Grid Gallery for WordPress v3.5.6 free --><style>#ftg-4343 .tile .icon { color:#ffffff; }#ftg-4343 .ftg-items .loading-bar i { background:#666; }#ftg-4343 .ftg-items .loading-bar { background:#fff; }#ftg-4343 .tile .icon { font-size:12px; }#ftg-4343 .tile .icon { margin: -6px 0 0 -6px; }#ftg-4343 .tile .caption-block .text-wrapper span.text { font-size:12px; }#ftg-4343 .tile .caption-outside .text-wrapper span.text { font-size:12px; }#ftg-4343 .tile .caption-block .text-wrapper span.title { font-size:14px; }#ftg-4343 .tile .caption-outside .text-wrapper span.title { font-size:14px; }#ftg-4343 .tile { background-color: transparent; }#ftg-4343 .tile .caption-block .text-wrapper span.text { color: #ffffff; }#ftg-4343 .tile .caption-block .text-wrapper span.title { color: #ffffff; }#ftg-4343 .tile .caption-outside .text-wrapper span.text { color: #ffffff; }#ftg-4343 .tile .caption-outside .text-wrapper span.title { color: #ffffff; }#ftg-4343 .tile .ftg-social a { color: #ffffff; }#ftg-4343 .tile { border-radius: 4px; }#ftg-4343 .tile { box-shadow: #c6c6c6 0px 0px 17px; }#ftg-4343 .tile .caption-block { transition-timing-function:ease; }#ftg-4343 .tile .caption-block { transition-duration:0.25s; }#ftg-4343 .tile .tile-inner:before { background-color: #aac3dd; }#ftg-4343 .tile .tile-inner:before { background-color: rgba(170, 195, 221, 0); }#ftg-4343 .tile:hover img {-moz-transform: ;-webkit-transform: ;-o-transform: ;-ms-transform: ;transform: ;}.final-tiles-gallery { margin:auto; }<\/style><a name='43'><\/a><div class='final-tiles-gallery  ftg-hover-enabled caption-inside  caption-none caption-middle caption-center' id='ftg-4343' style='width:36%'><div class='ftg-items'><div class='loading-bar'><i><\/i><\/div><div  class='tile ftg-preload  '><a title=\"\" data-lightbox='ftg-4343' rel='ftg-4343'  class=' tile-inner  ftg-lightbox' href='http:\/\/www2.droit.parisdescartes.fr\/master-JAI\/wp-content\/uploads\/2018\/05\/We_want_you__c__BartPhoto.jpg' ><img alt='' class='item skip-lazy' data-class='item' data-ftg-source='http:\/\/www2.droit.parisdescartes.fr\/master-JAI\/wp-content\/uploads\/2018\/05\/We_want_you__c__BartPhoto.jpg' src='http:\/\/www2.droit.parisdescartes.fr\/master-JAI\/wp-content\/uploads\/2018\/05\/We_want_you__c__BartPhoto.jpg' width='739' height='301' \/><\/a><div class='ftg-social'><\/div><\/div><\/div><\/div><script type='text\/javascript'>jQuery('#ftg-4343 img.item').removeAttr('src');jQuery(document).ready(function () {setTimeout(function () {jQuery('#ftg-4343').finalTilesGallery({minTileWidth: 250,margin: 0,loadMethod: 'sequential',nonce: '04f5c1789f',galleryId: '43',setupFilters: true,layout: 'columns',debug: false,gridSize: 25,disableGridSizeBelow:800,allowEnlargement: true,columns: [[4000, 1],[1024, 0],[800, 0],[480, 0],[320, 0]],selectedFilter: 'n-a'});jQuery(function () {(function () {var rel = '';jQuery('#ftg-4343 .ftg-lightbox').click(function (e) {rel = jQuery(this).attr('rel');jQuery('#ftg-4343 .ftg-current').removeClass('ftg-current');jQuery('#ftg-4343 [rel=\"'+rel+'\"]').addClass('ftg-current');});})();});}, 0);});<\/script><br \/>\n<div class=\"push\" style='height:28px'><\/div><\/div><\/div>\n<div class=\"row \"><div class=\"wpv-grid grid-1-1  wpv-first-level first unextended\" style=\"padding-top:0px;padding-bottom:0px\" id=\"wpv-column-e7572f9f9d93780f5fb0b387eeab184a\" ><div class=\"row \"><div class=\"wpv-grid grid-1-1  first unextended\" style=\"padding-top:0px;padding-bottom:0px\" id=\"wpv-column-176f56e317b9b6e44455ef3cc4635cd4\" ><h2 style=\"text-align: center;\"><span style=\"color: #ab0707;\">Admission apr\u00e8s<br \/>\nle <strong>Master 1<\/strong> ou le <strong>Master 2<\/strong><\/span><\/h2>\n<div class=\"push\" style='height:6px'><\/div>\n<h3 style=\"text-align: center;\">Selon les profils :<\/h3><\/div><\/div>\n<div class=\"row \"><div class=\"wpv-grid grid-1-6  first unextended\" style=\"padding-top:0px;padding-bottom:0px\" id=\"wpv-column-c89354f040cc669d4b54faef60447599\" ><p><span style=\"color: #ffffff;\">fff<\/span><\/div>\n<div class=\"wpv-grid grid-1-3  unextended\" style=\"padding-top:0px;padding-bottom:0px\" id=\"wpv-column-836617ddd39dd6fb50bc251de1fdff69\" ><div class=\"push\" style='height:1px'><\/div>\n<h3 style=\"text-align: center;\"><strong>Admission directement<br \/>\nsur dossier<\/strong> au regard de l&rsquo;ensemble<br \/>\ndu parcours de l&rsquo;\u00e9tudiant<\/h3><\/div>\n<div class=\"wpv-grid grid-1-3  unextended\" style=\"padding-top:0px;padding-bottom:0px\" id=\"wpv-column-73c478c7759a0fdcb263a867104b445a\" ><div class=\"push\" style='height:1px'><\/div>\n<h3 style=\"text-align: center;\"><strong>Pr\u00e9s\u00e9lection sur dossier<\/strong><br \/>\net <strong>entretien<\/strong> avec la<br \/>\nresponsable du Master<\/h3><\/div>\n<div class=\"wpv-grid grid-1-6  unextended\" style=\"padding-top:0px;padding-bottom:0px\" id=\"wpv-column-3ec57334e97152be44f761e93b33336d\" ><p><span style=\"color: #ffffff;\">fff<\/span><\/div><\/div><\/div><\/div>\n<div class=\"row \"><div class=\"wpv-grid grid-1-1  wpv-first-level first unextended\" style=\"padding-top:0px;padding-bottom:0px\" id=\"wpv-column-8586c9cdda66d756bb2bd4cb362474ef\" ><div class=\"push\" style='height:55px'><\/div><\/div><\/div>\n<div class=\"row \"><div class=\"wpv-grid grid-1-1  wpv-first-level first has-background extended\" style=\"background-color:#f4f4f4;padding-top:0px;padding-bottom:0px\" id=\"wpv-column-802bb546af1070404e81b8d8a0779f1f\" ><div class=\"extended-column-inner\"><style>#wpv-column-802bb546af1070404e81b8d8a0779f1f p,#wpv-column-802bb546af1070404e81b8d8a0779f1f em,#wpv-column-802bb546af1070404e81b8d8a0779f1f .column-title,#wpv-column-802bb546af1070404e81b8d8a0779f1f .sep-text h2.regular-title-wrapper,#wpv-column-802bb546af1070404e81b8d8a0779f1f .text-divider-double,#wpv-column-802bb546af1070404e81b8d8a0779f1f .sep-text .sep-text-line,#wpv-column-802bb546af1070404e81b8d8a0779f1f .sep,#wpv-column-802bb546af1070404e81b8d8a0779f1f .sep-2,#wpv-column-802bb546af1070404e81b8d8a0779f1f .sep-3,#wpv-column-802bb546af1070404e81b8d8a0779f1f td,#wpv-column-802bb546af1070404e81b8d8a0779f1f th,#wpv-column-802bb546af1070404e81b8d8a0779f1f caption{color:#757575;}#wpv-column-802bb546af1070404e81b8d8a0779f1f:before{background-color:transparent;}<\/style><div class=\"row \"><div class=\"wpv-grid grid-3-4  first unextended\" style=\"padding-top:0px;padding-bottom:0px\" id=\"wpv-column-f37af653def73cac479da1afe26455d6\" ><div class=\"row \"><div class=\"wpv-grid grid-1-1  first unextended\" style=\"padding-top:0px;padding-bottom:0px\" id=\"wpv-column-2d7457e8e1e33372d6e1d6f8f283732e\" ><div class=\"push\" style='height:25px'><\/div>\n<h2 style=\"text-align: center;\"><span style=\"color: #800000;\">Crit\u00e8res privil\u00e9gi\u00e9s<\/span><\/h2><\/div><\/div>\n<div class=\"row \"><div class=\"wpv-grid grid-1-3  first unextended\" style=\"padding-top:0px;padding-bottom:0px\" id=\"wpv-column-080fae523d743ffbc21c6d8357a709d2\" ><h3 style=\"text-align: center;\">Bonnes connaissances en <strong>droit des affaires<\/strong>, droit fiscal, arbitrage et <strong>droit international priv\u00e9<\/strong> vivement conseill\u00e9es<\/h3>\n<div class=\"push\" style='height:35px'><\/div><\/div>\n<div class=\"wpv-grid grid-1-3  unextended\" style=\"padding-top:0px;padding-bottom:0px\" id=\"wpv-column-d36baa8388dea770a1663d7c715003f9\" ><h3 style=\"text-align: center;\"><strong>Ma\u00eetrise des langues \u00e9trang\u00e8res<\/strong> <em>(typiquement l&rsquo;anglais)<\/em> et s\u00e9jours \u00e0<br \/>\nl\u2019\u00e9tranger <em>(Erasmus, LL. M)<\/em><br \/>\nparticuli\u00e8rement valoris\u00e9s<\/h3>\n<div class=\"push\" style='height:35px'><\/div><\/div>\n<div class=\"wpv-grid grid-1-3  unextended\" style=\"padding-top:0px;padding-bottom:0px\" id=\"wpv-column-587a763d1680c577c1168310069c5409\" ><h3 style=\"text-align: center;\"><strong>Exp\u00e9riences professionnelles juridiques<\/strong> en cabinet ou en entreprise tr\u00e8s appr\u00e9ci\u00e9es<\/h3>\n<div class=\"push\" style='height:35px'><\/div><\/div><\/div><\/div>\n<div class=\"wpv-grid grid-1-4  unextended\" style=\"padding-top:0px;padding-bottom:0px\" id=\"wpv-column-5f487a1a20c8c2911ed07cb090c472e0\" ><div class=\"row \"><div class=\"wpv-grid grid-1-1  first unextended\" style=\"padding-top:0px;padding-bottom:0px\" id=\"wpv-column-81617fcd838c862314ee8ba7d22b2536\" ><div class=\"push\" style='height:25px'><\/div>\n<h2 style=\"text-align: center;\"><span style=\"color: #800000;\">Effectifs<\/span><\/h2><\/div><\/div>\n<div class=\"row \"><div class=\"wpv-grid grid-1-1  first unextended\" style=\"padding-top:0px;padding-bottom:0px\" id=\"wpv-column-fc8dbd66708e854d62b4f12c5f39f4be\" ><h3 style=\"text-align: center;\"><span style=\"color: #ab0202;\">Nombre de<\/span><br \/>\n<span style=\"color: #ab0202;\">candidatures :<\/span><\/h3>\n<h4 style=\"text-align: center;\"><span style=\"color: #ab0202;\"><strong>\u2248 700<\/strong><\/span><\/h4>\n<div class=\"push\" style='height:3px'><\/div>\n<h3 style=\"text-align: center;\"><span style=\"color: #ab0202;\">Nombre d&rsquo;admis :<\/span><\/h3>\n<h4 style=\"text-align: center;\"><span style=\"color: #ab0202;\"><strong>\u2248 20-25<\/strong><\/span><\/h4>\n<div class=\"push\" style='height:35px'><\/div><\/div><\/div><\/div><\/div><\/div><\/div><\/div>\n<div class=\"row \"><div class=\"wpv-grid grid-1-1  wpv-first-level first has-background extended animation-from-bottom animated-active\" style=\"background-color:#ffffff;padding-top:0px;padding-bottom:0px\" id=\"wpv-column-6939f69dcb0a0249fe34bda55cbe345a\" ><div class=\"extended-column-inner\"><style>#wpv-column-6939f69dcb0a0249fe34bda55cbe345a p,#wpv-column-6939f69dcb0a0249fe34bda55cbe345a em,#wpv-column-6939f69dcb0a0249fe34bda55cbe345a .column-title,#wpv-column-6939f69dcb0a0249fe34bda55cbe345a .sep-text h2.regular-title-wrapper,#wpv-column-6939f69dcb0a0249fe34bda55cbe345a .text-divider-double,#wpv-column-6939f69dcb0a0249fe34bda55cbe345a .sep-text .sep-text-line,#wpv-column-6939f69dcb0a0249fe34bda55cbe345a .sep,#wpv-column-6939f69dcb0a0249fe34bda55cbe345a .sep-2,#wpv-column-6939f69dcb0a0249fe34bda55cbe345a .sep-3,#wpv-column-6939f69dcb0a0249fe34bda55cbe345a td,#wpv-column-6939f69dcb0a0249fe34bda55cbe345a th,#wpv-column-6939f69dcb0a0249fe34bda55cbe345a caption{color:#808080;}#wpv-column-6939f69dcb0a0249fe34bda55cbe345a:before{background-color:transparent;}<\/style><div class=\"row \"><div class=\"wpv-grid grid-1-1  first unextended\" style=\"padding-top:0px;padding-bottom:0px\" id=\"wpv-column-c0b30b1b4155e1dc935529bdb1e8db47\" ><div class=\"push\" style='height:25px'><\/div>\n<h2 style=\"text-align: center;\"><span style=\"color: #800000;\">Modalit\u00e9s de candidature<\/span><\/h2><\/div><\/div>\n<div class=\"row \"><div class=\"wpv-grid grid-1-1  first unextended\" style=\"padding-top:0px;padding-bottom:0px\" id=\"wpv-column-fdb251aa38ef3f6fde0755616815734d\" ><h3 style=\"text-align: center;\"><strong><span style=\"color: #ab0707;\">Proc\u00e9dure enti\u00e8rement d\u00e9mat\u00e9rialis\u00e9e<\/span><\/strong><\/h3><\/div><\/div>\n<div class=\"row \"><div class=\"wpv-grid grid-1-1  first unextended\" style=\"padding-top:0px;padding-bottom:0px\" id=\"wpv-column-e5bab3eca34a03977de31a74a4c20fbb\" ><div class=\"row \"><div class=\"wpv-grid grid-1-1  first unextended\" style=\"padding-top:0px;padding-bottom:0px\" id=\"wpv-column-473250550ca163fae131df19f439a785\" ><div class=\"push\" style='height:5px'><\/div>\n<h3 style=\"text-align: center;\">Candidature en ligne sur le<strong> portail eCandidat<\/strong><\/h3>\n<p class=\"textcenter\"><a href=\"https:\/\/appt.parisdescartes.fr\/eCandidat\/#!accueilView\" target=\"_blank\" style='font-size: 14px;' class=\"button vamtam-button accent3  button-filled-small hover-accent1 \"><span class=\"btext\">Portail eCandidat<\/span><\/a><\/p>\n<div class=\"push\" style='height:2px'><\/div>\n<h3 style=\"text-align: center;\"><strong>Constitution du dossier pour transmission en ligne<strong><br \/>\n<em>(document \u00e0 scanner en PDF de pr\u00e9f\u00e9rence)\u00a0<\/em><\/strong><\/strong>:<\/h3><\/div><\/div>\n<div class=\"row \"><div class=\"wpv-grid grid-1-6  first unextended\" style=\"padding-top:0px;padding-bottom:0px\" id=\"wpv-column-b9d5991118a264562a3fe548dc6fac9c\" ><div class=\"push\" style='height:1px'><\/div>\n<h4 style=\"text-align: center;\">Lettre de motivation<br \/>\n<em>(manuscrite<\/em><br \/>\n<em>ou dactylographi\u00e9e)<\/em><\/h4><\/div>\n<div class=\"wpv-grid grid-1-3  unextended\" style=\"padding-top:0px;padding-bottom:0px\" id=\"wpv-column-42f2d0628c6a65e646e4176ac941888e\" ><div class=\"push\" style='height:1px'><\/div>\n<h4 style=\"text-align: center;\">Curriculum Vitae<br \/>\n<em>(\u00e9tudes, exp\u00e9riences professionnelles &#8211; stages, s\u00e9minaires, niveau de<\/em><br \/>\n<em>langue et d&rsquo;informatique)<\/em><\/h4><\/div>\n<div class=\"wpv-grid grid-1-4  unextended\" style=\"padding-top:0px;padding-bottom:0px\" id=\"wpv-column-389623f4b5b73ade93ab83d7745b4d65\" ><div class=\"push\" style='height:1px'><\/div>\n<h4 style=\"text-align: center;\">Photocopies du dipl\u00f4me de M1 (ou \u00e9quivalent) OU attestation de r\u00e9ussite au M1<\/h4><\/div>\n<div class=\"wpv-grid grid-1-4  unextended\" style=\"padding-top:0px;padding-bottom:0px\" id=\"wpv-column-30469160ea1721b1e7ca367692d08eb3\" ><div class=\"push\" style='height:1px'><\/div>\n<h4 style=\"text-align: center;\">Photocopies des relev\u00e9s<br \/>\nde notes des 3 ann\u00e9es de licence et le M1 (ou \u00e9quivalent)<\/h4><\/div><\/div>\n<div class=\"row \"><div class=\"wpv-grid grid-1-1  first unextended\" style=\"padding-top:0px;padding-bottom:0px\" id=\"wpv-column-6755e66f5298cffe32c7b55ede655958\" ><div class=\"push\" style='height:4px'><\/div>\n<h3 style=\"text-align: center;\"><span style=\"color: #800000;\"><span class=\"custom\">La candidature ne sera examin\u00e9e qu\u2019<\/span><strong><span class=\"custom\">apr\u00e8s<br \/>\nle d\u00e9p\u00f4t de l\u2019int\u00e9gralit\u00e9 des pi\u00e8ces du dossier en ligne<br \/>\nsur le portail eCandidat<\/span><\/strong><\/span><\/h3>\n<p class=\"textcenter\"><a href=\"https:\/\/appt.parisdescartes.fr\/eCandidat\/#!assistanceView\" target=\"_blank\" style='font-size: 14px;' class=\"button vamtam-button accent3  button-filled-small hover-accent1 \"><span class=\"btext\">Aide \u00e0 l&rsquo;application eCandidat<\/span><\/a><\/p><\/div><\/div><\/div><\/div><\/div><\/div><\/div>\n","protected":false},"excerpt":{"rendered":"<p>\u00a0Comment postuler ? Admission apr\u00e8s le Master 1 ou le Master 2 Selon les profils : fff Admission directement sur dossier au regard de l&rsquo;ensemble du parcours de l&rsquo;\u00e9tudiant Pr\u00e9s\u00e9lection sur dossier et entretien avec la responsable du Master fff Crit\u00e8res privil\u00e9gi\u00e9s Bonnes connaissances en droit des affaires, droit fiscal, arbitrage et droit international priv\u00e9&#8230;<\/p>\n","protected":false},"author":4,"featured_media":0,"parent":0,"menu_order":0,"comment_status":"closed","ping_status":"closed","template":"","meta":[],"_links":{"self":[{"href":"http:\/\/www2.droit.parisdescartes.fr\/master-JAI\/index.php?rest_route=\/wp\/v2\/pages\/46"}],"collection":[{"href":"http:\/\/www2.droit.parisdescartes.fr\/master-JAI\/index.php?rest_route=\/wp\/v2\/pages"}],"about":[{"href":"http:\/\/www2.droit.parisdescartes.fr\/master-JAI\/index.php?rest_route=\/wp\/v2\/types\/page"}],"author":[{"embeddable":true,"href":"http:\/\/www2.droit.parisdescartes.fr\/master-JAI\/index.php?rest_route=\/wp\/v2\/users\/4"}],"replies":[{"embeddable":true,"href":"http:\/\/www2.droit.parisdescartes.fr\/master-JAI\/index.php?rest_route=%2Fwp%2Fv2%2Fcomments&post=46"}],"version-history":[{"count":98,"href":"http:\/\/www2.droit.parisdescartes.fr\/master-JAI\/index.php?rest_route=\/wp\/v2\/pages\/46\/revisions"}],"predecessor-version":[{"id":2159,"href":"http:\/\/www2.droit.parisdescartes.fr\/master-JAI\/index.php?rest_route=\/wp\/v2\/pages\/46\/revisions\/2159"}],"wp:attachment":[{"href":"http:\/\/www2.droit.parisdescartes.fr\/master-JAI\/index.php?rest_route=%2Fwp%2Fv2%2Fmedia&parent=46"}],"curies":[{"name":"wp","href":"https:\/\/api.w.org\/{rel}","templated":true}]}}