{"id":522,"date":"2017-12-24T13:03:35","date_gmt":"2017-12-24T12:03:35","guid":{"rendered":"http:\/\/www2.droit.parisdescartes.fr\/master-JAI\/?page_id=522"},"modified":"2018-05-08T00:25:04","modified_gmt":"2018-05-07T22:25:04","slug":"remerciements","status":"publish","type":"page","link":"http:\/\/www2.droit.parisdescartes.fr\/master-JAI\/?page_id=522","title":{"rendered":"Remerciements"},"content":{"rendered":"<div class=\"row \"><div class=\"wpv-grid grid-1-1  wpv-first-level first unextended animation-from-left animated-active\" style=\"padding-top:0px;padding-bottom:0px\" id=\"wpv-column-f9157d736816fde4c40129e129efb349\" ><div class=\"row \"><div class=\"wpv-grid grid-1-1  first unextended\" style=\"padding-top:0px;padding-bottom:0px\" id=\"wpv-column-42f34da14df3d8d8e0648d5e1e38e26a\" ><div class=\"push\" style='height:45px'><\/div>\n<h1 style=\"text-align: center;\"><span style=\"color: #800000;\">\u00a0Remerciements<\/span><\/h1><\/div><\/div>\n<div class=\"sep\"><\/div><\/div><\/div>\n<div class=\"row \"><div class=\"wpv-grid grid-1-1  wpv-first-level first unextended\" style=\"padding-top:0px;padding-bottom:0px\" id=\"wpv-column-e45cce8b8334c90239a6c8243f3e37a6\" ><div class=\"row \"><div class=\"wpv-grid grid-1-1  first unextended\" style=\"padding-top:0px;padding-bottom:0px\" id=\"wpv-column-052fa2b129590bb739b4443bc3ab17f1\" ><div class=\"push\" style='height:25px'><\/div>\n<!-- Final Tiles Grid Gallery for WordPress v3.5.6 free --><style>#ftg-1818 .tile .icon { color:#ffffff; }#ftg-1818 .ftg-items .loading-bar i { background:#666; }#ftg-1818 .ftg-items .loading-bar { background:#fff; }#ftg-1818 .tile .icon { font-size:12px; }#ftg-1818 .tile .icon { margin: -6px 0 0 -6px; }#ftg-1818 .tile .caption-block .text-wrapper span.text { font-size:12px; }#ftg-1818 .tile .caption-outside .text-wrapper span.text { font-size:12px; }#ftg-1818 .tile .caption-block .text-wrapper span.title { font-size:14px; }#ftg-1818 .tile .caption-outside .text-wrapper span.title { font-size:14px; }#ftg-1818 .tile { background-color: transparent; }#ftg-1818 .tile .caption-block .text-wrapper span.text { color: #ffffff; }#ftg-1818 .tile .caption-block .text-wrapper span.title { color: #ffffff; }#ftg-1818 .tile .caption-outside .text-wrapper span.text { color: #ffffff; }#ftg-1818 .tile .caption-outside .text-wrapper span.title { color: #ffffff; }#ftg-1818 .tile .ftg-social a { color: #ffffff; }#ftg-1818 .tile { border-radius: 4px; }#ftg-1818 .tile { box-shadow: #d6d6d6 0px 0px 20px; }#ftg-1818 .tile .caption-block { transition-timing-function:ease; }#ftg-1818 .tile .caption-block { transition-duration:0.25s; }#ftg-1818 .tile .tile-inner:before { background-color: #aac3dd; }#ftg-1818 .tile .tile-inner:before { background-color: rgba(170, 195, 221, 0); }#ftg-1818 .tile:hover img {-moz-transform: ;-webkit-transform: ;-o-transform: ;-ms-transform: ;transform: ;}.final-tiles-gallery { margin:auto; }<\/style><a name='18'><\/a><div class='final-tiles-gallery  ftg-hover-enabled caption-inside  caption-none caption-middle caption-center' id='ftg-1818' style='width:34%'><div class='ftg-items'><div class='loading-bar'><i><\/i><\/div><div  class='tile ftg-preload  '><a title=\"\" data-lightbox='ftg-1818' rel='ftg-1818'  class=' tile-inner  ftg-lightbox' href='http:\/\/www2.droit.parisdescartes.fr\/master-JAI\/wp-content\/uploads\/2018\/05\/download.jpeg' ><img alt='' class='item skip-lazy' data-class='item' data-ftg-source='http:\/\/www2.droit.parisdescartes.fr\/master-JAI\/wp-content\/uploads\/2018\/05\/download.jpeg' src='http:\/\/www2.droit.parisdescartes.fr\/master-JAI\/wp-content\/uploads\/2018\/05\/download.jpeg' width='800' height='533' \/><\/a><div class='ftg-social'><\/div><\/div><\/div><\/div><script type='text\/javascript'>jQuery('#ftg-1818 img.item').removeAttr('src');jQuery(document).ready(function () {setTimeout(function () {jQuery('#ftg-1818').finalTilesGallery({minTileWidth: 250,margin: 0,loadMethod: 'sequential',nonce: '04f5c1789f',galleryId: '18',setupFilters: true,layout: 'columns',debug: false,gridSize: 25,disableGridSizeBelow:800,allowEnlargement: true,columns: [[4000, 1],[1024, 0],[800, 0],[480, 0],[320, 0]],selectedFilter: 'n-a'});jQuery(function () {(function () {var rel = '';jQuery('#ftg-1818 .ftg-lightbox').click(function (e) {rel = jQuery(this).attr('rel');jQuery('#ftg-1818 .ftg-current').removeClass('ftg-current');jQuery('#ftg-1818 [rel=\"'+rel+'\"]').addClass('ftg-current');});})();});}, 0);});<\/script><br \/>\n<div class=\"push\" style='height:15px'><\/div>\n<h2 style=\"text-align: center;\">Suite aux nombreuses heures pass\u00e9es pendant l&rsquo;ann\u00e9e universitaire, nous tenons \u00e0 remercier chaleureusement, pour leur pr\u00e9cieuse aide dans la r\u00e9alisation du site du Master :<\/h2>\n<div class=\"push\" style='height:25px'><\/div><\/div><\/div>\n<div class=\"row \"><div class=\"wpv-grid grid-1-3  first unextended\" style=\"padding-top:0px;padding-bottom:0px\" id=\"wpv-column-70775efed94daedd3cc8a1b2140d319a\" ><div class=\"row \"><div class=\"wpv-grid grid-1-1  first unextended\" style=\"padding-top:0px;padding-bottom:0px\" id=\"wpv-column-a4f2da3a344940dcba05a8bdf74bfd59\" ><h3 style=\"text-align: center;\"><strong>Cr\u00e9ation originale du site<br \/>\net Webmaster<\/strong><\/h3>\n<h4 style=\"text-align: center;\"><strong><span style=\"color: #800000;\">Sarah Emile<\/span><\/strong> \u2022 Charg\u00e9e de<br \/>\ncommunication du M2 JAI \u2022<br \/>\n<em>Promotion 2017\/2018<\/em><span style=\"color: #800000;\"><br \/>\n<\/span><\/h4><\/div><\/div><\/div>\n<div class=\"wpv-grid grid-1-3  unextended\" style=\"padding-top:0px;padding-bottom:0px\" id=\"wpv-column-95a6fcdd27fb800973552243b0f56dd5\" ><div class=\"row \"><div class=\"wpv-grid grid-1-1  first unextended\" style=\"padding-top:0px;padding-bottom:0px\" id=\"wpv-column-90bb1bc8bf2cf4d37ed602f7bf707f16\" ><h3 style=\"text-align: center;\"><strong>Support technique<br \/>\ndu site<\/strong><\/h3>\n<h4 style=\"text-align: center;\"><span style=\"color: #800000;\">Monsieur<strong> Christian Berjamin<\/strong><\/span> \u2022<br \/>\nResponsable du service informatique<br \/>\nde la Facult\u00e9 de Droit Paris-Descartes<\/h4><\/div><\/div><\/div>\n<div class=\"wpv-grid grid-1-3  unextended\" style=\"padding-top:0px;padding-bottom:0px\" id=\"wpv-column-473337152ffe50a68d4a6fd75e335785\" ><div class=\"row \"><div class=\"wpv-grid grid-1-1  first unextended\" style=\"padding-top:0px;padding-bottom:0px\" id=\"wpv-column-d68ef90e487e3d623ac5222f44e3f5d9\" ><h3 style=\"text-align: center;\"><strong>Enseignant ayant contribu\u00e9 au contenu du site<\/strong><\/h3>\n<h4 style=\"text-align: center;\"><span style=\"color: #800000;\">Madame le Professeur <strong>Olivera Boskovic<\/strong><\/span> \u2022 Directrice du M2 JAI<\/h4><\/div><\/div><\/div><\/div><\/div><\/div>\n<div class=\"row \"><div class=\"wpv-grid grid-1-1  wpv-first-level first unextended\" style=\"padding-top:0px;padding-bottom:0px\" id=\"wpv-column-73f29a8c743fb09ff87667dac297dc1f\" ><div class=\"push\" style='height:20px'><\/div><\/div><\/div>\n","protected":false},"excerpt":{"rendered":"<p>\u00a0Remerciements Suite aux nombreuses heures pass\u00e9es pendant l&rsquo;ann\u00e9e universitaire, nous tenons \u00e0 remercier chaleureusement, pour leur pr\u00e9cieuse aide dans la r\u00e9alisation du site du Master : Cr\u00e9ation originale du site et Webmaster Sarah Emile \u2022 Charg\u00e9e de communication du M2 JAI \u2022 Promotion 2017\/2018 Support technique du site Monsieur Christian Berjamin \u2022 Responsable du service&#8230;<\/p>\n","protected":false},"author":4,"featured_media":0,"parent":0,"menu_order":0,"comment_status":"closed","ping_status":"closed","template":"","meta":[],"_links":{"self":[{"href":"http:\/\/www2.droit.parisdescartes.fr\/master-JAI\/index.php?rest_route=\/wp\/v2\/pages\/522"}],"collection":[{"href":"http:\/\/www2.droit.parisdescartes.fr\/master-JAI\/index.php?rest_route=\/wp\/v2\/pages"}],"about":[{"href":"http:\/\/www2.droit.parisdescartes.fr\/master-JAI\/index.php?rest_route=\/wp\/v2\/types\/page"}],"author":[{"embeddable":true,"href":"http:\/\/www2.droit.parisdescartes.fr\/master-JAI\/index.php?rest_route=\/wp\/v2\/users\/4"}],"replies":[{"embeddable":true,"href":"http:\/\/www2.droit.parisdescartes.fr\/master-JAI\/index.php?rest_route=%2Fwp%2Fv2%2Fcomments&post=522"}],"version-history":[{"count":27,"href":"http:\/\/www2.droit.parisdescartes.fr\/master-JAI\/index.php?rest_route=\/wp\/v2\/pages\/522\/revisions"}],"predecessor-version":[{"id":2054,"href":"http:\/\/www2.droit.parisdescartes.fr\/master-JAI\/index.php?rest_route=\/wp\/v2\/pages\/522\/revisions\/2054"}],"wp:attachment":[{"href":"http:\/\/www2.droit.parisdescartes.fr\/master-JAI\/index.php?rest_route=%2Fwp%2Fv2%2Fmedia&parent=522"}],"curies":[{"name":"wp","href":"https:\/\/api.w.org\/{rel}","templated":true}]}}